{"id":23629,"date":"2020-03-06T01:03:19","date_gmt":"2020-03-06T00:03:19","guid":{"rendered":"https:\/\/www.rallyclassics.club\/?page_id=23629"},"modified":"2020-03-06T21:08:00","modified_gmt":"2020-03-06T20:08:00","slug":"68-rally-costa-brava-tablon-de-anuncios","status":"publish","type":"page","link":"https:\/\/rallyclassics.club\/fr\/68-rally-costa-brava-tablon-de-anuncios\/","title":{"rendered":"68 Rally Costa Brava 2020 &#8211; Tableau d&rsquo;Affichage"},"content":{"rendered":"<p><div class=\"title\"><h1>Tableau d&rsquo;Affichage<\/h1><div class=\"title-sep-container\"><div class=\"title-sep\"><\/div><\/div><\/div><img loading=\"lazy\" decoding=\"async\" class=\"alignnone size-full wp-image-308\" src=\"\/wp-content\/uploads\/2020\/02\/68rcb_980x300cc.jpg\" alt=\"68 Rally Costa Brava\" width=\"980\" height=\"380\" \/><\/p>\n<div class=\"title\"><h2>Newsletters et communiqu\u00e9s de presse<\/h2><div class=\"title-sep-container\"><div class=\"title-sep\"><\/div><\/div><\/div>\n<div class=\"shared-files-embed-69e49d87882ce shared-files-main-container\" data-elem-class=\"shared-files-embed-69e49d87882ce\" data-search-type=\"0\" data-post-id=\"23829\"><div id=\"shared-files-default\" class=\"shared-files-container shared-files-type-category shared-files-4-cards-on-the-same-row\"><div class=\"shared-files-search\"><div class=\"shared-files-files-found\"><\/div><span class=\"shared-files-one-file-found\">fichier trouv\u00e9.<\/span><span class=\"shared-files-more-than-one-file-found\">fichiers trouv\u00e9s.<\/span><ul class=\"shared-files-main-file-list shared-files-ajax-list\"><li class=\"shared-files-card-23837\"><div class=\"shared-files-main-elements\"><div class=\"shared-files-main-elements-left\" style=\"background-image: url(https:\/\/rallyclassics.club\/wp-content\/plugins\/shared-files-pro\/img\/2020\/pdf.svg);\"><\/div><div class=\"shared-files-main-elements-right\"><a class=\"shared-files-file-title\"  data-file-type=\"\"  data-file-url=\"\/shared-files\/23837\/68RCB_TABLA-DE-MEDIAS-2020_V1.pdf\"  data-external-url=\"\"  data-image-url=\"\" href=\"\/shared-files\/23837\/68RCB_TABLA-DE-MEDIAS-2020_V1.pdf\" target=\"_blank\">Moyennes Regularite<\/a><span class=\"shared-file-size\">208.28 KB<\/span><a href=\"https:\/\/docs.google.com\/gview?url=https%3A%2F%2Frallyclassics.club%2Fshared-files%2F23837%2F68RCB_TABLA-DE-MEDIAS-2020_V1.pdf\" target=\"_blank\" class=\"shared-files-preview-button\">Preview<\/a><span class=\"shared-file-date\">mercredi 11 mars 2020<\/span><div class=\"shared-files-file-categories-container\"><span class=\"shared-files-category\">Bulletins et communiques<\/span><\/div><div class=\"shared-files-edit-actions\"><\/div><\/div><\/div><\/li><li class=\"shared-files-card-23826\"><div class=\"shared-files-main-elements\"><div class=\"shared-files-main-elements-left\" style=\"background-image: url(https:\/\/rallyclassics.club\/wp-content\/plugins\/shared-files-pro\/img\/2020\/pdf.svg);\"><\/div><div class=\"shared-files-main-elements-right\"><a class=\"shared-files-file-title\"  data-file-type=\"\"  data-file-url=\"\/shared-files\/23826\/Roadbook_68RCB_A4_web.pdf\"  data-external-url=\"\"  data-image-url=\"\" href=\"\/shared-files\/23826\/Roadbook_68RCB_A4_web.pdf\" target=\"_blank\">Roadbook<\/a><span class=\"shared-file-size\">6.52 MB<\/span><a href=\"https:\/\/docs.google.com\/gview?url=https%3A%2F%2Frallyclassics.club%2Fshared-files%2F23826%2FRoadbook_68RCB_A4_web.pdf\" target=\"_blank\" class=\"shared-files-preview-button\">Preview<\/a><span class=\"shared-file-date\">mardi 10 mars 2020<\/span><div class=\"shared-files-file-categories-container\"><span class=\"shared-files-category\">Bulletins et communiques<\/span><\/div><div class=\"shared-files-edit-actions\"><\/div><\/div><\/div><\/li><li class=\"shared-files-card-23770\"><div class=\"shared-files-main-elements\"><div class=\"shared-files-main-elements-left\" style=\"background-image: url(https:\/\/rallyclassics.club\/wp-content\/plugins\/shared-files-pro\/img\/2020\/pdf.svg);\"><\/div><div class=\"shared-files-main-elements-right\"><a class=\"shared-files-file-title\"  data-file-type=\"\"  data-file-url=\"\/shared-files\/23770\/Horari-Verificacions-2020-v.2.pdf\"  data-external-url=\"\"  data-image-url=\"\" href=\"\/shared-files\/23770\/Horari-Verificacions-2020-v.2.pdf\" target=\"_blank\">Horarire de v\u00e9rification technique<\/a><span class=\"shared-file-size\">580.86 KB<\/span><a href=\"https:\/\/docs.google.com\/gview?url=https%3A%2F%2Frallyclassics.club%2Fshared-files%2F23770%2FHorari-Verificacions-2020-v.2.pdf\" target=\"_blank\" class=\"shared-files-preview-button\">Preview<\/a><span class=\"shared-file-date\">lundi 9 mars 2020<\/span><div class=\"shared-files-file-categories-container\"><span class=\"shared-files-category\">Bulletins et communiques<\/span><\/div><div class=\"shared-files-edit-actions\"><\/div><\/div><\/div><\/li><\/ul><ul class=\"shared-files-all-files shared-files-main-file-list\"><li class=\"shared-files-card-23837\"><div class=\"shared-files-main-elements\"><div class=\"shared-files-main-elements-left\" style=\"background-image: url(https:\/\/rallyclassics.club\/wp-content\/plugins\/shared-files-pro\/img\/2020\/pdf.svg);\"><\/div><div class=\"shared-files-main-elements-right\"><a class=\"shared-files-file-title\"  data-file-type=\"\"  data-file-url=\"\/shared-files\/23837\/68RCB_TABLA-DE-MEDIAS-2020_V1.pdf\"  data-external-url=\"\"  data-image-url=\"\" href=\"\/shared-files\/23837\/68RCB_TABLA-DE-MEDIAS-2020_V1.pdf\" target=\"_blank\">Moyennes Regularite<\/a><span class=\"shared-file-size\">208.28 KB<\/span><a href=\"https:\/\/docs.google.com\/gview?url=https%3A%2F%2Frallyclassics.club%2Fshared-files%2F23837%2F68RCB_TABLA-DE-MEDIAS-2020_V1.pdf\" target=\"_blank\" class=\"shared-files-preview-button\">Preview<\/a><span class=\"shared-file-date\">mercredi 11 mars 2020<\/span><div class=\"shared-files-file-categories-container\"><span class=\"shared-files-category\">Bulletins et communiques<\/span><\/div><div class=\"shared-files-edit-actions\"><\/div><\/div><\/div><\/li><li class=\"shared-files-card-23826\"><div class=\"shared-files-main-elements\"><div class=\"shared-files-main-elements-left\" style=\"background-image: url(https:\/\/rallyclassics.club\/wp-content\/plugins\/shared-files-pro\/img\/2020\/pdf.svg);\"><\/div><div class=\"shared-files-main-elements-right\"><a class=\"shared-files-file-title\"  data-file-type=\"\"  data-file-url=\"\/shared-files\/23826\/Roadbook_68RCB_A4_web.pdf\"  data-external-url=\"\"  data-image-url=\"\" href=\"\/shared-files\/23826\/Roadbook_68RCB_A4_web.pdf\" target=\"_blank\">Roadbook<\/a><span class=\"shared-file-size\">6.52 MB<\/span><a href=\"https:\/\/docs.google.com\/gview?url=https%3A%2F%2Frallyclassics.club%2Fshared-files%2F23826%2FRoadbook_68RCB_A4_web.pdf\" target=\"_blank\" class=\"shared-files-preview-button\">Preview<\/a><span class=\"shared-file-date\">mardi 10 mars 2020<\/span><div class=\"shared-files-file-categories-container\"><span class=\"shared-files-category\">Bulletins et communiques<\/span><\/div><div class=\"shared-files-edit-actions\"><\/div><\/div><\/div><\/li><li class=\"shared-files-card-23770\"><div class=\"shared-files-main-elements\"><div class=\"shared-files-main-elements-left\" style=\"background-image: url(https:\/\/rallyclassics.club\/wp-content\/plugins\/shared-files-pro\/img\/2020\/pdf.svg);\"><\/div><div class=\"shared-files-main-elements-right\"><a class=\"shared-files-file-title\"  data-file-type=\"\"  data-file-url=\"\/shared-files\/23770\/Horari-Verificacions-2020-v.2.pdf\"  data-external-url=\"\"  data-image-url=\"\" href=\"\/shared-files\/23770\/Horari-Verificacions-2020-v.2.pdf\" target=\"_blank\">Horarire de v\u00e9rification technique<\/a><span class=\"shared-file-size\">580.86 KB<\/span><a href=\"https:\/\/docs.google.com\/gview?url=https%3A%2F%2Frallyclassics.club%2Fshared-files%2F23770%2FHorari-Verificacions-2020-v.2.pdf\" target=\"_blank\" class=\"shared-files-preview-button\">Preview<\/a><span class=\"shared-file-date\">lundi 9 mars 2020<\/span><div class=\"shared-files-file-categories-container\"><span class=\"shared-files-category\">Bulletins et communiques<\/span><\/div><div class=\"shared-files-edit-actions\"><\/div><\/div><\/div><\/li><\/ul><hr class=\"clear\" \/><div class=\"shared-files-pagination\"><\/div><div class=\"shared-files-nothing-found\">Aucun fichier trouv\u00e9.<\/div><\/div><\/div><\/div><hr class=\"clear\" \/>\n<p>&nbsp;<\/p>\n<div class=\"title\"><h2>D\u00e9cisions des commissaires sportifs<\/h2><div class=\"title-sep-container\"><div class=\"title-sep\"><\/div><\/div><\/div>\n<div class=\"shared-files-embed-69e49d878abbe shared-files-main-container\" data-elem-class=\"shared-files-embed-69e49d878abbe\" data-search-type=\"0\" data-post-id=\"23770\"><div id=\"shared-files-default\" class=\"shared-files-container shared-files-type-category shared-files-4-cards-on-the-same-row\"><div class=\"shared-files-search\"><div class=\"shared-files-files-found\"><\/div><span class=\"shared-files-one-file-found\">fichier trouv\u00e9.<\/span><span class=\"shared-files-more-than-one-file-found\">fichiers trouv\u00e9s.<\/span><ul class=\"shared-files-main-file-list shared-files-ajax-list\"><li><div class=\"shared-files-files-not-found\">Aucun fichier trouv\u00e9.<\/div><\/li><\/ul><ul class=\"shared-files-all-files shared-files-main-file-list\"><\/ul><hr class=\"clear\" \/><div class=\"shared-files-pagination\"><\/div><div class=\"shared-files-nothing-found\">Aucun fichier trouv\u00e9.<\/div><\/div><\/div><\/div><hr class=\"clear\" \/>\n<p>&nbsp;<\/p>\n<div class=\"title\"><h2>Listes de v\u00e9hicules autoris\u00e9s<\/h2><div class=\"title-sep-container\"><div class=\"title-sep\"><\/div><\/div><\/div>\n<div class=\"shared-files-embed-69e49d878b286 shared-files-main-container\" data-elem-class=\"shared-files-embed-69e49d878b286\" data-search-type=\"0\" data-post-id=\"23770\"><div id=\"shared-files-default\" class=\"shared-files-container shared-files-type-category shared-files-4-cards-on-the-same-row\"><div class=\"shared-files-search\"><div class=\"shared-files-files-found\"><\/div><span class=\"shared-files-one-file-found\">fichier trouv\u00e9.<\/span><span class=\"shared-files-more-than-one-file-found\">fichiers trouv\u00e9s.<\/span><ul class=\"shared-files-main-file-list shared-files-ajax-list\"><li class=\"shared-files-card-23830\"><div class=\"shared-files-main-elements\"><div class=\"shared-files-main-elements-left\" style=\"background-image: url(https:\/\/rallyclassics.club\/wp-content\/plugins\/shared-files-pro\/img\/2020\/pdf.svg);\"><\/div><div class=\"shared-files-main-elements-right\"><a class=\"shared-files-file-title\"  data-file-type=\"\"  data-file-url=\"\/shared-files\/23830\/68RCB_Lista-Inscritos-REG_def.pdf\"  data-external-url=\"\"  data-image-url=\"\" href=\"\/shared-files\/23830\/68RCB_Lista-Inscritos-REG_def.pdf\" target=\"_blank\">Registre officiel engag\u00e9s r\u00e9gularit\u00e9<\/a><span class=\"shared-file-size\">146.74 KB<\/span><a href=\"https:\/\/docs.google.com\/gview?url=https%3A%2F%2Frallyclassics.club%2Fshared-files%2F23830%2F68RCB_Lista-Inscritos-REG_def.pdf\" target=\"_blank\" class=\"shared-files-preview-button\">Preview<\/a><span class=\"shared-file-date\">mardi 10 mars 2020<\/span><div class=\"shared-files-file-categories-container\"><span class=\"shared-files-category\">Listes autoris\u00e9es<\/span><\/div><div class=\"shared-files-edit-actions\"><\/div><\/div><\/div><\/li><li class=\"shared-files-card-23829\"><div class=\"shared-files-main-elements\"><div class=\"shared-files-main-elements-left\" style=\"background-image: url(https:\/\/rallyclassics.club\/wp-content\/plugins\/shared-files-pro\/img\/2020\/pdf.svg);\"><\/div><div class=\"shared-files-main-elements-right\"><a class=\"shared-files-file-title\"  data-file-type=\"\"  data-file-url=\"\/shared-files\/23829\/68RCB_Lista-Inscritos-VEL_def.pdf\"  data-external-url=\"\"  data-image-url=\"\" href=\"\/shared-files\/23829\/68RCB_Lista-Inscritos-VEL_def.pdf\" target=\"_blank\">Liste officielle des engag\u00e9s (VEL)<\/a><span class=\"shared-file-size\">227.93 KB<\/span><a href=\"https:\/\/docs.google.com\/gview?url=https%3A%2F%2Frallyclassics.club%2Fshared-files%2F23829%2F68RCB_Lista-Inscritos-VEL_def.pdf\" target=\"_blank\" class=\"shared-files-preview-button\">Preview<\/a><span class=\"shared-file-date\">mardi 10 mars 2020<\/span><div class=\"shared-files-file-categories-container\"><span class=\"shared-files-category\">Listes autoris\u00e9es<\/span><\/div><div class=\"shared-files-edit-actions\"><\/div><\/div><\/div><\/li><\/ul><ul class=\"shared-files-all-files shared-files-main-file-list\"><li class=\"shared-files-card-23830\"><div class=\"shared-files-main-elements\"><div class=\"shared-files-main-elements-left\" style=\"background-image: url(https:\/\/rallyclassics.club\/wp-content\/plugins\/shared-files-pro\/img\/2020\/pdf.svg);\"><\/div><div class=\"shared-files-main-elements-right\"><a class=\"shared-files-file-title\"  data-file-type=\"\"  data-file-url=\"\/shared-files\/23830\/68RCB_Lista-Inscritos-REG_def.pdf\"  data-external-url=\"\"  data-image-url=\"\" href=\"\/shared-files\/23830\/68RCB_Lista-Inscritos-REG_def.pdf\" target=\"_blank\">Registre officiel engag\u00e9s r\u00e9gularit\u00e9<\/a><span class=\"shared-file-size\">146.74 KB<\/span><a href=\"https:\/\/docs.google.com\/gview?url=https%3A%2F%2Frallyclassics.club%2Fshared-files%2F23830%2F68RCB_Lista-Inscritos-REG_def.pdf\" target=\"_blank\" class=\"shared-files-preview-button\">Preview<\/a><span class=\"shared-file-date\">mardi 10 mars 2020<\/span><div class=\"shared-files-file-categories-container\"><span class=\"shared-files-category\">Listes autoris\u00e9es<\/span><\/div><div class=\"shared-files-edit-actions\"><\/div><\/div><\/div><\/li><li class=\"shared-files-card-23829\"><div class=\"shared-files-main-elements\"><div class=\"shared-files-main-elements-left\" style=\"background-image: url(https:\/\/rallyclassics.club\/wp-content\/plugins\/shared-files-pro\/img\/2020\/pdf.svg);\"><\/div><div class=\"shared-files-main-elements-right\"><a class=\"shared-files-file-title\"  data-file-type=\"\"  data-file-url=\"\/shared-files\/23829\/68RCB_Lista-Inscritos-VEL_def.pdf\"  data-external-url=\"\"  data-image-url=\"\" href=\"\/shared-files\/23829\/68RCB_Lista-Inscritos-VEL_def.pdf\" target=\"_blank\">Liste officielle des engag\u00e9s (VEL)<\/a><span class=\"shared-file-size\">227.93 KB<\/span><a href=\"https:\/\/docs.google.com\/gview?url=https%3A%2F%2Frallyclassics.club%2Fshared-files%2F23829%2F68RCB_Lista-Inscritos-VEL_def.pdf\" target=\"_blank\" class=\"shared-files-preview-button\">Preview<\/a><span class=\"shared-file-date\">mardi 10 mars 2020<\/span><div class=\"shared-files-file-categories-container\"><span class=\"shared-files-category\">Listes autoris\u00e9es<\/span><\/div><div class=\"shared-files-edit-actions\"><\/div><\/div><\/div><\/li><\/ul><hr class=\"clear\" \/><div class=\"shared-files-pagination\"><\/div><div class=\"shared-files-nothing-found\">Aucun fichier trouv\u00e9.<\/div><\/div><\/div><\/div><hr class=\"clear\" \/>\n<p>&nbsp;<\/p>\n<div class=\"title\"><h2>R\u00e9sultats<\/h2><div class=\"title-sep-container\"><div class=\"title-sep\"><\/div><\/div><\/div>\n<p><div class=\"shared-files-embed-69e49d878d014 shared-files-main-container\" data-elem-class=\"shared-files-embed-69e49d878d014\" data-search-type=\"0\" data-post-id=\"23829\"><div id=\"shared-files-default\" class=\"shared-files-container shared-files-type-category shared-files-4-cards-on-the-same-row\"><div class=\"shared-files-search\"><div class=\"shared-files-files-found\"><\/div><span class=\"shared-files-one-file-found\">fichier trouv\u00e9.<\/span><span class=\"shared-files-more-than-one-file-found\">fichiers trouv\u00e9s.<\/span><ul class=\"shared-files-main-file-list shared-files-ajax-list\"><li><div class=\"shared-files-files-not-found\">Aucun fichier trouv\u00e9.<\/div><\/li><\/ul><ul class=\"shared-files-all-files shared-files-main-file-list\"><\/ul><hr class=\"clear\" \/><div class=\"shared-files-pagination\"><\/div><div class=\"shared-files-nothing-found\">Aucun fichier trouv\u00e9.<\/div><\/div><\/div><\/div><hr class=\"clear\" \/><\/p>","protected":false},"excerpt":{"rendered":"<p>&laquo; BackListe officielle des engag\u00e9s (VEL)227.93 KBPreviewmardi 10 mars 2020Listes autoris\u00e9es<\/p>\n","protected":false},"author":3,"featured_media":0,"parent":0,"menu_order":0,"comment_status":"closed","ping_status":"closed","template":"","meta":{"om_disable_all_campaigns":false,"_monsterinsights_skip_tracking":false,"_monsterinsights_sitenote_active":false,"_monsterinsights_sitenote_note":"","_monsterinsights_sitenote_category":0,"footnotes":""},"class_list":["post-23629","page","type-page","status-publish","hentry"],"aioseo_notices":[],"_links":{"self":[{"href":"https:\/\/rallyclassics.club\/fr\/wp-json\/wp\/v2\/pages\/23629","targetHints":{"allow":["GET"]}}],"collection":[{"href":"https:\/\/rallyclassics.club\/fr\/wp-json\/wp\/v2\/pages"}],"about":[{"href":"https:\/\/rallyclassics.club\/fr\/wp-json\/wp\/v2\/types\/page"}],"author":[{"embeddable":true,"href":"https:\/\/rallyclassics.club\/fr\/wp-json\/wp\/v2\/users\/3"}],"replies":[{"embeddable":true,"href":"https:\/\/rallyclassics.club\/fr\/wp-json\/wp\/v2\/comments?post=23629"}],"version-history":[{"count":18,"href":"https:\/\/rallyclassics.club\/fr\/wp-json\/wp\/v2\/pages\/23629\/revisions"}],"predecessor-version":[{"id":23681,"href":"https:\/\/rallyclassics.club\/fr\/wp-json\/wp\/v2\/pages\/23629\/revisions\/23681"}],"wp:attachment":[{"href":"https:\/\/rallyclassics.club\/fr\/wp-json\/wp\/v2\/media?parent=23629"}],"curies":[{"name":"wp","href":"https:\/\/api.w.org\/{rel}","templated":true}]}}