{"id":25397,"date":"2020-11-05T13:12:25","date_gmt":"2020-11-05T12:12:25","guid":{"rendered":"https:\/\/www.rallyclassics.club\/xviii-rallye-dhivern-criterium-viladrau-copy\/"},"modified":"2023-01-16T08:47:16","modified_gmt":"2023-01-16T07:47:16","slug":"xix-rallye-hivern-criterium-viladrau-2023","status":"publish","type":"page","link":"https:\/\/rallyclassics.club\/fr\/xix-rallye-hivern-criterium-viladrau-2023\/","title":{"rendered":"XIX Rallye d\u2019Hivern &#8211; Criterium Viladrau &#8211; 14 Janvier 2023"},"content":{"rendered":"<p><div class=\"title\"><h2>XIX Rallye d\u2019Hivern &#8211; Crit\u00e8rium Viladrau &#8211; 14 enero 2023<\/h2><div class=\"title-sep-container\"><div class=\"title-sep\"><\/div><\/div><\/div>\n<p><img loading=\"lazy\" decoding=\"async\" class=\"aligncenter size-full wp-image-2147\" src=\"\/wp-content\/uploads\/XIX_Hivern_980x300E.jpg\" width=\"980\" height=\"300\" \/><\/p>\n<p>&nbsp;<\/p>\n<div class=\"title\"><h2>XIX Rallye d&rsquo;Hivern<\/h2><div class=\"title-sep-container\"><div class=\"title-sep\"><\/div><\/div><\/div>\n<p><strong>Apr\u00e8s 3 ans d&rsquo;attente, le Rallye d&rsquo;Hivern &#8211; Crit\u00e8rium Viladrau est de retour !<\/strong> Le <strong>14 Janvier 2023<\/strong> a \u00e9t\u00e9 contest\u00e9 la dix-neuvi\u00e8me \u00e9dition du rallye de r\u00e9gularit\u00e9 qui ouvre traditionnellement la saison sportive.<\/p>\n<p>Les \u00e9quipages ont appr\u00e9ci\u00e9avons un rallye con\u00e7u pour vivre une belle journ\u00e9e de sport automobile classique, avec le Crit\u00e8rium Viladrau le matin (2 sections), et le Rallye d&rsquo;Hivern l&rsquo;apr\u00e8s-midi (5 sections). Au total, <strong>210 kilom\u00e8tres de r\u00e9gularit\u00e9<\/strong>, et un parcours total de 350 kilom\u00e8tres. L&rsquo;\u00e9preuve comptait 94 \u00e9quipages engag\u00e9s!<\/strong><\/p>\n<p><strong>Nous vous attendons \u00e0 Viladrau janvier 2024 !<\/strong><br \/>\n&nbsp;<\/p>\n<div class=\"title\"><h2>Classements<\/h2><div class=\"title-sep-container\"><div class=\"title-sep\"><\/div><\/div><\/div>\n<div class=\"one_half\">\n<a class=\"button-27 button large default\" title=\"\" href=\"https:\/\/www.rallyclassics.club\/wp-content\/uploads\/RHV2023_RallyHivern_2aEtapa_SinAplicarJokers.pdf\" target=\"_blank\">Classement &#8211; Sans Jokers<\/a>\n<\/div>\n<div class=\"one_half last\">\n<a class=\"button-28 button large default\" title=\"\" href=\"https:\/\/www.rallyclassics.club\/wp-content\/uploads\/RHV2023_RallyHivern_2aEtapa_ConAplicarJokers.pdf\" target=\"_blank\">Classement- Avec Jokers<\/a>\n<\/div><div class=\"clearboth\"><\/div>\n<div class=\"one_half last\">\n<a class=\"button-29 button large default\" title=\"\" href=\"https:\/\/www.rallyclassics.club\/wp-content\/uploads\/RHV2023_CriteriumViladrau_1aEtapa_ConJokers.pdf\" target=\"_blank\">Classement Crit\u00e8rium<\/a>\n<\/div><div class=\"clearboth\"><\/div>\n&nbsp;<\/p>\n<div class=\"title\"><h2>Itinerario<\/h2><div class=\"title-sep-container\"><div class=\"title-sep\"><\/div><\/div><\/div>\n<div class=\"one_half\">\n<a class=\"button-30 button large default\" title=\"\" href=\"https:\/\/www.rallyclassics.club\/wp-content\/uploads\/Mapa-1a-Etapa-Criterium.pdf\" target=\"_blank\">Mapa Etapa 1<\/a>\n<\/div>\n<div class=\"one_half last\">\n<a class=\"button-31 button large default\" title=\"\" href=\"https:\/\/www.rallyclassics.club\/wp-content\/uploads\/Mapa-2a-Etapa.pdf\" target=\"_blank\">Mapa Etapa 2<\/a>\n<\/div><div class=\"clearboth\"><\/div>\n<div class=\"one_half last\">\n<a class=\"button-32 button large default\" title=\"\" href=\"https:\/\/www.rallyclassics.club\/wp-content\/uploads\/ITINERARI_XIX_RHV_v1.pdf\" target=\"_blank\">Itinerario Horario<\/a>\n<\/div><div class=\"clearboth\"><\/div>\n&nbsp;<\/p>\n<div class=\"title\"><h2>Engagements<\/h2><div class=\"title-sep-container\"><div class=\"title-sep\"><\/div><\/div><\/div>\n<div class=\"one_half last\">\n<a class=\"button-33 button large default\" title=\"\" href=\"https:\/\/www.rallyclassics.club\/wp-content\/uploads\/XIX_RHV_LLISTA_INSCRITS.pdf\" target=\"_blank\">Liste des Engag\u00e9s<\/a>\n<\/div><div class=\"clearboth\"><\/div>\n&nbsp;<\/p>\n<p>&nbsp;<br \/>\n<a href=\"\/wp-content\/uploads\/PROGRAMA-HORARIO-XIX-Rallye-Hivern-v1.1.pdf\"><img loading=\"lazy\" decoding=\"async\" class=\"alignnone wp-image-36493 size-full\" src=\"\/wp-content\/uploads\/PROGRAMA-HORARIO-XIX-Rallye-Hivern-v1.1.jpg\" alt=\"\" width=\"1501\" height=\"1191\" \/><\/a><br \/>\n&nbsp;<br \/>\n<div class=\"title\"><h2>Le rallye<\/h2><div class=\"title-sep-container\"><div class=\"title-sep\"><\/div><\/div><\/div>\n<ul>\n<li><strong>350 kilom\u00e8tres de parcours<\/strong>, avec <strong>210 kilom\u00e8tres de r\u00e9gularit\u00e9.<\/strong><\/li>\n<li><strong>7 sections<\/strong> de r\u00e9gularit\u00e9, avec 2 tours en un petit itin\u00e9raire pr\u00e8s de Viladrau le matin (Crit\u00e8rium Viladrau) et 5 sections l&rsquo;apr\u00e8s-midi (Rallye d&rsquo;Hivern).<\/strong><\/li>\n<li>Participation ouverte aux voitures classiques fabriqu\u00e9es jusqu&rsquo;\u00e0 14\/1\/98.<\/li>\n<li><strong>Chronom\u00e9trage GPS<\/strong>.<\/li>\n<li>Des prix sp\u00e9ciaux et des tombolas pour de nombreux produits locaux et des r\u00e9ductions sur les \u00e9preuves de RallyClassics.<\/li>\n<\/ul>\n<p>Consultez le r\u00e8glement pour plus d&rsquo;informations ou contactez <a href=\"mailto:secretaria@rallyclassics.org\">secretaria@rallyclassics.org<\/a><br \/>\n&nbsp;<br \/>\n<div class=\"one_half\">\n<a class=\"button-34 button large default\" title=\"\" href=\"https:\/\/www.rallyclassics.club\/wp-content\/uploads\/Reglamento-XIX-Hivern-2023-v1.pdf\" target=\"_blank\">R\u00e9glement v1<\/a>\n<\/div>\n<div class=\"one_half last\">\n<a class=\"button-35 button large default\" title=\"\" href=\"\/wp-content\/uploads\/PROGRAMA-HORARIO-XIX-Rallye-Hivern-v1.1.pdf\" target=\"_blank\">Programme Horaire v1.1<\/a>\n<\/div><div class=\"clearboth\"><\/div>\n<div class=\"one_half\">\n<a class=\"button-36 button large default\" title=\"\" href=\"https:\/\/www.rallyclassics.club\/wp-content\/uploads\/XIX-RHV-INFO-VERIFICACIONS-ADMINISTRATIVES-I-TECNIQUES.pdf\" target=\"_blank\">Info V\u00e9rifications<\/a>\n<\/div>\n<div class=\"one_half last\">\n<a class=\"button-37 button large default\" title=\"\" href=\"https:\/\/www.rallyclassics.club\/wp-content\/uploads\/Taula-Mitjanes-XIXRHV23.pdf\" target=\"_blank\">Table de Moyennes<\/a>\n<\/div><div class=\"clearboth\"><\/div>\n<div class=\"one_half last\">\n<a class=\"button-38 button large default\" title=\"\" href=\"https:\/\/www.rallyclassics.club\/wp-content\/uploads\/xix_hivern_calibratge-v1.1.pdf\" target=\"_blank\">Calibration zone v1.1<\/a>\n<\/div><div class=\"clearboth\"><\/div>\n&nbsp;<\/p>\n<div class=\"title\"><h2>Panneau d&rsquo;affichage<\/h2><div class=\"title-sep-container\"><div class=\"title-sep\"><\/div><\/div><\/div>\n<p>Toutes les informations et documentations du rallye (classements, annonces de la direction de course, informations d&rsquo;int\u00e9r\u00eat, etc.) seront uniquement accessibles depuis <strong>l&rsquo;application Sportity<\/strong>.<\/p>\n<p>Pour t\u00e9l\u00e9charger l&rsquo;application mobile : utilisez le code QR ci-dessous ou recherchez Sportity dans Google Play ou Apple Store, et saisissez le mot de passe (Password) <strong>RHV<\/strong>. Il est \u00e9galement disponible en version Web.<\/p>\n<div class=\"one_half last\">\n<a class=\"button-39 button large default\" title=\"\" href=\"https:\/\/webapp.sportity.com\/channel\/RHV\" target=\"_blank\">Panneau d&rsquo;affichage (Version web)<\/a>\n<\/div><div class=\"clearboth\"><\/div>\n<p><a href=\"https:\/\/webapp.sportity.com\/channel\/RHV\" target=\"_blank\" rel=\"noopener noreferrer\"><img loading=\"lazy\" decoding=\"async\" class=\"aligncenter wp-image-308 size-full\" src=\"https:\/\/www.rallyclassics.club\/wp-content\/uploads\/RHV-SPORTITY_.png\" alt=\"Tabl\u00f3n anuncios 70 Rally Costa Brava 2022\" width=\"550\" height=\"392\" \/><\/a><br \/>\n&nbsp;<\/p>\n<div class=\"title\"><h2>Actualit\u00e9s du XIX Rallye d\u2019Hivern<\/h2><div class=\"title-sep-container\"><div class=\"title-sep\"><\/div><\/div><\/div> <div class=\"avada-container\"><section class=\"columns columns-2\" style=\"width:100%\"><div class=\"holder\"><article class=\"col\"><div class=\"flexslider floated-post-slideshow\"><ul class=\"slides\"><li>\n\t\t\t\t\t<a href=\"https:\/\/rallyclassics.club\/fr\/viladrau-bienvenida-temporada-xxii-rallye-hivern\/\" rel=\"\"><img decoding=\"async\" src=\"https:\/\/rallyclassics.club\/wp-content\/uploads\/2026\/01\/RHV26_RAF085804_-700x441.jpg\" alt=\"Viladrau accueille la saison automobile avec le XXII Rallye d\u2019Hivern\" \/><\/a>\n\t\t\t\t<\/li><\/ul>\n\t\t<\/div><h4><a href=\"https:\/\/rallyclassics.club\/fr\/viladrau-bienvenida-temporada-xxii-rallye-hivern\/\">Viladrau accueille la saison automobile avec le XXII Rallye d\u2019Hivern<\/a><\/h4><ul class=\"meta\"><li><em class=\"date\">19 janvier, 2026<\/em><\/li><\/ul><p><div class=\"excerpt-container\"><p> \tQuatre-vingt-cinq \u00e9quipes ont investi Viladrau \u00e0 l\u2019occasion du premier rallye de r\u00e9gularit\u00e9 pour [&#8230;]<\/p>\n<\/div><\/p><\/article><article class=\"col\"><div class=\"flexslider floated-post-slideshow\"><ul class=\"slides\"><li>\n\t\t\t\t\t<a href=\"https:\/\/rallyclassics.club\/fr\/calendario-2025-rallyclassics\/\" rel=\"\"><img decoding=\"async\" src=\"https:\/\/rallyclassics.club\/wp-content\/uploads\/2025\/01\/RC_Calendario2025_ES____-700x441.jpg\" alt=\"Nous presentons le calendrier 2025 de RallyClassics !\" \/><\/a>\n\t\t\t\t<\/li><\/ul>\n\t\t<\/div><h4><a href=\"https:\/\/rallyclassics.club\/fr\/calendario-2025-rallyclassics\/\">Nous presentons le calendrier 2025 de RallyClassics !<\/a><\/h4><ul class=\"meta\"><li><em class=\"date\">15 janvier, 2025<\/em><\/li><\/ul><p><div class=\"excerpt-container\"><p>Chez RallyClassics, nous avons d\u00e9j\u00e0 commenc\u00e9 la saison 2025, d\u00e9sireux de continuer \u00e0 offrir [&#8230;]<\/p>\n<\/div><\/p><\/article><article class=\"col\"><div class=\"flexslider floated-post-slideshow\"><ul class=\"slides\"><li>\n\t\t\t\t\t<a href=\"https:\/\/rallyclassics.club\/fr\/resumen-xxi-rallye-hivern-viladrau\/\" rel=\"\"><img decoding=\"async\" src=\"https:\/\/rallyclassics.club\/wp-content\/uploads\/2025\/01\/XXI_RHV_2025_RALLYCLASSICS-22_-700x441.jpg\" alt=\"Quatre-vingt-dix \u00e9quipes remplissent Viladrau au XXI Rallye d\u2019Hivern\" \/><\/a>\n\t\t\t\t<\/li><\/ul>\n\t\t<\/div><h4><a href=\"https:\/\/rallyclassics.club\/fr\/resumen-xxi-rallye-hivern-viladrau\/\">Quatre-vingt-dix \u00e9quipes remplissent Viladrau au XXI Rallye d\u2019Hivern<\/a><\/h4><ul class=\"meta\"><li><em class=\"date\">13 janvier, 2025<\/em><\/li><\/ul><p><div class=\"excerpt-container\"><p> \tLe rallye de r\u00e9gularit\u00e9 de v\u00e9hicules classiques organis\u00e9 par RallyClassics ouvre la saison [&#8230;]<\/p>\n<\/div><\/p><\/article><article class=\"col\"><div class=\"flexslider floated-post-slideshow\"><ul class=\"slides\"><li>\n\t\t\t\t\t<a href=\"https:\/\/rallyclassics.club\/fr\/inscripciones-abiertas-xxi-rallye-hivern-viladrau-2025\/\" rel=\"\"><img decoding=\"async\" src=\"https:\/\/rallyclassics.club\/wp-content\/uploads\/2024\/11\/XXI_Hivern_poster_-700x441.jpg\" alt=\"Vous pouvez d\u00e8s maintenant vous inscrire au XXI Rallye d&rsquo;Hivern &#8211; Viladrau (11 janvier)\" \/><\/a>\n\t\t\t\t<\/li><\/ul>\n\t\t<\/div><h4><a href=\"https:\/\/rallyclassics.club\/fr\/inscripciones-abiertas-xxi-rallye-hivern-viladrau-2025\/\">Vous pouvez d\u00e8s maintenant vous inscrire au XXI Rallye d&rsquo;Hivern &#8211; Viladrau (11 janvier)<\/a><\/h4><ul class=\"meta\"><li><em class=\"date\">21 novembre, 2024<\/em><\/li><\/ul><p><div class=\"excerpt-container\"><p>Le samedi 11 janvier 2025, le XXI Rallye d&rsquo;Hivern &#8211; Viladrau vous attend !<\/p>\n<p>Ne [&#8230;]<\/p>\n<\/div><\/p><\/article><\/div><\/section><\/div>\n<div class=\"title\"><h2>RallyClassics TV<\/h2><div class=\"title-sep-container\"><div class=\"title-sep\"><\/div><\/div><\/div>\n<iframe loading=\"lazy\" src=\"https:\/\/www.youtube.com\/embed\/3MsPe0VQrFU\" width=\"560\" height=\"315\" frameborder=\"0\" allowfullscreen=\"allowfullscreen\"><\/iframe><br \/>\n&nbsp;<br \/>\n<div class=\"title\"><h2>Sponsors du XIX Rallye d\u2019Hivern<\/h2><div class=\"title-sep-container\"><div class=\"title-sep\"><\/div><\/div><\/div>\n<p><img loading=\"lazy\" decoding=\"async\" class=\"alignnone size-full wp-image-308\" src=\"\/wp-content\/uploads\/sponsors_xix_rallye_hivern.jpg\" alt=\"Sponsors 70 Motul Rally Costa Brava 2021\" width=\"816\" height=\"270\" \/><\/p>\n<p><em>Le XIX Rallye d&rsquo;Hivern &#8211; Crit\u00e8rium Viladrau est possible gr\u00e2ce \u00e0 la collaboration de Ajuntament de Viladrau, Secretaria General de l\u2019Esport i de l\u2019Activitat F\u00edsica de la Generalitat de Catalunya, Diputaci\u00f3 de Girona, Rabbit Rally, MiRally, \u00c0gora, Garatge Internacional, Gaud\u00ed Events et Integral Apps.<\/em><\/p>\n<p><\/p>","protected":false},"excerpt":{"rendered":"<p>Le samedi 11 janvier 2025, le XXI Rallye d&rsquo;Hivern &#8211; Viladrau vous attend ! Ne manquez pas le rallye de r\u00e9gularit\u00e9 qui ouvre la saison sportive. Nous avons pr\u00e9par\u00e9 un [&#8230;]<\/p>\n","protected":false},"author":9192197,"featured_media":0,"parent":0,"menu_order":0,"comment_status":"closed","ping_status":"closed","template":"","meta":{"om_disable_all_campaigns":false,"_monsterinsights_skip_tracking":false,"_monsterinsights_sitenote_active":false,"_monsterinsights_sitenote_note":"","_monsterinsights_sitenote_category":0,"footnotes":""},"class_list":["post-25397","page","type-page","status-publish","hentry"],"aioseo_notices":[],"_links":{"self":[{"href":"https:\/\/rallyclassics.club\/fr\/wp-json\/wp\/v2\/pages\/25397","targetHints":{"allow":["GET"]}}],"collection":[{"href":"https:\/\/rallyclassics.club\/fr\/wp-json\/wp\/v2\/pages"}],"about":[{"href":"https:\/\/rallyclassics.club\/fr\/wp-json\/wp\/v2\/types\/page"}],"author":[{"embeddable":true,"href":"https:\/\/rallyclassics.club\/fr\/wp-json\/wp\/v2\/users\/9192197"}],"replies":[{"embeddable":true,"href":"https:\/\/rallyclassics.club\/fr\/wp-json\/wp\/v2\/comments?post=25397"}],"version-history":[{"count":70,"href":"https:\/\/rallyclassics.club\/fr\/wp-json\/wp\/v2\/pages\/25397\/revisions"}],"predecessor-version":[{"id":36637,"href":"https:\/\/rallyclassics.club\/fr\/wp-json\/wp\/v2\/pages\/25397\/revisions\/36637"}],"wp:attachment":[{"href":"https:\/\/rallyclassics.club\/fr\/wp-json\/wp\/v2\/media?parent=25397"}],"curies":[{"name":"wp","href":"https:\/\/api.w.org\/{rel}","templated":true}]}}