{"id":26377,"date":"2021-02-25T17:13:44","date_gmt":"2021-02-25T16:13:44","guid":{"rendered":"https:\/\/www.rallyclassics.club\/porsche-classic-series-2020-copy\/"},"modified":"2021-10-30T22:09:05","modified_gmt":"2021-10-30T21:09:05","slug":"porsche-classic-series-2021","status":"publish","type":"page","link":"https:\/\/rallyclassics.club\/fr\/porsche-classic-series-2021\/","title":{"rendered":"Porsche Classic Series 2021 | R\u00e9gularit\u00e9 pour voitures classiques"},"content":{"rendered":"<p><div class=\"title\"><h1>Porsche Classic Series 2021<\/h1><div class=\"title-sep-container\"><div class=\"title-sep\"><\/div><\/div><\/div>\n<p><img loading=\"lazy\" decoding=\"async\" class=\"aligncenter size-full wp-image-7181\" src=\"\/wp-content\/uploads\/PCS2021_980x300.png\" width=\"980\" height=\"300\" \/><\/p>\n<p>&nbsp;<\/p>\n<div class=\"title\"><h2>Derniere epreuve: Grand Finale Circuit Barcelona-Catalunya 30 octobre<\/h2><div class=\"title-sep-container\"><div class=\"title-sep\"><\/div><\/div><\/div>\n<p>Merci de vous joindre \u00e0 nous dans cette saison inoubliable. Nous nous reverrons en 2022 !<\/p>\n<a class=\"button-11 button large default\" title=\"\" href=\"\/fr\/porsche-classic-series-2021\/barcelona-catalunya-2021\/\" target=\"\">PLUS D&rsquo;INFO<\/a>\n<p>&nbsp;<\/p>\n<div class=\"title\"><h2>Calendrier Porsche Classic Series 2021:<\/h2><div class=\"title-sep-container\"><div class=\"title-sep\"><\/div><\/div><\/div>\n<p><a href=\"\/fr\/porsche-classic-series-2021\/barcelona-catalunya-2021\/\" target=\"\" rel=\"noopener noreferrer\"><img loading=\"lazy\" decoding=\"async\" class=\"aligncenter wp-image-12237 size-full\" src=\"\/wp-content\/uploads\/PCS2021_700x200_BCN-CAT.jpg\" alt=\"Porsche classic series Pruebas 2021\" width=\"700\" height=\"200\" \/><\/a><\/p>\n<p>&nbsp;<\/p>\n<div class=\"title\"><h2>Informations g\u00e9n\u00e9rales<\/h2><div class=\"title-sep-container\"><div class=\"title-sep\"><\/div><\/div><\/div>\n<div class=\"one_half\">\n<a class=\"button-12 button large default\" title=\"\" href=\"https:\/\/www.rallyclassics.club\/wp-content\/uploads\/Reglamento-PORSCHE-CLASSIC-SERIES-2021_v1-1.pdf\" target=\"_blank\">R\u00e9gulation Porsche Classic Series (ES)<\/a>\n<\/div>\n<div class=\"one_half last\">\n<a class=\"button-13 button large default\" title=\"\" href=\"https:\/\/www.rallyclassics.club\/wp-content\/uploads\/Eleccion-Digital-del-Tiempo-de-Referencia_.pdf\" target=\"_blank\">Nouveau chronom\u00e9trage (ES)<\/a>\n<\/div><div class=\"clearboth\"><\/div>\n<p>&nbsp;<\/p>\n<div class=\"title\"><h2>Classifications Porsche Classic Series 2021<\/h2><div class=\"title-sep-container\"><div class=\"title-sep\"><\/div><\/div><\/div>\n<div class=\"one_half\">\n<a class=\"button-14 button large default\" title=\"\" href=\"https:\/\/www.rallyclassics.club\/wp-content\/uploads\/RCS2021_MONTMELO_Campeonato.pdf\" target=\"_blank\">Porsche Classic Series<\/a>\n<\/div>\n<div class=\"one_half last\">\n<a class=\"button-15 button large default\" title=\"\" href=\"https:\/\/www.rallyclassics.club\/wp-content\/uploads\/GEN2021_MONTMELO_Campeonato.pdf\" target=\"_blank\">Porsche Gentlemen<\/a>\n<\/div><div class=\"clearboth\"><\/div>\n<p>&nbsp;<\/p>\n<div class=\"title\"><h2>Actualit\u00e9s des Porsche Classic Series 2021<\/h2><div class=\"title-sep-container\"><div class=\"title-sep\"><\/div><\/div><\/div>\n<div class=\"avada-container\"><section class=\"columns columns-3\" style=\"width:100%\"><div class=\"holder\"><article class=\"col\"><div class=\"flexslider floated-post-slideshow\"><ul class=\"slides\"><li>\n\t\t\t\t\t<a href=\"https:\/\/rallyclassics.club\/fr\/inscripciones-abiertas-gran-final-porsche-classic-series-2022\/\" rel=\"\"><img decoding=\"async\" src=\"https:\/\/rallyclassics.club\/wp-content\/uploads\/final_porsche_classic_series_2021_circuit_barcelona_catalunya-17-700x441.jpg\" alt=\"Engagements ouverts pour la Grand Final des Porsche Classic Series 2022\" \/><\/a>\n\t\t\t\t<\/li><\/ul>\n\t\t<\/div><h4><a href=\"https:\/\/rallyclassics.club\/fr\/inscripciones-abiertas-gran-final-porsche-classic-series-2022\/\">Engagements ouverts pour la Grand Final des Porsche Classic Series 2022<\/a><\/h4><ul class=\"meta\"><li><em class=\"date\">22 septembre, 2022<\/em><\/li><\/ul><\/article><article class=\"col\"><div class=\"flexslider floated-post-slideshow\"><ul class=\"slides\"><li>\n\t\t\t\t\t<a href=\"https:\/\/rallyclassics.club\/fr\/cronica-porsche-classic-series-parcmotor-castelloli-2022\/\" rel=\"\"><img decoding=\"async\" src=\"https:\/\/rallyclassics.club\/wp-content\/uploads\/porsche_classic_series_parcmotor_castelloli_2022-26-700x441.jpg\" alt=\"D\u00e9but spectaculaire des Porsche Classic Series \u00e0 Parcmotor Castellol\u00ed\" \/><\/a>\n\t\t\t\t<\/li><\/ul>\n\t\t<\/div><h4><a href=\"https:\/\/rallyclassics.club\/fr\/cronica-porsche-classic-series-parcmotor-castelloli-2022\/\">D\u00e9but spectaculaire des Porsche Classic Series \u00e0 Parcmotor Castellol\u00ed<\/a><\/h4><ul class=\"meta\"><li><em class=\"date\">11 avril, 2022<\/em><\/li><\/ul><\/article><article class=\"col\"><div class=\"flexslider floated-post-slideshow\"><ul class=\"slides\"><li>\n\t\t\t\t\t<a href=\"https:\/\/rallyclassics.club\/fr\/dos-semanas-inicio-porsche-classic-series\/\" rel=\"\"><img decoding=\"async\" src=\"https:\/\/rallyclassics.club\/wp-content\/uploads\/final_porsche_classic_series_2021_circuit_barcelona_catalunya-17-700x441.jpg\" alt=\"Deux semaines avant le d\u00e9but de les Porsche Classic Series 2022 !\" \/><\/a>\n\t\t\t\t<\/li><\/ul>\n\t\t<\/div><h4><a href=\"https:\/\/rallyclassics.club\/fr\/dos-semanas-inicio-porsche-classic-series\/\">Deux semaines avant le d\u00e9but de les Porsche Classic Series 2022 !<\/a><\/h4><ul class=\"meta\"><li><em class=\"date\">25 mars, 2022<\/em><\/li><\/ul><\/article><article class=\"col\"><div class=\"flexslider floated-post-slideshow\"><ul class=\"slides\"><li>\n\t\t\t\t\t<a href=\"https:\/\/rallyclassics.club\/fr\/resumen-final-porsche-classic-series-2021-circuit-barcelona-catalunya\/\" rel=\"\"><img decoding=\"async\" src=\"https:\/\/rallyclassics.club\/wp-content\/uploads\/video_gran_final-700x441.jpg\" alt=\"Le Circuit de Barcelona-Catalunya cl\u00f4ture avec succ\u00e8s les Porsche Classic Series\" \/><\/a>\n\t\t\t\t<\/li><\/ul>\n\t\t<\/div><h4><a href=\"https:\/\/rallyclassics.club\/fr\/resumen-final-porsche-classic-series-2021-circuit-barcelona-catalunya\/\">Le Circuit de Barcelona-Catalunya cl\u00f4ture avec succ\u00e8s les Porsche Classic Series<\/a><\/h4><ul class=\"meta\"><li><em class=\"date\">31 octobre, 2021<\/em><\/li><\/ul><\/article><article class=\"col\"><div class=\"flexslider floated-post-slideshow\"><ul class=\"slides\"><li>\n\t\t\t\t\t<a href=\"https:\/\/rallyclassics.club\/fr\/ultimos-dias-gran-final-porsche-classic-series\/\" rel=\"\"><img decoding=\"async\" src=\"https:\/\/rallyclassics.club\/wp-content\/uploads\/porsche_classic_series_circuit_barcelona_catalunya-5-700x441.jpg\" alt=\"Derniers jours pour s&rsquo;inscrire \u00e0 la Grande Finale des Porsche Classic Series\" \/><\/a>\n\t\t\t\t<\/li><\/ul>\n\t\t<\/div><h4><a href=\"https:\/\/rallyclassics.club\/fr\/ultimos-dias-gran-final-porsche-classic-series\/\">Derniers jours pour s&rsquo;inscrire \u00e0 la Grande Finale des Porsche Classic Series<\/a><\/h4><ul class=\"meta\"><li><em class=\"date\">22 octobre, 2021<\/em><\/li><\/ul><\/article><article class=\"col\"><div class=\"flexslider floated-post-slideshow\"><ul class=\"slides\"><li>\n\t\t\t\t\t<a href=\"https:\/\/rallyclassics.club\/fr\/galeria-fotos-porsche-classic-series-2021-castelloli\/\" rel=\"\"><img decoding=\"async\" src=\"https:\/\/rallyclassics.club\/wp-content\/uploads\/porsche_classic_series_2021_castelloli_galeria-34-700x441.jpg\" alt=\"Galerie de photos Porsche Classic Series a Parcmotor Castellol\u00ed\" \/><\/a>\n\t\t\t\t<\/li><\/ul>\n\t\t<\/div><h4><a href=\"https:\/\/rallyclassics.club\/fr\/galeria-fotos-porsche-classic-series-2021-castelloli\/\">Galerie de photos Porsche Classic Series a Parcmotor Castellol\u00ed<\/a><\/h4><ul class=\"meta\"><li><em class=\"date\">14 octobre, 2021<\/em><\/li><\/ul><\/article><\/div><\/section><\/div>\n<div class=\"title\"><h2>RallyClassics TV:<\/h2><div class=\"title-sep-container\"><div class=\"title-sep\"><\/div><\/div><\/div>\n<iframe loading=\"lazy\" title=\"Porsche Classic Series 2021 - Parcmotor Castellol\u00ed - 18\/09\/21\" width=\"669\" height=\"376\" src=\"https:\/\/www.youtube.com\/embed\/S58__t7ZrHU?feature=oembed\" frameborder=\"0\" allow=\"accelerometer; autoplay; clipboard-write; encrypted-media; gyroscope; picture-in-picture\" allowfullscreen><\/iframe><\/p>\n<div class=\"title\"><h2>Partenaires des Porsche Classic Series 2021<\/h2><div class=\"title-sep-container\"><div class=\"title-sep\"><\/div><\/div><\/div>\n<div class=\"related-posts related-projects clientslider-container\"><div id=\"carousel\" class=\"clients-carousel es-carousel-wrapper\"><div class=\"es-carousel\"><ul>\n<li><a href=\"https:\/\/www.porsche-barcelona.com\/\" target=\"_self\"><img decoding=\"async\" src=\"\/wp-content\/uploads\/2017\/02\/logo-centro-porsche.jpg\" alt=\"\" \/><\/a><\/li>\n<li><a href=\"https:\/\/www.porsche.com\/spain\/accessoriesandservice\/classic\/\" target=\"_self\"><img decoding=\"async\" src=\"\/wp-content\/uploads\/Logo-porsche-classic-150x100-1.jpg\" alt=\"\" \/><\/a><\/li>\n<li><a href=\"https:\/\/www.clubporsche.es\/\" target=\"_self\"><img decoding=\"async\" src=\"\/wp-content\/uploads\/2019\/01\/PorscheClub_150x100.jpg\" alt=\"\" \/><\/a><\/li>\n<\/ul><div class=\"es-nav\"><span class=\"es-nav-prev\">Previous<\/span><span class=\"es-nav-next\">Next<\/span><\/div><\/div><\/div><\/div>\n<p><img loading=\"lazy\" decoding=\"async\" class=\"aligncenter size-large wp-image-5809\" src=\"\/wp-content\/uploads\/pcs2021_logos.jpg\" alt=\"Patrocinadores Porsche Classic Series 2021\" width=\"1024\" height=\"133\" \/><\/p>\n<div class=\"title\"><h2>Informations sur les Porsche ClassicSeries 2021<\/h2><div class=\"title-sep-container\"><div class=\"title-sep\"><\/div><\/div><\/div>\n<p>Six \u00e9v\u00e9nements composent la saison 2021 de la Porsche Classic Series. Les voitures classiques et youngtimer fabriqu\u00e9es jusqu&rsquo;en 1995 peuvent participer \u00e0 ce concours de r\u00e9gularit\u00e9 dans lequel la pers\u00e9v\u00e9rance et les comp\u00e9tences de conduite sont r\u00e9compens\u00e9es. Dans la saison 2021, en plus des visites au Circuit de Navarre en juin et au Circuit de Jarama en juillet, les rendez-vous habituels ne manqueront pas avec les quatre circuits catalans, dont la grande finale du Circuit de Barcelona-Catalunya en octobre. Porsche Classic Series, la meilleure exp\u00e9rience de circuit pour les pilotes amateurs, en toute s\u00e9curit\u00e9 et dans le respect des autres participants et de leurs v\u00e9hicules.<br \/>\nEt si vous avez une voiture de sport haute performance, assurez-vous de participer \u00e0 la Porsche Gentlemen, o\u00f9 vous pourrez profiter de votre voiture dans un environnement s\u00fbr et avec d&rsquo;autres fans.<\/p>","protected":false},"excerpt":{"rendered":"<p>La galerie photo du rendez-vous de nos concours de r\u00e9gularit\u00e9 au Parcmotor Castellol\u00ed est maintenant disponible. Il s&rsquo;agit d&rsquo;une vaste galerie de photos gracieuset\u00e9 de Ramon Puig, Jaume Palau-Ribes, Maria [&#8230;]<\/p>\n","protected":false},"author":9192197,"featured_media":0,"parent":0,"menu_order":0,"comment_status":"closed","ping_status":"closed","template":"","meta":{"om_disable_all_campaigns":false,"_monsterinsights_skip_tracking":false,"_monsterinsights_sitenote_active":false,"_monsterinsights_sitenote_note":"","_monsterinsights_sitenote_category":0,"footnotes":""},"class_list":["post-26377","page","type-page","status-publish","hentry"],"aioseo_notices":[],"_links":{"self":[{"href":"https:\/\/rallyclassics.club\/fr\/wp-json\/wp\/v2\/pages\/26377","targetHints":{"allow":["GET"]}}],"collection":[{"href":"https:\/\/rallyclassics.club\/fr\/wp-json\/wp\/v2\/pages"}],"about":[{"href":"https:\/\/rallyclassics.club\/fr\/wp-json\/wp\/v2\/types\/page"}],"author":[{"embeddable":true,"href":"https:\/\/rallyclassics.club\/fr\/wp-json\/wp\/v2\/users\/9192197"}],"replies":[{"embeddable":true,"href":"https:\/\/rallyclassics.club\/fr\/wp-json\/wp\/v2\/comments?post=26377"}],"version-history":[{"count":55,"href":"https:\/\/rallyclassics.club\/fr\/wp-json\/wp\/v2\/pages\/26377\/revisions"}],"predecessor-version":[{"id":29736,"href":"https:\/\/rallyclassics.club\/fr\/wp-json\/wp\/v2\/pages\/26377\/revisions\/29736"}],"wp:attachment":[{"href":"https:\/\/rallyclassics.club\/fr\/wp-json\/wp\/v2\/media?parent=26377"}],"curies":[{"name":"wp","href":"https:\/\/api.w.org\/{rel}","templated":true}]}}