{"id":26424,"date":"2021-02-26T15:16:12","date_gmt":"2021-02-26T14:16:12","guid":{"rendered":"https:\/\/www.rallyclassics.club\/moto-classic-series-2020\/calafat-2020-copy\/"},"modified":"2021-05-10T16:13:25","modified_gmt":"2021-05-10T15:13:25","slug":"calafat-2021","status":"publish","type":"page","link":"https:\/\/rallyclassics.club\/fr\/moto-classic-series-2021\/calafat-2021\/","title":{"rendered":"Moto Classic Series 2021 &#8211; Calafat 8 mai | Motos classiques en circuit"},"content":{"rendered":"<p><div class=\"title\"><h2>MotoClassic Series 2021 &#8211; Calafat 8 mai<\/h2><div class=\"title-sep-container\"><div class=\"title-sep\"><\/div><\/div><\/div>\n<p><img loading=\"lazy\" decoding=\"async\" class=\"alignnone size-full wp-image-301\" src=\"\/wp-content\/uploads\/MCS2021_980x300.jpg\" alt=\"Moto Classic Series 2021 - Motos cl\u00e1sicas en circuito - Regularidad en Circuito\" width=\"980\" height=\"300\" \/><\/p>\n<p style=\"text-align: left;\"><div class=\"title\"><h2>Classifications<\/h2><div class=\"title-sep-container\"><div class=\"title-sep\"><\/div><\/div><\/div>\n<div class=\"one_half last\">\n<a class=\"button-9 button large default\" title=\"\" href=\"https:\/\/www.rallyclassics.club\/wp-content\/uploads\/MCS2021_CALAFAT_FINAL_Resumen.pdf\" target=\"_blank\">Class\u00e9ment General<\/a>\n<\/div><div class=\"clearboth\"><\/div>\n<p>&nbsp;<\/p>\n<p style=\"text-align: left;\"><div class=\"title\"><h2>Information<\/h2><div class=\"title-sep-container\"><div class=\"title-sep\"><\/div><\/div><\/div>\n<div class=\"one_half\">\n<a class=\"button-10 button large default\" title=\"\" href=\"https:\/\/www.rallyclassics.club\/wp-content\/uploads\/Horario-Calafat-_motos-v1.pdf\" target=\"_blank\">Programe horaire<\/a>\n<\/div>\n<div class=\"one_half last\">\n<a class=\"button-11 button large default\" title=\"\" href=\"https:\/\/www.rallyclassics.club\/wp-content\/uploads\/LISTA-DE-INSCRITOS-4.pdf\" target=\"_blank\">Liste \u00e9ngag\u00e9s<\/a>\n<\/div><div class=\"clearboth\"><\/div>\n<div class=\"title\"><h2>Actualit\u00e9s MotoClassic Series 2021<\/h2><div class=\"title-sep-container\"><div class=\"title-sep\"><\/div><\/div><\/div>\n<div class=\"avada-container\"><section class=\"columns columns-3\" style=\"width:100%\"><div class=\"holder\"><article class=\"col\"><div class=\"flexslider floated-post-slideshow\"><ul class=\"slides\"><li>\n\t\t\t\t\t<a href=\"https:\/\/rallyclassics.club\/fr\/abrimos-inscripciones-gran-final-motoclassic-series-2022\/\" rel=\"\"><img decoding=\"async\" src=\"https:\/\/rallyclassics.club\/wp-content\/uploads\/porsche_classic_series_final_circuit_barcelona_catalunya-2-700x441.jpg\" alt=\"Engagements ouverts pour la Grand Final des MotoClassic Series 2022\" \/><\/a>\n\t\t\t\t<\/li><\/ul>\n\t\t<\/div><h4><a href=\"https:\/\/rallyclassics.club\/fr\/abrimos-inscripciones-gran-final-motoclassic-series-2022\/\">Engagements ouverts pour la Grand Final des MotoClassic Series 2022<\/a><\/h4><ul class=\"meta\"><li><em class=\"date\">22 septembre, 2022<\/em><\/li><\/ul><\/article><article class=\"col\"><div class=\"flexslider floated-post-slideshow\"><ul class=\"slides\"><li>\n\t\t\t\t\t<a href=\"https:\/\/rallyclassics.club\/fr\/cronica-porsche-classic-series-parcmotor-castelloli-2022\/\" rel=\"\"><img decoding=\"async\" src=\"https:\/\/rallyclassics.club\/wp-content\/uploads\/porsche_classic_series_parcmotor_castelloli_2022-26-700x441.jpg\" alt=\"D\u00e9but spectaculaire des Porsche Classic Series \u00e0 Parcmotor Castellol\u00ed\" \/><\/a>\n\t\t\t\t<\/li><\/ul>\n\t\t<\/div><h4><a href=\"https:\/\/rallyclassics.club\/fr\/cronica-porsche-classic-series-parcmotor-castelloli-2022\/\">D\u00e9but spectaculaire des Porsche Classic Series \u00e0 Parcmotor Castellol\u00ed<\/a><\/h4><ul class=\"meta\"><li><em class=\"date\">11 avril, 2022<\/em><\/li><\/ul><\/article><article class=\"col\"><div class=\"flexslider floated-post-slideshow\"><ul class=\"slides\"><li>\n\t\t\t\t\t<a href=\"https:\/\/rallyclassics.club\/fr\/resumen-final-porsche-classic-series-2021-circuit-barcelona-catalunya\/\" rel=\"\"><img decoding=\"async\" src=\"https:\/\/rallyclassics.club\/wp-content\/uploads\/video_gran_final-700x441.jpg\" alt=\"Le Circuit de Barcelona-Catalunya cl\u00f4ture avec succ\u00e8s les Porsche Classic Series\" \/><\/a>\n\t\t\t\t<\/li><\/ul>\n\t\t<\/div><h4><a href=\"https:\/\/rallyclassics.club\/fr\/resumen-final-porsche-classic-series-2021-circuit-barcelona-catalunya\/\">Le Circuit de Barcelona-Catalunya cl\u00f4ture avec succ\u00e8s les Porsche Classic Series<\/a><\/h4><ul class=\"meta\"><li><em class=\"date\">31 octobre, 2021<\/em><\/li><\/ul><\/article><article class=\"col\"><div class=\"flexslider floated-post-slideshow\"><ul class=\"slides\"><li>\n\t\t\t\t\t<a href=\"https:\/\/rallyclassics.club\/fr\/ultimos-dias-gran-final-porsche-classic-series\/\" rel=\"\"><img decoding=\"async\" src=\"https:\/\/rallyclassics.club\/wp-content\/uploads\/porsche_classic_series_circuit_barcelona_catalunya-5-700x441.jpg\" alt=\"Derniers jours pour s&rsquo;inscrire \u00e0 la Grande Finale des Porsche Classic Series\" \/><\/a>\n\t\t\t\t<\/li><\/ul>\n\t\t<\/div><h4><a href=\"https:\/\/rallyclassics.club\/fr\/ultimos-dias-gran-final-porsche-classic-series\/\">Derniers jours pour s&rsquo;inscrire \u00e0 la Grande Finale des Porsche Classic Series<\/a><\/h4><ul class=\"meta\"><li><em class=\"date\">22 octobre, 2021<\/em><\/li><\/ul><\/article><article class=\"col\"><div class=\"flexslider floated-post-slideshow\"><ul class=\"slides\"><li>\n\t\t\t\t\t<a href=\"https:\/\/rallyclassics.club\/fr\/galeria-fotos-porsche-classic-series-2021-castelloli\/\" rel=\"\"><img decoding=\"async\" src=\"https:\/\/rallyclassics.club\/wp-content\/uploads\/porsche_classic_series_2021_castelloli_galeria-34-700x441.jpg\" alt=\"Galerie de photos Porsche Classic Series a Parcmotor Castellol\u00ed\" \/><\/a>\n\t\t\t\t<\/li><\/ul>\n\t\t<\/div><h4><a href=\"https:\/\/rallyclassics.club\/fr\/galeria-fotos-porsche-classic-series-2021-castelloli\/\">Galerie de photos Porsche Classic Series a Parcmotor Castellol\u00ed<\/a><\/h4><ul class=\"meta\"><li><em class=\"date\">14 octobre, 2021<\/em><\/li><\/ul><\/article><article class=\"col\"><div class=\"flexslider floated-post-slideshow\"><ul class=\"slides\"><li>\n\t\t\t\t\t<a href=\"https:\/\/rallyclassics.club\/fr\/inscripciones-abiertas-gran-final-porsche-classic-series-2021\/\" rel=\"\"><img decoding=\"async\" src=\"https:\/\/rallyclassics.club\/wp-content\/uploads\/porsche_classic_series_final_circuit_barcelona_catalunya-5-700x441.jpg\" alt=\"Grand Finale Porsche Classic Series sur le Circuit de Barcelona-Catalunya : engagements ouverts\" \/><\/a>\n\t\t\t\t<\/li><\/ul>\n\t\t<\/div><h4><a href=\"https:\/\/rallyclassics.club\/fr\/inscripciones-abiertas-gran-final-porsche-classic-series-2021\/\">Grand Finale Porsche Classic Series sur le Circuit de Barcelona-Catalunya : engagements ouverts<\/a><\/h4><ul class=\"meta\"><li><em class=\"date\">27 septembre, 2021<\/em><\/li><\/ul><\/article><\/div><\/section><\/div>\n<div class=\"title\"><h2>Rallyclassics TV<\/h2><div class=\"title-sep-container\"><div class=\"title-sep\"><\/div><\/div><\/div>\n<iframe loading=\"lazy\" src=\"https:\/\/www.youtube.com\/embed\/mXhOgB7RGGU\" width=\"560\" height=\"315\" frameborder=\"0\" allowfullscreen=\"allowfullscreen\"><\/iframe><\/p>\n<div class=\"title\"><h2>Partenaires Moto Classic Series 2021<\/h2><div class=\"title-sep-container\"><div class=\"title-sep\"><\/div><\/div><\/div>\n<p><img loading=\"lazy\" decoding=\"async\" class=\"aligncenter size-large wp-image-5809\" src=\"\/wp-content\/uploads\/2020\/02\/mcs2020_logos.jpg\" alt=\"Patrocinadores Moto Classic series\" width=\"669\" height=\"87\" \/><\/p>\n<p style=\"text-align: center;\"><a class=\"button-12 button large default\" title=\"\" href=\"\/moto-classic-series-2021\/\" target=\"_self\">Retour a web principal MotoClassic Series<\/a>\n<p><\/p>","protected":false},"excerpt":{"rendered":"<p>Nous vous informons que les engagements pour la grande finale des Porsche Classic Series 2021 sont ouverts. Apr\u00e8s une ann\u00e9e d\u2019absence dans le calendrier, nous avons tr\u00e8s envie de revenir [&#8230;]<\/p>\n","protected":false},"author":9192197,"featured_media":0,"parent":26425,"menu_order":0,"comment_status":"closed","ping_status":"closed","template":"","meta":{"om_disable_all_campaigns":false,"_monsterinsights_skip_tracking":false,"_monsterinsights_sitenote_active":false,"_monsterinsights_sitenote_note":"","_monsterinsights_sitenote_category":0,"footnotes":""},"class_list":["post-26424","page","type-page","status-publish","hentry"],"aioseo_notices":[],"_links":{"self":[{"href":"https:\/\/rallyclassics.club\/fr\/wp-json\/wp\/v2\/pages\/26424","targetHints":{"allow":["GET"]}}],"collection":[{"href":"https:\/\/rallyclassics.club\/fr\/wp-json\/wp\/v2\/pages"}],"about":[{"href":"https:\/\/rallyclassics.club\/fr\/wp-json\/wp\/v2\/types\/page"}],"author":[{"embeddable":true,"href":"https:\/\/rallyclassics.club\/fr\/wp-json\/wp\/v2\/users\/9192197"}],"replies":[{"embeddable":true,"href":"https:\/\/rallyclassics.club\/fr\/wp-json\/wp\/v2\/comments?post=26424"}],"version-history":[{"count":12,"href":"https:\/\/rallyclassics.club\/fr\/wp-json\/wp\/v2\/pages\/26424\/revisions"}],"predecessor-version":[{"id":27638,"href":"https:\/\/rallyclassics.club\/fr\/wp-json\/wp\/v2\/pages\/26424\/revisions\/27638"}],"up":[{"embeddable":true,"href":"https:\/\/rallyclassics.club\/fr\/wp-json\/wp\/v2\/pages\/26425"}],"wp:attachment":[{"href":"https:\/\/rallyclassics.club\/fr\/wp-json\/wp\/v2\/media?parent=26424"}],"curies":[{"name":"wp","href":"https:\/\/api.w.org\/{rel}","templated":true}]}}