{"id":26426,"date":"2021-02-26T15:16:13","date_gmt":"2021-02-26T14:16:13","guid":{"rendered":"https:\/\/www.rallyclassics.club\/moto-classic-series-2020\/alcarras-2020-copy\/"},"modified":"2021-04-08T13:08:49","modified_gmt":"2021-04-08T12:08:49","slug":"alcarras-2021","status":"publish","type":"page","link":"https:\/\/rallyclassics.club\/fr\/moto-classic-series-2021\/alcarras-2021\/","title":{"rendered":"Moto Classic Series 2021 &#8211; Alcarr\u00e0s 10 avril | Motos classiques en circuit &#8211; R\u00e9gularit\u00e9 dans le circuit moto"},"content":{"rendered":"<p><div class=\"title\"><h1>MotoClassic Series 2021 &#8211; Alcarras<\/h1><div class=\"title-sep-container\"><div class=\"title-sep\"><\/div><\/div><\/div><img loading=\"lazy\" decoding=\"async\" class=\"alignnone size-full wp-image-301\" src=\"\/wp-content\/uploads\/MCS2021_980x300.jpg\" alt=\"MotoClassic Series 2021 Alcarr\u00e0s\" width=\"980\" height=\"300\" \/><\/p>\n<div class=\"title\"><h2>Live Results<\/h2><div class=\"title-sep-container\"><div class=\"title-sep\"><\/div><\/div><\/div>\n<div class=\"one_half\">\n<a class=\"button-9 button large default\" title=\"\" href=\"http:\/\/crono.rallyclassics.net\/Default2.aspx\" target=\"_self\">Tour \u00e0 Tour<\/a>\n<\/div>\n<div class=\"one_half last\">\n<a class=\"button-10 button large default\" title=\"\" href=\"http:\/\/crono.rallyclassics.net\/Default3.aspx\" target=\"_self\">Classement g\u00e9n\u00e9ral<\/a>\n<\/div><div class=\"clearboth\"><\/div>\n&nbsp;<br \/>\n<div class=\"title\"><h2>Actualit\u00e9s des MotoClassicSeries 2021<\/h2><div class=\"title-sep-container\"><div class=\"title-sep\"><\/div><\/div><\/div>\n<div class=\"avada-container\"><section class=\"columns columns-2\" style=\"width:100%\"><div class=\"holder\"><article class=\"col\"><div class=\"flexslider floated-post-slideshow\"><ul class=\"slides\"><li>\n\t\t\t\t\t<a href=\"https:\/\/rallyclassics.club\/fr\/abrimos-inscripciones-gran-final-motoclassic-series-2022\/\" rel=\"\"><img decoding=\"async\" src=\"https:\/\/rallyclassics.club\/wp-content\/uploads\/porsche_classic_series_final_circuit_barcelona_catalunya-2-700x441.jpg\" alt=\"Engagements ouverts pour la Grand Final des MotoClassic Series 2022\" \/><\/a>\n\t\t\t\t<\/li><\/ul>\n\t\t<\/div><h4><a href=\"https:\/\/rallyclassics.club\/fr\/abrimos-inscripciones-gran-final-motoclassic-series-2022\/\">Engagements ouverts pour la Grand Final des MotoClassic Series 2022<\/a><\/h4><ul class=\"meta\"><li><em class=\"date\">22 septembre, 2022<\/em><\/li><\/ul><\/article><article class=\"col\"><div class=\"flexslider floated-post-slideshow\"><ul class=\"slides\"><li>\n\t\t\t\t\t<a href=\"https:\/\/rallyclassics.club\/fr\/cronica-porsche-classic-series-parcmotor-castelloli-2022\/\" rel=\"\"><img decoding=\"async\" src=\"https:\/\/rallyclassics.club\/wp-content\/uploads\/porsche_classic_series_parcmotor_castelloli_2022-26-700x441.jpg\" alt=\"D\u00e9but spectaculaire des Porsche Classic Series \u00e0 Parcmotor Castellol\u00ed\" \/><\/a>\n\t\t\t\t<\/li><\/ul>\n\t\t<\/div><h4><a href=\"https:\/\/rallyclassics.club\/fr\/cronica-porsche-classic-series-parcmotor-castelloli-2022\/\">D\u00e9but spectaculaire des Porsche Classic Series \u00e0 Parcmotor Castellol\u00ed<\/a><\/h4><ul class=\"meta\"><li><em class=\"date\">11 avril, 2022<\/em><\/li><\/ul><\/article><article class=\"col\"><div class=\"flexslider floated-post-slideshow\"><ul class=\"slides\"><li>\n\t\t\t\t\t<a href=\"https:\/\/rallyclassics.club\/fr\/resumen-final-porsche-classic-series-2021-circuit-barcelona-catalunya\/\" rel=\"\"><img decoding=\"async\" src=\"https:\/\/rallyclassics.club\/wp-content\/uploads\/video_gran_final-700x441.jpg\" alt=\"Le Circuit de Barcelona-Catalunya cl\u00f4ture avec succ\u00e8s les Porsche Classic Series\" \/><\/a>\n\t\t\t\t<\/li><\/ul>\n\t\t<\/div><h4><a href=\"https:\/\/rallyclassics.club\/fr\/resumen-final-porsche-classic-series-2021-circuit-barcelona-catalunya\/\">Le Circuit de Barcelona-Catalunya cl\u00f4ture avec succ\u00e8s les Porsche Classic Series<\/a><\/h4><ul class=\"meta\"><li><em class=\"date\">31 octobre, 2021<\/em><\/li><\/ul><\/article><article class=\"col\"><div class=\"flexslider floated-post-slideshow\"><ul class=\"slides\"><li>\n\t\t\t\t\t<a href=\"https:\/\/rallyclassics.club\/fr\/ultimos-dias-gran-final-porsche-classic-series\/\" rel=\"\"><img decoding=\"async\" src=\"https:\/\/rallyclassics.club\/wp-content\/uploads\/porsche_classic_series_circuit_barcelona_catalunya-5-700x441.jpg\" alt=\"Derniers jours pour s&rsquo;inscrire \u00e0 la Grande Finale des Porsche Classic Series\" \/><\/a>\n\t\t\t\t<\/li><\/ul>\n\t\t<\/div><h4><a href=\"https:\/\/rallyclassics.club\/fr\/ultimos-dias-gran-final-porsche-classic-series\/\">Derniers jours pour s&rsquo;inscrire \u00e0 la Grande Finale des Porsche Classic Series<\/a><\/h4><ul class=\"meta\"><li><em class=\"date\">22 octobre, 2021<\/em><\/li><\/ul><\/article><\/div><\/section><\/div>\n<div class=\"title\"><h2>RallyClassics TV:<\/h2><div class=\"title-sep-container\"><div class=\"title-sep\"><\/div><\/div><\/div>\n<iframe loading=\"lazy\" src=\"https:\/\/www.youtube.com\/embed\/nSczzuhBvb8\" width=\"560\" height=\"315\" frameborder=\"0\" allowfullscreen=\"allowfullscreen\"><\/iframe><\/p>\n<div class=\"title\"><h2>Partenaires des Moto Classic Series 2021<\/h2><div class=\"title-sep-container\"><div class=\"title-sep\"><\/div><\/div><\/div>\n<p><img loading=\"lazy\" decoding=\"async\" class=\"aligncenter size-large wp-image-5809\" src=\"\/wp-content\/uploads\/mcs2021_logos.jpg\" alt=\"Patrocinadores Moto Classic series 2021\" width=\"1024\" height=\"133\" \/><\/p>","protected":false},"excerpt":{"rendered":"<p>La Grande Finale des Porsche Classic Series 2021 approche. Le samedi 30 octobre vous avez un rendez-vous incontournable sur le Circuit de Barcelona-Catalunya. Nous profiterons d&rsquo;un grand festival de l&rsquo;automobile [&#8230;]<\/p>\n","protected":false},"author":9192197,"featured_media":0,"parent":26425,"menu_order":0,"comment_status":"closed","ping_status":"closed","template":"","meta":{"om_disable_all_campaigns":false,"_monsterinsights_skip_tracking":false,"_monsterinsights_sitenote_active":false,"_monsterinsights_sitenote_note":"","_monsterinsights_sitenote_category":0,"footnotes":""},"class_list":["post-26426","page","type-page","status-publish","hentry"],"aioseo_notices":[],"_links":{"self":[{"href":"https:\/\/rallyclassics.club\/fr\/wp-json\/wp\/v2\/pages\/26426","targetHints":{"allow":["GET"]}}],"collection":[{"href":"https:\/\/rallyclassics.club\/fr\/wp-json\/wp\/v2\/pages"}],"about":[{"href":"https:\/\/rallyclassics.club\/fr\/wp-json\/wp\/v2\/types\/page"}],"author":[{"embeddable":true,"href":"https:\/\/rallyclassics.club\/fr\/wp-json\/wp\/v2\/users\/9192197"}],"replies":[{"embeddable":true,"href":"https:\/\/rallyclassics.club\/fr\/wp-json\/wp\/v2\/comments?post=26426"}],"version-history":[{"count":36,"href":"https:\/\/rallyclassics.club\/fr\/wp-json\/wp\/v2\/pages\/26426\/revisions"}],"predecessor-version":[{"id":27144,"href":"https:\/\/rallyclassics.club\/fr\/wp-json\/wp\/v2\/pages\/26426\/revisions\/27144"}],"up":[{"embeddable":true,"href":"https:\/\/rallyclassics.club\/fr\/wp-json\/wp\/v2\/pages\/26425"}],"wp:attachment":[{"href":"https:\/\/rallyclassics.club\/fr\/wp-json\/wp\/v2\/media?parent=26426"}],"curies":[{"name":"wp","href":"https:\/\/api.w.org\/{rel}","templated":true}]}}