{"id":26888,"date":"2021-03-24T10:58:09","date_gmt":"2021-03-24T09:58:09","guid":{"rendered":"https:\/\/www.rallyclassics.club\/moto-classic-series-2021\/alcarras-2021-copy\/"},"modified":"2021-06-07T13:02:11","modified_gmt":"2021-06-07T12:02:11","slug":"navarra-classic-raid-2021","status":"publish","type":"page","link":"https:\/\/rallyclassics.club\/fr\/navarra-classic-raid-2021\/","title":{"rendered":"Navarra Classic Raid &#8211; 4 et 5 juin 2021 | Raid R\u00e9gularit\u00e9"},"content":{"rendered":"<p><div class=\"title\"><h2>Navarra Classic Raid &#8211; 4 et 5 juin 2021 | Raid R\u00e9gularit\u00e9<\/h2><div class=\"title-sep-container\"><div class=\"title-sep\"><\/div><\/div><\/div><img loading=\"lazy\" decoding=\"async\" class=\"alignnone size-full wp-image-301\" src=\"\/wp-content\/uploads\/ncf2021_raid_980x300c.jpg\" alt=\"Navarra Classic Raid - 4 y 5 junio 2021 | Raid de Regularidad\" width=\"980\" height=\"300\" \/><\/p>\n<div class=\"title\"><h2>Information<\/h2><div class=\"title-sep-container\"><div class=\"title-sep\"><\/div><\/div><\/div>\nLe Navarra Classic Festival c\u00e9l\u00e8bre une \u00e9preuve de r\u00e9gularit\u00e9 avec navigation sur pistes de terre, id\u00e9al pour l\u2019initiation ou la pr\u00e9paration au Dakar Classic ou \u00e0 d\u2019autres \u00e9v\u00e9nements similaires. Seront admis v\u00e9hicules construits jusqu\u2019\u00e0 l\u2019an 1996 ou jusqu\u2019\u00e0 l\u2019an 2000 pour v\u00e9hicules exceptionnel, dans categories Voitures 4\u00d74, Voitures 4\u00d72, Moto, Quads et Camions.<\/p>\n<div class=\"title\"><h2>\u00c9ngages<\/h2><div class=\"title-sep-container\"><div class=\"title-sep\"><\/div><\/div><\/div>\n<div class=\"one_half\">\n<a class=\"button-17 button large default\" title=\"\" href=\"https:\/\/www.rallyclassics.club\/wp-content\/uploads\/LISTA-DE-INSCRITOS-CLASSIC-RAID-NAVARRA.pdf\" target=\"_blank\">Liste Engages<\/a>\n<\/div>\n<div class=\"one_half last\">\n<a class=\"button-18 button large default\" title=\"\" href=\"http:\/\/pub.mirally.es\/Races\/Results\/1493\" target=\"_blank\">Classification Final<\/a>\n<\/div><div class=\"clearboth\"><\/div>\n<p>&nbsp;<\/p>\n<div class=\"title\"><h2>Documents<\/h2><div class=\"title-sep-container\"><div class=\"title-sep\"><\/div><\/div><\/div>\n<div class=\"one_half\">\n<a class=\"button-19 button large default\" title=\"\" href=\"https:\/\/www.rallyclassics.club\/wp-content\/uploads\/PROGRAMA-HORARIO-N-CLASSIC-RAID-v4.pdf\" target=\"_blank\">Horaire V4<\/a>\n<\/div>\n<div class=\"one_half last\">\n<a class=\"button-20 button large default\" title=\"\" href=\"https:\/\/www.rallyclassics.club\/wp-content\/uploads\/REGLAMENTO-NAVARRA-CLASSIC-RAID-v1.pdf\" target=\"_blank\">Reglements V1 (ES)<\/a>\n<\/div><div class=\"clearboth\"><\/div>\n<div class=\"one_half\">\n<a class=\"button-21 button large default\" title=\"\" href=\"https:\/\/www.rallyclassics.club\/wp-content\/uploads\/NCR-Tabla-de-Medias.pdf\" target=\"_blank\">Table Moyennes<\/a>\n<\/div>\n<div class=\"one_half last\">\n<a class=\"button-22 button large default\" title=\"\" href=\"https:\/\/www.rallyclassics.club\/wp-content\/uploads\/ncf-raid-calibra-RoadA5.pdf\" target=\"_blank\">Zone d&rsquo;Etalonnage (PDF)<\/a>\n<\/div><div class=\"clearboth\"><\/div>\n<p>&nbsp;<\/p>\n<div class=\"title\"><h2>Regularit\u00e9<\/h2><div class=\"title-sep-container\"><div class=\"title-sep\"><\/div><\/div><\/div>\n<div class=\"one_half last\">\n<a class=\"button-23 button large default\" title=\"\" href=\"http:\/\/www.rabbitrally.com\/docs\/content\/rabbit-rally-2-0-competidores\/introduccion-rapida-a-regularidad\/\" target=\"_blank\">Introduction a Rabbit Rally (ES)<\/a>\n<\/div><div class=\"clearboth\"><\/div>\n<p>&nbsp;<\/p>\n<div class=\"title\"><h2>Merchandising<\/h2><div class=\"title-sep-container\"><div class=\"title-sep\"><\/div><\/div><\/div>\n<p><a href=\"https:\/\/www.puravidasportwear.com\/festival-classic-navarra-a90\/\" target=\"_blank\" rel=\"noopener\"><img loading=\"lazy\" decoding=\"async\" class=\"aligncenter wp-image-25817 size-full\" src=\"\/wp-content\/uploads\/banner_merchandise_ncf.jpg\" alt=\"Navarra classic festival 2021\" width=\"800\" height=\"301\" \/><\/a><\/p>\n<p>&nbsp;<\/p>\n<div class=\"title\"><h2>Actualit\u00e9s du Navarra Classic Raid 2021<\/h2><div class=\"title-sep-container\"><div class=\"title-sep\"><\/div><\/div><\/div>\n<div class=\"avada-container\"><section class=\"columns columns-3\" style=\"width:100%\"><div class=\"holder\"><article class=\"col\"><div class=\"flexslider floated-post-slideshow\"><ul class=\"slides\"><li>\n\t\t\t\t\t<a href=\"https:\/\/rallyclassics.club\/fr\/inscribete-porsche-classic-series-navarra-11-junio\/\" rel=\"\"><img decoding=\"async\" src=\"https:\/\/rallyclassics.club\/wp-content\/uploads\/porsche_classic_series_2022_castelloli-45-700x441.jpg\" alt=\"Ne manquez pas les Porsche Classic Series de Navarre (11 juin) !\" \/><\/a>\n\t\t\t\t<\/li><\/ul>\n\t\t<\/div><h4><a href=\"https:\/\/rallyclassics.club\/fr\/inscribete-porsche-classic-series-navarra-11-junio\/\">Ne manquez pas les Porsche Classic Series de Navarre (11 juin) !<\/a><\/h4><\/article><article class=\"col\"><div class=\"flexslider floated-post-slideshow\"><ul class=\"slides\"><li>\n\t\t\t\t\t<a href=\"https:\/\/rallyclassics.club\/fr\/pegaso-7222-dakar-navarra-classic-raid\/\" rel=\"\"><img decoding=\"async\" src=\"https:\/\/rallyclassics.club\/wp-content\/uploads\/5-urbano_-700x441.jpg\" alt=\"Le Pegaso 7222 Dakar de Salvador Ca\u00f1ellas, au Navarra Classic Raid !\" \/><\/a>\n\t\t\t\t<\/li><\/ul>\n\t\t<\/div><h4><a href=\"https:\/\/rallyclassics.club\/fr\/pegaso-7222-dakar-navarra-classic-raid\/\">Le Pegaso 7222 Dakar de Salvador Ca\u00f1ellas, au Navarra Classic Raid !<\/a><\/h4><\/article><article class=\"col\"><div class=\"flexslider floated-post-slideshow\"><ul class=\"slides\"><li>\n\t\t\t\t\t<a href=\"https:\/\/rallyclassics.club\/fr\/inscripciones-abiertas-2-navarra-classic-raid-2022\/\" rel=\"\"><img decoding=\"async\" src=\"https:\/\/rallyclassics.club\/wp-content\/uploads\/navarra_classic_raid-12-700x441.jpg\" alt=\"Ouverture des inscriptions pour le 2e Navarra Classic Raid (10-11 juin)\" \/><\/a>\n\t\t\t\t<\/li><\/ul>\n\t\t<\/div><h4><a href=\"https:\/\/rallyclassics.club\/fr\/inscripciones-abiertas-2-navarra-classic-raid-2022\/\">Ouverture des inscriptions pour le 2e Navarra Classic Raid (10-11 juin)<\/a><\/h4><\/article><article class=\"col\"><div class=\"flexslider floated-post-slideshow\"><ul class=\"slides\"><li>\n\t\t\t\t\t<a href=\"https:\/\/rallyclassics.club\/fr\/video-navarra-classic-festival-2021\/\" rel=\"\"><img decoding=\"async\" src=\"https:\/\/rallyclassics.club\/wp-content\/uploads\/video_resumen_navarra_classic_festival-700x441.jpg\" alt=\"La vid\u00e9o officielle du Navarra Classic Festival 2021 est maintenant disponible\" \/><\/a>\n\t\t\t\t<\/li><\/ul>\n\t\t<\/div><h4><a href=\"https:\/\/rallyclassics.club\/fr\/video-navarra-classic-festival-2021\/\">La vid\u00e9o officielle du Navarra Classic Festival 2021 est maintenant disponible<\/a><\/h4><\/article><article class=\"col\"><div class=\"flexslider floated-post-slideshow\"><ul class=\"slides\"><li>\n\t\t\t\t\t<a href=\"https:\/\/rallyclassics.club\/fr\/resumen-navarra-classic-festival\/\" rel=\"\"><img decoding=\"async\" src=\"https:\/\/rallyclassics.club\/wp-content\/uploads\/navarra_classic_festival_2021_rallyclassics-5-700x441.jpg\" alt=\"Divertissement sur toutes les surfaces pour le premier Navarra Classic Festival\" \/><\/a>\n\t\t\t\t<\/li><\/ul>\n\t\t<\/div><h4><a href=\"https:\/\/rallyclassics.club\/fr\/resumen-navarra-classic-festival\/\">Divertissement sur toutes les surfaces pour le premier Navarra Classic Festival<\/a><\/h4><\/article><article class=\"col\"><div class=\"flexslider floated-post-slideshow\"><ul class=\"slides\"><li>\n\t\t\t\t\t<a href=\"https:\/\/rallyclassics.club\/fr\/inscripciones-abiertas-porsche-classic-series-navarra\/\" rel=\"\"><img decoding=\"async\" src=\"https:\/\/rallyclassics.club\/wp-content\/uploads\/navarra_classic_festival_porsche_classic_series_1-700x441.jpg\" alt=\"Engagements ouverts pour les Porsche Classic Series en Navarre\" \/><\/a>\n\t\t\t\t<\/li><\/ul>\n\t\t<\/div><h4><a href=\"https:\/\/rallyclassics.club\/fr\/inscripciones-abiertas-porsche-classic-series-navarra\/\">Engagements ouverts pour les Porsche Classic Series en Navarre<\/a><\/h4><\/article><\/div><\/section><\/div>\n<div class=\"title\"><h2>RallyClassics TV:<\/h2><div class=\"title-sep-container\"><div class=\"title-sep\"><\/div><\/div><\/div>\n<iframe loading=\"lazy\" src=\"https:\/\/www.youtube.com\/embed\/vdonuxOjNeM\" width=\"560\" height=\"315\" frameborder=\"0\" allowfullscreen=\"allowfullscreen\"><\/iframe><\/p>\n<p>&nbsp;<\/p>\n<div class=\"title\"><h2>Informaci\u00f3 del Navarra Classic Raid 2021<\/h2><div class=\"title-sep-container\"><div class=\"title-sep\"><\/div><\/div><\/div>\n<p>Le 1er Navarra Classic Raid comptera deux \u00e9tapes, les 4 et 5 juin, avec un d\u00e9part et une arriv\u00e9e sur le Circuito de Navarra. Il se d\u00e9composera en 12 sections de r\u00e9gularit\u00e9, qui repr\u00e9senteront environ 75 % du total de 320 km de parcours propos\u00e9 par cette premi\u00e8re \u00e9dition du raid. Le rallye reprendra les meilleurs tron\u00e7ons du Rally de Tierra de Navarra en plus d\u2019autres pistes pr\u00e9sentant un grand int\u00e9r\u00eat pour leurs paysages ou leurs difficult\u00e9s de navigation, ainsi que quelques tron\u00e7ons de trial pour mettre \u00e0 l\u2019\u00e9preuve l\u2019habilet\u00e9 des \u00e9quipages. Un des tron\u00e7ons s\u2019effectuera sur le circuit d\u2019autocross, \u00e0 l\u2019int\u00e9rieur des installations du Circuito de Navarra.<\/p>\n<p>&nbsp;<\/p>\n<div class=\"title\"><h2>Sponsors Navarra Classic Raid 2021<\/h2><div class=\"title-sep-container\"><div class=\"title-sep\"><\/div><\/div><\/div>\n<div class=\"related-posts related-projects clientslider-container\"><div id=\"carousel\" class=\"clients-carousel es-carousel-wrapper\"><div class=\"es-carousel\"><ul>\n<li><img decoding=\"async\" src=\" \/wp-content\/uploads\/CircuitoDeNavarra_150x100.jpg\" alt=\"\" \/><\/li>\n<li><img decoding=\"async\" src=\" \/wp-content\/uploads\/Rabbit-rally-150x100-1.jpg\" alt=\"\" \/><\/li>\n<li><img decoding=\"async\" src=\" \/wp-content\/uploads\/Enracat_150x100.jpg\" alt=\"\" \/><\/li>\n<li><img decoding=\"async\" src=\" \/wp-content\/uploads\/logo-integral-apps-150x100-1.jpg\" alt=\"\" \/><\/li>\n<li><img decoding=\"async\" src=\" \/wp-content\/uploads\/2019\/11\/A\u0300gora_150x100.jpg\" alt=\"\" \/><\/li>\n<li><img decoding=\"async\" src=\" \/wp-content\/uploads\/Mi-rally-150x100-1.jpg\" alt=\"\" \/><\/li>\n<\/ul><div class=\"es-nav\"><span class=\"es-nav-prev\">Previous<\/span><span class=\"es-nav-next\">Next<\/span><\/div><\/div><\/div><\/div>\n<p style=\"text-align: center;\"><a class=\"button-24 button large default\" title=\"\" href=\"\/navarra-classic-festival-2021\/\" target=\"\">Retour a web general du Navarra Classic Festival<\/a>\n<p><\/p>","protected":false},"excerpt":{"rendered":"<p>L\u2019\u00e9preuve aura lieu le samedi\u00a05\u00a0juin \u00e0 l\u2019occasion de la premi\u00e8re \u00e9dition du Navarra Classic Festival. Il s\u2019agit du troisi\u00e8me rendez-vous de l\u2019ann\u00e9e pour les comp\u00e9titions de r\u00e9gularit\u00e9 sur circuit. Ces [&#8230;]<\/p>\n","protected":false},"author":9192197,"featured_media":0,"parent":0,"menu_order":0,"comment_status":"closed","ping_status":"closed","template":"","meta":{"om_disable_all_campaigns":false,"_monsterinsights_skip_tracking":false,"_monsterinsights_sitenote_active":false,"_monsterinsights_sitenote_note":"","_monsterinsights_sitenote_category":0,"footnotes":""},"class_list":["post-26888","page","type-page","status-publish","hentry"],"aioseo_notices":[],"_links":{"self":[{"href":"https:\/\/rallyclassics.club\/fr\/wp-json\/wp\/v2\/pages\/26888","targetHints":{"allow":["GET"]}}],"collection":[{"href":"https:\/\/rallyclassics.club\/fr\/wp-json\/wp\/v2\/pages"}],"about":[{"href":"https:\/\/rallyclassics.club\/fr\/wp-json\/wp\/v2\/types\/page"}],"author":[{"embeddable":true,"href":"https:\/\/rallyclassics.club\/fr\/wp-json\/wp\/v2\/users\/9192197"}],"replies":[{"embeddable":true,"href":"https:\/\/rallyclassics.club\/fr\/wp-json\/wp\/v2\/comments?post=26888"}],"version-history":[{"count":51,"href":"https:\/\/rallyclassics.club\/fr\/wp-json\/wp\/v2\/pages\/26888\/revisions"}],"predecessor-version":[{"id":28091,"href":"https:\/\/rallyclassics.club\/fr\/wp-json\/wp\/v2\/pages\/26888\/revisions\/28091"}],"wp:attachment":[{"href":"https:\/\/rallyclassics.club\/fr\/wp-json\/wp\/v2\/media?parent=26888"}],"curies":[{"name":"wp","href":"https:\/\/api.w.org\/{rel}","templated":true}]}}