{"id":26917,"date":"2021-03-24T12:49:25","date_gmt":"2021-03-24T11:49:25","guid":{"rendered":"https:\/\/www.rallyclassics.club\/?page_id=26917"},"modified":"2021-06-07T13:07:18","modified_gmt":"2021-06-07T12:07:18","slug":"navarra-historic-rally-2021","status":"publish","type":"page","link":"https:\/\/rallyclassics.club\/fr\/navarra-historic-rally-2021\/","title":{"rendered":"Navarra Historic Rally &#8211; 4 et 5 juin 2021 | Rally R\u00e9gularit\u00e9"},"content":{"rendered":"<p><div class=\"title\"><h2>Navarra Historic Rally &#8211; 4 et 5 juin 2021 | Rally R\u00e9gularit\u00e9<\/h2><div class=\"title-sep-container\"><div class=\"title-sep\"><\/div><\/div><\/div>\n<img loading=\"lazy\" decoding=\"async\" class=\"alignnone size-full wp-image-301\" src=\"\/wp-content\/uploads\/ncf2021_rally_980x300c.jpg\" alt=\"1er Navarra Historic Rally - 4 y 5 junio 2021 | Rally de Regularidad\" width=\"980\" height=\"300\" \/><\/p>\n<div class=\"title\"><h2>Engages<\/h2><div class=\"title-sep-container\"><div class=\"title-sep\"><\/div><\/div><\/div>\n<div class=\"one_half\">\n<a class=\"button-17 button large default\" title=\"\" href=\"https:\/\/www.rallyclassics.club\/wp-content\/uploads\/LISTA-DE-INSCRITOS-HISTORIC-RALLY-NAVARRA.pdf\" target=\"_blank\">Liste Engages<\/a>\n<\/div>\n<div class=\"one_half last\">\n<a class=\"button-18 button large default\" title=\"\" href=\"http:\/\/pub.mirally.es\/Races\/Results\/1492\" target=\"_blank\">Classification Final<\/a>\n<\/div><div class=\"clearboth\"><\/div>\n<p>&nbsp;<\/p>\n<div class=\"title\"><h2>Documents<\/h2><div class=\"title-sep-container\"><div class=\"title-sep\"><\/div><\/div><\/div>\n<div class=\"one_half\">\n<a class=\"button-19 button large default\" title=\"\" href=\"https:\/\/www.rallyclassics.club\/wp-content\/uploads\/REGLAMENTO-NAVARRA-HISTORIC-RALLY-V2.pdf\" target=\"_blank\">R\u00e8glements V2 (ESP)<\/a>\n<\/div>\n<div class=\"one_half last\">\n<a class=\"button-20 button large default\" title=\"\" href=\"https:\/\/www.rallyclassics.club\/wp-content\/uploads\/PROGRAMA-HORARIO-N-HISTORIC-RALLY-v2.pdf\" target=\"_blank\">Programme Horaire V2<\/a>\n<\/div><div class=\"clearboth\"><\/div>\n<div class=\"one_half\">\n<a class=\"button-21 button large default\" title=\"\" href=\"https:\/\/www.rallyclassics.club\/wp-content\/uploads\/NHR-Tabla-de-medias.pdf\" target=\"_blank\">Table Moyennes<\/a>\n<\/div>\n<div class=\"one_half last\">\n<a class=\"button-22 button large default\" title=\"\" href=\"https:\/\/www.rallyclassics.club\/wp-content\/uploads\/NHR_tramo-de-calibracion.pdf\" target=\"_blank\">Zone Etalonnage (PDF)<\/a>\n<\/div><div class=\"clearboth\"><\/div>\n<p>&nbsp;<\/p>\n<div class=\"title\"><h2>Regularit\u00e9<\/h2><div class=\"title-sep-container\"><div class=\"title-sep\"><\/div><\/div><\/div>\n<div class=\"one_half last\">\n<a class=\"button-23 button large default\" title=\"\" href=\"http:\/\/www.rabbitrally.com\/docs\/content\/rabbit-rally-2-0-competidores\/introduccion-rapida-a-regularidad\/\" target=\"_blank\">Introduction a Rabbit Rally (ES)<\/a>\n<\/div><div class=\"clearboth\"><\/div>\n<p>&nbsp;<\/p>\n<div class=\"title\"><h2>Merchandising<\/h2><div class=\"title-sep-container\"><div class=\"title-sep\"><\/div><\/div><\/div>\n<p><a href=\"https:\/\/www.puravidasportwear.com\/festival-classic-navarra-a90\/\" target=\"_blank\" rel=\"noopener\"><img loading=\"lazy\" decoding=\"async\" class=\"aligncenter wp-image-25817 size-full\" src=\"\/wp-content\/uploads\/banner_merchandise_ncf.jpg\" alt=\"Navarra classic festival 2021\" width=\"800\" height=\"301\" \/><\/a><\/p>\n<p>&nbsp;<\/p>\n<div class=\"title\"><h2>Actualit\u00e9s du Navarra Historic Rally 2021<\/h2><div class=\"title-sep-container\"><div class=\"title-sep\"><\/div><\/div><\/div>\n<div class=\"avada-container\"><section class=\"columns columns-3\" style=\"width:100%\"><div class=\"holder\"><article class=\"col\"><div class=\"flexslider floated-post-slideshow\"><ul class=\"slides\"><li>\n\t\t\t\t\t<a href=\"https:\/\/rallyclassics.club\/fr\/inscribete-porsche-classic-series-navarra-11-junio\/\" rel=\"\"><img decoding=\"async\" src=\"https:\/\/rallyclassics.club\/wp-content\/uploads\/porsche_classic_series_2022_castelloli-45-700x441.jpg\" alt=\"\u00a1No te pierdas las Porsche Classic Series de Navarra (11 junio)!\" \/><\/a>\n\t\t\t\t<\/li><\/ul>\n\t\t<\/div><h4><a href=\"https:\/\/rallyclassics.club\/fr\/inscribete-porsche-classic-series-navarra-11-junio\/\">\u00a1No te pierdas las Porsche Classic Series de Navarra (11 junio)!<\/a><\/h4><\/article><article class=\"col\"><div class=\"flexslider floated-post-slideshow\"><ul class=\"slides\"><li>\n\t\t\t\t\t<a href=\"https:\/\/rallyclassics.club\/fr\/pegaso-7222-dakar-navarra-classic-raid\/\" rel=\"\"><img decoding=\"async\" src=\"https:\/\/rallyclassics.club\/wp-content\/uploads\/5-urbano_-700x441.jpg\" alt=\"Le Pegaso 7222 Dakar de Salvador Ca\u00f1ellas, au Navarra Classic Raid !\" \/><\/a>\n\t\t\t\t<\/li><\/ul>\n\t\t<\/div><h4><a href=\"https:\/\/rallyclassics.club\/fr\/pegaso-7222-dakar-navarra-classic-raid\/\">Le Pegaso 7222 Dakar de Salvador Ca\u00f1ellas, au Navarra Classic Raid !<\/a><\/h4><\/article><article class=\"col\"><div class=\"flexslider floated-post-slideshow\"><ul class=\"slides\"><li>\n\t\t\t\t\t<a href=\"https:\/\/rallyclassics.club\/fr\/inscripciones-abiertas-2-navarra-classic-raid-2022\/\" rel=\"\"><img decoding=\"async\" src=\"https:\/\/rallyclassics.club\/wp-content\/uploads\/navarra_classic_raid-12-700x441.jpg\" alt=\"Ouverture des inscriptions pour le 2e Navarra Classic Raid (10-11 juin)\" \/><\/a>\n\t\t\t\t<\/li><\/ul>\n\t\t<\/div><h4><a href=\"https:\/\/rallyclassics.club\/fr\/inscripciones-abiertas-2-navarra-classic-raid-2022\/\">Ouverture des inscriptions pour le 2e Navarra Classic Raid (10-11 juin)<\/a><\/h4><\/article><article class=\"col\"><div class=\"flexslider floated-post-slideshow\"><ul class=\"slides\"><li>\n\t\t\t\t\t<a href=\"https:\/\/rallyclassics.club\/fr\/video-navarra-classic-festival-2021\/\" rel=\"\"><img decoding=\"async\" src=\"https:\/\/rallyclassics.club\/wp-content\/uploads\/video_resumen_navarra_classic_festival-700x441.jpg\" alt=\"La vid\u00e9o officielle du Navarra Classic Festival 2021 est maintenant disponible\" \/><\/a>\n\t\t\t\t<\/li><\/ul>\n\t\t<\/div><h4><a href=\"https:\/\/rallyclassics.club\/fr\/video-navarra-classic-festival-2021\/\">La vid\u00e9o officielle du Navarra Classic Festival 2021 est maintenant disponible<\/a><\/h4><\/article><article class=\"col\"><div class=\"flexslider floated-post-slideshow\"><ul class=\"slides\"><li>\n\t\t\t\t\t<a href=\"https:\/\/rallyclassics.club\/fr\/resumen-navarra-classic-festival\/\" rel=\"\"><img decoding=\"async\" src=\"https:\/\/rallyclassics.club\/wp-content\/uploads\/navarra_classic_festival_2021_rallyclassics-5-700x441.jpg\" alt=\"Divertissement sur toutes les surfaces pour le premier Navarra Classic Festival\" \/><\/a>\n\t\t\t\t<\/li><\/ul>\n\t\t<\/div><h4><a href=\"https:\/\/rallyclassics.club\/fr\/resumen-navarra-classic-festival\/\">Divertissement sur toutes les surfaces pour le premier Navarra Classic Festival<\/a><\/h4><\/article><article class=\"col\"><div class=\"flexslider floated-post-slideshow\"><ul class=\"slides\"><li>\n\t\t\t\t\t<a href=\"https:\/\/rallyclassics.club\/fr\/inscripciones-abiertas-porsche-classic-series-navarra\/\" rel=\"\"><img decoding=\"async\" src=\"https:\/\/rallyclassics.club\/wp-content\/uploads\/navarra_classic_festival_porsche_classic_series_1-700x441.jpg\" alt=\"Engagements ouverts pour les Porsche Classic Series en Navarre\" \/><\/a>\n\t\t\t\t<\/li><\/ul>\n\t\t<\/div><h4><a href=\"https:\/\/rallyclassics.club\/fr\/inscripciones-abiertas-porsche-classic-series-navarra\/\">Engagements ouverts pour les Porsche Classic Series en Navarre<\/a><\/h4><\/article><\/div><\/section><\/div>\n<div class=\"title\"><h2>RallyClassics TV:<\/h2><div class=\"title-sep-container\"><div class=\"title-sep\"><\/div><\/div><\/div>\n<iframe loading=\"lazy\" src=\"https:\/\/www.youtube.com\/embed\/vdonuxOjNeM\" width=\"560\" height=\"315\" frameborder=\"0\" allowfullscreen=\"allowfullscreen\"><\/iframe><\/p>\n<p>&nbsp;<\/p>\n<div class=\"title\"><h2>Information du Navarra Historic Rally 2021<\/h2><div class=\"title-sep-container\"><div class=\"title-sep\"><\/div><\/div><\/div>\nRallye de r\u00e9gularit\u00e9 FEVA pour v\u00e9hicules de collection construits jusqu\u2019\u00e0 1996, qui aura lieu sur des routes de montagne et avec des moyennes jusqu\u2019\u00e0 50 km\/h. Le Navarra Historic Rally comprendra deux \u00e9tapes, les 4 et 5 juin, et un parcours de 514 km, dont 201 km correspondront \u00e0 12 sections de r\u00e9gularit\u00e9 (39 %). Une des sections de r\u00e9gularit\u00e9 sera le Circuito de Navarra lui-m\u00eame, ainsi que sa piste de karting. Le reste des tron\u00e7ons restera secret jusqu\u2019au d\u00e9part, m\u00eame si les participants peuvent s\u2019attendre \u00e0 ce que le parcours inclue quelques-unes des meilleures routes de Navarre, comme celles d\u2019Urbasa, Guembe ou Guirguillano.<\/p>\n<p>Vendredi 4 juin, le Circuito de Navarra accueillera les v\u00e9rifications et un cours de r\u00e9gularit\u00e9 propos\u00e9 par notre partenaire Rabbit Rally. L\u2019apr\u00e8s-midi, le d\u00e9part de la premi\u00e8re \u00e9tape sera donn\u00e9, qui s\u2019ach\u00e8vera \u00e0 l\u2019h\u00f4tel Alma de Pampelune. L\u2019\u00e9tape du samedi 5 partira du m\u00eame h\u00f4tel. Apr\u00e8s un arr\u00eat pour d\u00e9guster quelques pinchos, le 1er Navarra Historic Rally se terminera sur le circuit.<br \/>\n&nbsp;<\/p>\n<div class=\"title\"><h2>Sponsors Navarra Historic Rally 2021<\/h2><div class=\"title-sep-container\"><div class=\"title-sep\"><\/div><\/div><\/div>\n<div class=\"related-posts related-projects clientslider-container\"><div id=\"carousel\" class=\"clients-carousel es-carousel-wrapper\"><div class=\"es-carousel\"><ul>\n<li><img decoding=\"async\" src=\" \/wp-content\/uploads\/CircuitoDeNavarra_150x100.jpg\" alt=\"\" \/><\/li>\n<li><img decoding=\"async\" src=\" \/wp-content\/uploads\/Rabbit-rally-150x100-1.jpg\" alt=\"\" \/><\/li>\n<li><img decoding=\"async\" src=\" \/wp-content\/uploads\/Enracat_150x100.jpg\" alt=\"\" \/><\/li>\n<li><img decoding=\"async\" src=\" \/wp-content\/uploads\/logo-integral-apps-150x100-1.jpg\" alt=\"\" \/><\/li>\n<li><img decoding=\"async\" src=\" \/wp-content\/uploads\/2019\/11\/A\u0300gora_150x100.jpg\" alt=\"\" \/><\/li>\n<li><img decoding=\"async\" src=\" \/wp-content\/uploads\/Mi-rally-150x100-1.jpg\" alt=\"\" \/><\/li>\n<\/ul><div class=\"es-nav\"><span class=\"es-nav-prev\">Previous<\/span><span class=\"es-nav-next\">Next<\/span><\/div><\/div><\/div><\/div>\n<p style=\"text-align: center;\"><a class=\"button-24 button large default\" title=\"\" href=\"\/navarra-classic-festival-2021\/\" target=\"\">Retour a web general du Navarra Classic Festival<\/a>\n<p><\/p>","protected":false},"excerpt":{"rendered":"<p>L\u2019\u00e9preuve aura lieu le samedi\u00a05\u00a0juin \u00e0 l\u2019occasion de la premi\u00e8re \u00e9dition du Navarra Classic Festival. Il s\u2019agit du troisi\u00e8me rendez-vous de l\u2019ann\u00e9e pour les comp\u00e9titions de r\u00e9gularit\u00e9 sur circuit. Ces [&#8230;]<\/p>\n","protected":false},"author":9192197,"featured_media":0,"parent":0,"menu_order":0,"comment_status":"closed","ping_status":"closed","template":"","meta":{"om_disable_all_campaigns":false,"_monsterinsights_skip_tracking":false,"_monsterinsights_sitenote_active":false,"_monsterinsights_sitenote_note":"","_monsterinsights_sitenote_category":0,"footnotes":""},"class_list":["post-26917","page","type-page","status-publish","hentry"],"aioseo_notices":[],"_links":{"self":[{"href":"https:\/\/rallyclassics.club\/fr\/wp-json\/wp\/v2\/pages\/26917","targetHints":{"allow":["GET"]}}],"collection":[{"href":"https:\/\/rallyclassics.club\/fr\/wp-json\/wp\/v2\/pages"}],"about":[{"href":"https:\/\/rallyclassics.club\/fr\/wp-json\/wp\/v2\/types\/page"}],"author":[{"embeddable":true,"href":"https:\/\/rallyclassics.club\/fr\/wp-json\/wp\/v2\/users\/9192197"}],"replies":[{"embeddable":true,"href":"https:\/\/rallyclassics.club\/fr\/wp-json\/wp\/v2\/comments?post=26917"}],"version-history":[{"count":39,"href":"https:\/\/rallyclassics.club\/fr\/wp-json\/wp\/v2\/pages\/26917\/revisions"}],"predecessor-version":[{"id":28092,"href":"https:\/\/rallyclassics.club\/fr\/wp-json\/wp\/v2\/pages\/26917\/revisions\/28092"}],"wp:attachment":[{"href":"https:\/\/rallyclassics.club\/fr\/wp-json\/wp\/v2\/media?parent=26917"}],"curies":[{"name":"wp","href":"https:\/\/api.w.org\/{rel}","templated":true}]}}