{"id":27045,"date":"2021-03-26T14:11:27","date_gmt":"2021-03-26T13:11:27","guid":{"rendered":"https:\/\/www.rallyclassics.club\/?page_id=27045"},"modified":"2021-09-17T11:38:52","modified_gmt":"2021-09-17T10:38:52","slug":"castelloli-2021","status":"publish","type":"page","link":"https:\/\/rallyclassics.club\/fr\/porsche-classic-series-2021\/castelloli-2021\/","title":{"rendered":"Porsche Classic Series 2021 &#8211; Parcmotor 18 septembre"},"content":{"rendered":"<p><div class=\"title\"><h2>Porsche Classic Series 2021 &#8211; Parcmotor Castellol\u00ed 18 septembre<\/h2><div class=\"title-sep-container\"><div class=\"title-sep\"><\/div><\/div><\/div>\n<img loading=\"lazy\" decoding=\"async\" class=\"aligncenter size-full wp-image-7181\" src=\"\/wp-content\/uploads\/PCS2021_980x300.png\" width=\"980\" height=\"300\" \/><\/p>\n<div class=\"title\"><h2>Live Results<\/h2><div class=\"title-sep-container\"><div class=\"title-sep\"><\/div><\/div><\/div>\n<div class=\"one_half\">\n<a class=\"button-17 button large default\" title=\"\" href=\"http:\/\/crono.rallyclassics.net\/Default2.aspx\" target=\"_self\">Tour \u00e0 tour<\/a>\n<\/div>\n<div class=\"one_half last\">\n<a class=\"button-18 button large default\" title=\"\" href=\"http:\/\/crono.rallyclassics.net\/Default3.aspx\" target=\"_self\">Classement g\u00e9n\u00e9ral<\/a>\n<\/div><div class=\"clearboth\"><\/div>\n<p>&nbsp;<\/p>\n<div class=\"title\"><h2>Inscription<\/h2><div class=\"title-sep-container\"><div class=\"title-sep\"><\/div><\/div><\/div>\n<p><strong>Porsche Classic Series:<\/strong> R\u00e9gularit\u00e9 pour voitures classiques et youngtimers fabriqu\u00e9es jusqu&rsquo;en 1995. Extincteur, casque et singe ignifuge n\u00e9cessaires.<\/p>\n<div class=\"one_half last\">\n<a class=\"button-19 button large default\" title=\"\" href=\"https:\/\/www.rallyclassics.club\/wp-content\/uploads\/LLISTA-DE-INSCRITOS-CL\u00c1SICOS.pdf\" target=\"_blank\">Liste Engag\u00e9s<\/a>\n<\/div><div class=\"clearboth\"><\/div>\n&nbsp;<br \/>\n<strong>Porsche Gentlemen:<\/strong> R\u00e9gularit\u00e9 pour les voitures de sport modernes haute performance, de pr\u00e9f\u00e9rence Porsche. Casque n\u00e9cessaire.<\/p>\n<div class=\"one_half last\">\n<a class=\"button-20 button large default\" title=\"\" href=\"https:\/\/www.rallyclassics.club\/wp-content\/uploads\/LISTA-DE-INSCRITOS-PRE-70-Y-GENTLEMEN.pdf\" target=\"_blank\">Liste Engag\u00e9s<\/a>\n<\/div><div class=\"clearboth\"><\/div>\n&nbsp;<br \/>\n<strong>Tandes Pre-70:<\/strong> Manches sans cronometrage pour profiter des mod\u00e8les historiques pr\u00e9sent\u00e9s jusqu&rsquo;en 1970. Casque n\u00e9cessaire. Tarif : 205 \u20ac.<\/p>\n<div class=\"one_half last\">\n<a class=\"button-21 button large default\" title=\"\" href=\"https:\/\/www.rallyclassics.club\/wp-content\/uploads\/LISTA-DE-INSCRITOS-PRE-70-Y-GENTLEMEN.pdf\" target=\"_blank\">Liste Engag\u00e9s<\/a>\n<\/div><div class=\"clearboth\"><\/div>\n<p>&nbsp;<\/p>\n<div class=\"title\"><h2>Informations<\/h2><div class=\"title-sep-container\"><div class=\"title-sep\"><\/div><\/div><\/div>\n<div class=\"one_half last\">\n<a class=\"button-22 button large default\" title=\"\" href=\"https:\/\/www.rallyclassics.club\/wp-content\/uploads\/Horario-PCS-Parcmotor-18Set_v2.pdf\" target=\"_blank\">Horaire V2<\/a>\n<\/div><div class=\"clearboth\"><\/div>\n&nbsp;<\/p>\n<div class=\"title\"><h2>Actualit\u00e9s des Porsche Classic Series 2021<\/h2><div class=\"title-sep-container\"><div class=\"title-sep\"><\/div><\/div><\/div>\n<div class=\"avada-container\"><section class=\"columns columns-2\" style=\"width:100%\"><div class=\"holder\"><article class=\"col\"><div class=\"flexslider floated-post-slideshow\"><ul class=\"slides\"><li>\n\t\t\t\t\t<a href=\"https:\/\/rallyclassics.club\/fr\/inscripciones-abiertas-gran-final-porsche-classic-series-2022\/\" rel=\"\"><img decoding=\"async\" src=\"https:\/\/rallyclassics.club\/wp-content\/uploads\/final_porsche_classic_series_2021_circuit_barcelona_catalunya-17-700x441.jpg\" alt=\"Engagements ouverts pour la Grand Final des Porsche Classic Series 2022\" \/><\/a>\n\t\t\t\t<\/li><\/ul>\n\t\t<\/div><h4><a href=\"https:\/\/rallyclassics.club\/fr\/inscripciones-abiertas-gran-final-porsche-classic-series-2022\/\">Engagements ouverts pour la Grand Final des Porsche Classic Series 2022<\/a><\/h4><ul class=\"meta\"><li><em class=\"date\">22 septembre, 2022<\/em><\/li><\/ul><\/article><article class=\"col\"><div class=\"flexslider floated-post-slideshow\"><ul class=\"slides\"><li>\n\t\t\t\t\t<a href=\"https:\/\/rallyclassics.club\/fr\/cronica-porsche-classic-series-parcmotor-castelloli-2022\/\" rel=\"\"><img decoding=\"async\" src=\"https:\/\/rallyclassics.club\/wp-content\/uploads\/porsche_classic_series_parcmotor_castelloli_2022-26-700x441.jpg\" alt=\"D\u00e9but spectaculaire des Porsche Classic Series \u00e0 Parcmotor Castellol\u00ed\" \/><\/a>\n\t\t\t\t<\/li><\/ul>\n\t\t<\/div><h4><a href=\"https:\/\/rallyclassics.club\/fr\/cronica-porsche-classic-series-parcmotor-castelloli-2022\/\">D\u00e9but spectaculaire des Porsche Classic Series \u00e0 Parcmotor Castellol\u00ed<\/a><\/h4><ul class=\"meta\"><li><em class=\"date\">11 avril, 2022<\/em><\/li><\/ul><\/article><article class=\"col\"><div class=\"flexslider floated-post-slideshow\"><ul class=\"slides\"><li>\n\t\t\t\t\t<a href=\"https:\/\/rallyclassics.club\/fr\/dos-semanas-inicio-porsche-classic-series\/\" rel=\"\"><img decoding=\"async\" src=\"https:\/\/rallyclassics.club\/wp-content\/uploads\/final_porsche_classic_series_2021_circuit_barcelona_catalunya-17-700x441.jpg\" alt=\"Deux semaines avant le d\u00e9but de les Porsche Classic Series 2022 !\" \/><\/a>\n\t\t\t\t<\/li><\/ul>\n\t\t<\/div><h4><a href=\"https:\/\/rallyclassics.club\/fr\/dos-semanas-inicio-porsche-classic-series\/\">Deux semaines avant le d\u00e9but de les Porsche Classic Series 2022 !<\/a><\/h4><ul class=\"meta\"><li><em class=\"date\">25 mars, 2022<\/em><\/li><\/ul><\/article><article class=\"col\"><div class=\"flexslider floated-post-slideshow\"><ul class=\"slides\"><li>\n\t\t\t\t\t<a href=\"https:\/\/rallyclassics.club\/fr\/resumen-final-porsche-classic-series-2021-circuit-barcelona-catalunya\/\" rel=\"\"><img decoding=\"async\" src=\"https:\/\/rallyclassics.club\/wp-content\/uploads\/video_gran_final-700x441.jpg\" alt=\"Le Circuit de Barcelona-Catalunya cl\u00f4ture avec succ\u00e8s les Porsche Classic Series\" \/><\/a>\n\t\t\t\t<\/li><\/ul>\n\t\t<\/div><h4><a href=\"https:\/\/rallyclassics.club\/fr\/resumen-final-porsche-classic-series-2021-circuit-barcelona-catalunya\/\">Le Circuit de Barcelona-Catalunya cl\u00f4ture avec succ\u00e8s les Porsche Classic Series<\/a><\/h4><ul class=\"meta\"><li><em class=\"date\">31 octobre, 2021<\/em><\/li><\/ul><\/article><\/div><\/section><\/div>\n<div class=\"title\"><h2>RallyClassics TV:<\/h2><div class=\"title-sep-container\"><div class=\"title-sep\"><\/div><\/div><\/div>\n<iframe loading=\"lazy\" title=\"Tandas para cl\u00e1sicos Pre-70 el 18 de septiembre en Parcmotor Castellol\u00ed\" width=\"669\" height=\"376\" src=\"https:\/\/www.youtube.com\/embed\/BUoePjMg5Z0?feature=oembed\" frameborder=\"0\" allow=\"accelerometer; autoplay; clipboard-write; encrypted-media; gyroscope; picture-in-picture\" allowfullscreen><\/iframe><\/p>\n<div class=\"title\"><h2>Partenaires des Porsche Classic Series 2021<\/h2><div class=\"title-sep-container\"><div class=\"title-sep\"><\/div><\/div><\/div>\n<div class=\"related-posts related-projects clientslider-container\"><div id=\"carousel\" class=\"clients-carousel es-carousel-wrapper\"><div class=\"es-carousel\"><ul>\n<li><a href=\"https:\/\/www.porsche-barcelona.com\/\" target=\"_self\"><img decoding=\"async\" src=\"\/wp-content\/uploads\/2017\/02\/logo-centro-porsche.jpg\" alt=\"\" \/><\/a><\/li>\n<li><a href=\"https:\/\/www.porsche.com\/spain\/accessoriesandservice\/classic\/\" target=\"_self\"><img decoding=\"async\" src=\"\/wp-content\/uploads\/Logo-porsche-classic-150x100-1.jpg\" alt=\"\" \/><\/a><\/li>\n<li><a href=\"https:\/\/www.clubporsche.es\/\" target=\"_self\"><img decoding=\"async\" src=\"\/wp-content\/uploads\/2019\/01\/PorscheClub_150x100.jpg\" alt=\"\" \/><\/a><\/li>\n<\/ul><div class=\"es-nav\"><span class=\"es-nav-prev\">Previous<\/span><span class=\"es-nav-next\">Next<\/span><\/div><\/div><\/div><\/div>\n<p><img loading=\"lazy\" decoding=\"async\" class=\"aligncenter size-large wp-image-5809\" src=\"\/wp-content\/uploads\/pcs2021_logos.jpg\" alt=\"partenaires Porsche Classic Series 2021\" width=\"1024\" height=\"133\" \/><\/p>\n<p style=\"text-align: center;\"><a class=\"button-23 button large default\" title=\"\" href=\"\/fr\/porsche-classic-series-2021\/\" target=\"\">Retour a page principal Porsche Classic Series<\/a>\n<p><\/p>","protected":false},"excerpt":{"rendered":"<p>&nbsp; Jaume Campreci\u00f3s (classiques), Miguel \u00c1ngel Rodr\u00edguez (motos) et Josep Maria Garrof\u00e9 (Gentlemen) sont les vainqueurs de la saison\u00a02021. La protagoniste de la journ\u00e9e a \u00e9t\u00e9 la pluie, qui a [&#8230;]<\/p>\n","protected":false},"author":9192197,"featured_media":0,"parent":26377,"menu_order":0,"comment_status":"closed","ping_status":"closed","template":"","meta":{"om_disable_all_campaigns":false,"_monsterinsights_skip_tracking":false,"_monsterinsights_sitenote_active":false,"_monsterinsights_sitenote_note":"","_monsterinsights_sitenote_category":0,"footnotes":""},"class_list":["post-27045","page","type-page","status-publish","hentry"],"aioseo_notices":[],"_links":{"self":[{"href":"https:\/\/rallyclassics.club\/fr\/wp-json\/wp\/v2\/pages\/27045","targetHints":{"allow":["GET"]}}],"collection":[{"href":"https:\/\/rallyclassics.club\/fr\/wp-json\/wp\/v2\/pages"}],"about":[{"href":"https:\/\/rallyclassics.club\/fr\/wp-json\/wp\/v2\/types\/page"}],"author":[{"embeddable":true,"href":"https:\/\/rallyclassics.club\/fr\/wp-json\/wp\/v2\/users\/9192197"}],"replies":[{"embeddable":true,"href":"https:\/\/rallyclassics.club\/fr\/wp-json\/wp\/v2\/comments?post=27045"}],"version-history":[{"count":27,"href":"https:\/\/rallyclassics.club\/fr\/wp-json\/wp\/v2\/pages\/27045\/revisions"}],"predecessor-version":[{"id":28589,"href":"https:\/\/rallyclassics.club\/fr\/wp-json\/wp\/v2\/pages\/27045\/revisions\/28589"}],"up":[{"embeddable":true,"href":"https:\/\/rallyclassics.club\/fr\/wp-json\/wp\/v2\/pages\/26377"}],"wp:attachment":[{"href":"https:\/\/rallyclassics.club\/fr\/wp-json\/wp\/v2\/media?parent=27045"}],"curies":[{"name":"wp","href":"https:\/\/api.w.org\/{rel}","templated":true}]}}