{"id":27101,"date":"2021-03-30T15:17:18","date_gmt":"2021-03-30T14:17:18","guid":{"rendered":"https:\/\/www.rallyclassics.club\/?page_id=27101"},"modified":"2021-10-30T22:16:13","modified_gmt":"2021-10-30T21:16:13","slug":"barcelona-catalunya-2021","status":"publish","type":"page","link":"https:\/\/rallyclassics.club\/fr\/moto-classic-series-2021\/barcelona-catalunya-2021\/","title":{"rendered":"Moto Classic Series 2021 &#8211; Barcelona-Catalunya 30 octobre"},"content":{"rendered":"<p><div class=\"title\"><h2>Moto Classic Series 2021 &#8211; Grand Finale Barcelona-Catalunya 30 octobre<\/h2><div class=\"title-sep-container\"><div class=\"title-sep\"><\/div><\/div><\/div><img loading=\"lazy\" decoding=\"async\" class=\"alignnone size-full wp-image-301\" src=\"\/wp-content\/uploads\/MCS2021_980x300.jpg\" alt=\"MotoClassic Series 2021 Alcarr\u00e0s\" width=\"980\" height=\"300\" \/><\/p>\n<div class=\"title\"><h2>Information<\/h2><div class=\"title-sep-container\"><div class=\"title-sep\"><\/div><\/div><\/div>\n<p>L\u2019inscription comprend <strong>1h50m de temps de piste<\/strong> (40m d\u2019entra\u00eenement, 1h10m de manches comp\u00e9titives) et la location de transpondeur.<\/p>\n<div class=\"one_half\">\n<a class=\"button-13 button large default\" title=\"\" href=\"https:\/\/www.rallyclassics.club\/wp-content\/uploads\/Lista-de-inscritos-v2.pdf\" target=\"_blank\">LISTE ENGAG\u00c9S V2<\/a>\n<\/div>\n<div class=\"one_half last\">\n<a class=\"button-14 button large default\" title=\"\" href=\"https:\/\/www.rallyclassics.club\/wp-content\/uploads\/Horario_MotoClassic_Series_2021_Final_Barcelona_Catalunya_v2_.pdf\" target=\"_blank\">HORAIRE V2<\/a>\n<\/div><div class=\"clearboth\"><\/div>\n&nbsp;<\/p>\n<div class=\"title\"><h2>Live Results<\/h2><div class=\"title-sep-container\"><div class=\"title-sep\"><\/div><\/div><\/div>\n<div class=\"one_half\">\n<a class=\"button-15 button large default\" title=\"\" href=\"http:\/\/crono.rallyclassics.net\/Default2.aspx\" target=\"_blank\">Volta a volta<\/a>\n<\/div>\n<div class=\"one_half last\">\n<a class=\"button-16 button large default\" title=\"\" href=\"http:\/\/crono.rallyclassics.net\/Default3.aspx\" target=\"_blank\">Classificaci\u00f3 General<\/a>\n<\/div><div class=\"clearboth\"><\/div>\n&nbsp;<\/p>\n<div class=\"title\"><h2>Nouveau panneau d&rsquo;affichage dans Sportity<\/h2><div class=\"title-sep-container\"><div class=\"title-sep\"><\/div><\/div><\/div>\n<p>Nous avons lanc\u00e9 un nouveau panneau d&rsquo;affichage via l&rsquo;application Sportity, o\u00f9 vous pouvez acc\u00e9der \u00e0 toute la documentation et les classifications du test. Pour l&rsquo;utiliser, vous devez t\u00e9l\u00e9charger l&rsquo;application Sportity et saisir le mot de passe (Password) <strong>PCS2021<\/strong>.<\/p>\n<p><a href=\"https:\/\/www.sportity.com\/app\" target=\"blank\" rel=\"noopener noreferrer\"><img loading=\"lazy\" decoding=\"async\" class=\"aligncenter wp-image-12237 size-full\" src=\"\/wp-content\/uploads\/Sportity_PCS2021.jpg\" alt=\"Sportity\" width=\"700\" height=\"200\" \/><\/a><\/p>\n<p>&nbsp;<\/p>\n<div class=\"title\"><h2>RallyClassics TV:<\/h2><div class=\"title-sep-container\"><div class=\"title-sep\"><\/div><\/div><\/div>\n<iframe loading=\"lazy\" title=\"Eduard Armengol y su Honda CB Four | MotoClassic Series\" width=\"669\" height=\"376\" src=\"https:\/\/www.youtube.com\/embed\/CSmimJc268E?feature=oembed\" frameborder=\"0\" allow=\"accelerometer; autoplay; clipboard-write; encrypted-media; gyroscope; picture-in-picture\" allowfullscreen><\/iframe><br \/>\n&nbsp;<\/p>\n<div class=\"title\"><h2>Partenaires Moto Classic Series 2021<\/h2><div class=\"title-sep-container\"><div class=\"title-sep\"><\/div><\/div><\/div>\n<p><img loading=\"lazy\" decoding=\"async\" class=\"aligncenter size-large wp-image-5809\" src=\"\/wp-content\/uploads\/mcs2021_logos.jpg\" alt=\"Patrocinadores Moto Classic series 2021\" width=\"1024\" height=\"133\" \/><br \/>\n<\/p>","protected":false},"excerpt":{"rendered":"<p>&nbsp; Jaume Campreci\u00f3s (classiques), Miguel \u00c1ngel Rodr\u00edguez (motos) et Josep Maria Garrof\u00e9 (Gentlemen) sont les vainqueurs de la saison\u00a02021. La protagoniste de la journ\u00e9e a \u00e9t\u00e9 la pluie, qui a [&#8230;]<\/p>\n","protected":false},"author":9192197,"featured_media":0,"parent":26425,"menu_order":0,"comment_status":"closed","ping_status":"closed","template":"","meta":{"om_disable_all_campaigns":false,"_monsterinsights_skip_tracking":false,"_monsterinsights_sitenote_active":false,"_monsterinsights_sitenote_note":"","_monsterinsights_sitenote_category":0,"footnotes":""},"class_list":["post-27101","page","type-page","status-publish","hentry"],"aioseo_notices":[],"_links":{"self":[{"href":"https:\/\/rallyclassics.club\/fr\/wp-json\/wp\/v2\/pages\/27101","targetHints":{"allow":["GET"]}}],"collection":[{"href":"https:\/\/rallyclassics.club\/fr\/wp-json\/wp\/v2\/pages"}],"about":[{"href":"https:\/\/rallyclassics.club\/fr\/wp-json\/wp\/v2\/types\/page"}],"author":[{"embeddable":true,"href":"https:\/\/rallyclassics.club\/fr\/wp-json\/wp\/v2\/users\/9192197"}],"replies":[{"embeddable":true,"href":"https:\/\/rallyclassics.club\/fr\/wp-json\/wp\/v2\/comments?post=27101"}],"version-history":[{"count":19,"href":"https:\/\/rallyclassics.club\/fr\/wp-json\/wp\/v2\/pages\/27101\/revisions"}],"predecessor-version":[{"id":29740,"href":"https:\/\/rallyclassics.club\/fr\/wp-json\/wp\/v2\/pages\/27101\/revisions\/29740"}],"up":[{"embeddable":true,"href":"https:\/\/rallyclassics.club\/fr\/wp-json\/wp\/v2\/pages\/26425"}],"wp:attachment":[{"href":"https:\/\/rallyclassics.club\/fr\/wp-json\/wp\/v2\/media?parent=27101"}],"curies":[{"name":"wp","href":"https:\/\/api.w.org\/{rel}","templated":true}]}}