{"id":27783,"date":"2021-05-18T14:34:39","date_gmt":"2021-05-18T13:34:39","guid":{"rendered":"https:\/\/www.rallyclassics.club\/xvii-rally-costa-brava-historic-copy\/"},"modified":"2021-10-27T08:09:30","modified_gmt":"2021-10-27T07:09:30","slug":"xviii-rally-costa-brava-historic-2021","status":"publish","type":"page","link":"https:\/\/rallyclassics.club\/fr\/xviii-rally-costa-brava-historic-2021\/","title":{"rendered":"XVIII Rally Costa Brava Hist\u00f2ric | 30 set &#8211; 3 oct 2021"},"content":{"rendered":"<p><div class=\"title\"><h2>XVIII Rally Costa Brava Hist\u00f2ric | 30 set &#8211; 3 oct 2021<\/h2><div class=\"title-sep-container\"><div class=\"title-sep\"><\/div><\/div><\/div><img loading=\"lazy\" decoding=\"async\" class=\"aligncenter size-full wp-image-2147\" src=\"\/wp-content\/uploads\/xviii_rcbh_980x300b.jpg\" width=\"980\" height=\"300\" \/><\/p>\n<div class=\"title\"><h2>Information du XVIII Rally Costa Brava Hist\u00f2ric 2021<\/h2><div class=\"title-sep-container\"><div class=\"title-sep\"><\/div><\/div><\/div> Le XVIII Rally Costa Brava Hist\u00f2ric, un \u00e9v\u00e9nement de r\u00e9gularit\u00e9 pour les voitures classiques et historiques, c\u00e9l\u00e9brera une nouvelle \u00e9dition dans le village de Palam\u00f3s du <strong> 30 septembre au 3 octobre 2021<\/strong>. Ce sera une <strong>\u00e9preuve de qualification pour le FIA Trophy for Historic Regularity Rallies<\/strong>. Le parcours offrira tout ce que l&rsquo;on attend de l&rsquo;un des meilleurs rallyes de r\u00e9gularit\u00e9 d&rsquo;Europe: <strong>1 000 kilom\u00e8tres de parcours et 23 \u00e9tapes de r\u00e9gularit\u00e9, avec un prologue jeudi et les \u00e9tapes vendredi et samedi. <\/strong>Les v\u00e9rifications techniques auront lieu jeudi au Palau Firal de Sant Antoni de Calonge, la base du rallye sera \u00e0 l&rsquo;Hotel Trias et les troph\u00e9es seront d\u00e9cern\u00e9s dimanche matin sur la plage de Palam\u00f3s.<\/p>\n<p><strong>Nous vous attendons dans le rallye incontournable des amateurs de r\u00e9gularit\u00e9 ! <\/strong><\/p>\n<p>&nbsp;<\/p>\n<div class=\"title\"><h2>Engag\u00e9s<\/h2><div class=\"title-sep-container\"><div class=\"title-sep\"><\/div><\/div><\/div>\n<div class=\"one_half last\">\n<a class=\"button-9 button large default\" title=\"\" href=\"https:\/\/www.rallyclassics.club\/wp-content\/uploads\/RCBH2021_ListaInscritos_V2.2.pdf\" target=\"_blank\">Liste Engag\u00e9s v2.2<\/a>\n<\/div><div class=\"clearboth\"><\/div>\n<p>&nbsp;<\/p>\n<div class=\"title\"><h2>Documents<\/h2><div class=\"title-sep-container\"><div class=\"title-sep\"><\/div><\/div><\/div>\n<div class=\"one_half\">\n<a class=\"button-10 button large default\" title=\"\" href=\"https:\/\/www.rallyclassics.club\/wp-content\/uploads\/PROGRAMA-HORARIO-RCBH2021-v2.pdf\" target=\"_blank\">Programme Horaire v2<\/a>\n<\/div>\n<div class=\"one_half last\">\n<a class=\"button-11 button large default\" title=\"\" href=\"https:\/\/www.rallyclassics.club\/wp-content\/uploads\/XVIII-RCBH-REGLEMENT_FR_V3.pdf\" target=\"_blank\">Reglements V3<\/a>\n<\/div><div class=\"clearboth\"><\/div>\n<p>&nbsp;<\/p>\n<div class=\"title\"><h2>Activit\u00e9s<\/h2><div class=\"title-sep-container\"><div class=\"title-sep\"><\/div><\/div><\/div>\n<div class=\"one_half last\">\n<a class=\"button-12 button large default\" title=\"\" href=\"https:\/\/www.rallyclassics.club\/wp-content\/uploads\/XVIII_RCBH_ProgramaPalamo%CC%81s_A3_Baixa.jpg\" target=\"_blank\">Programme activivit\u00e9s Palam\u00f3s<\/a>\n<\/div><div class=\"clearboth\"><\/div>\n<p>&nbsp;<\/p>\n<div class=\"title\"><h2>Actualit\u00e9s du Rally Costa Brava Hist\u00f2ric<\/h2><div class=\"title-sep-container\"><div class=\"title-sep\"><\/div><\/div><\/div> <div class=\"avada-container\"><section class=\"columns columns-3\" style=\"width:100%\"><div class=\"holder\"><article class=\"col\"><div class=\"flexslider floated-post-slideshow\"><ul class=\"slides\"><li>\n\t\t\t\t\t<a href=\"https:\/\/rallyclassics.club\/fr\/video-xix-rally-costa-brava-historic-by-motul\/\" rel=\"\"><img decoding=\"async\" src=\"https:\/\/rallyclassics.club\/wp-content\/uploads\/video_xix_rally_costa_brava_historic-700x441.jpg\" alt=\"La vid\u00e9o officielle du XIX Rally Costa Brava Hist\u00f2ric by Motul est d\u00e9sormais disponibles\" \/><\/a>\n\t\t\t\t<\/li><\/ul>\n\t\t<\/div><h4><a href=\"https:\/\/rallyclassics.club\/fr\/video-xix-rally-costa-brava-historic-by-motul\/\">La vid\u00e9o officielle du XIX Rally Costa Brava Hist\u00f2ric by Motul est d\u00e9sormais disponibles<\/a><\/h4><ul class=\"meta\"><li><em class=\"date\">14 novembre, 2022<\/em><\/li><\/ul><\/article><article class=\"col\"><div class=\"flexslider floated-post-slideshow\"><ul class=\"slides\"><li>\n\t\t\t\t\t<a href=\"https:\/\/rallyclassics.club\/fr\/xix-rally-costa-brava-historic-by-motul-dia-1\/\" rel=\"\"><img decoding=\"async\" src=\"https:\/\/rallyclassics.club\/wp-content\/uploads\/1__-700x441.jpg\" alt=\"XIXe\u00a0Rally Costa Brava Hist\u00f2ric by Motul\u00a0: c\u2019est parti\" \/><\/a>\n\t\t\t\t<\/li><\/ul>\n\t\t<\/div><h4><a href=\"https:\/\/rallyclassics.club\/fr\/xix-rally-costa-brava-historic-by-motul-dia-1\/\">XIXe\u00a0Rally Costa Brava Hist\u00f2ric by Motul\u00a0: c\u2019est parti<\/a><\/h4><ul class=\"meta\"><li><em class=\"date\">28 octobre, 2022<\/em><\/li><\/ul><\/article><article class=\"col\"><div class=\"flexslider floated-post-slideshow\"><ul class=\"slides\"><li>\n\t\t\t\t\t<a href=\"https:\/\/rallyclassics.club\/fr\/presentado-el-xix-rally-costa-brava-historic-by-motul-27-30-oct\/\" rel=\"\"><img decoding=\"async\" src=\"https:\/\/rallyclassics.club\/wp-content\/uploads\/RF_09483_-700x441.jpg\" alt=\"Tout est pr\u00eat pour le XIXe Rally Costa Brava Hist\u00f2ric by Motul (27-30 oct.)\" \/><\/a>\n\t\t\t\t<\/li><\/ul>\n\t\t<\/div><h4><a href=\"https:\/\/rallyclassics.club\/fr\/presentado-el-xix-rally-costa-brava-historic-by-motul-27-30-oct\/\">Tout est pr\u00eat pour le XIXe Rally Costa Brava Hist\u00f2ric by Motul (27-30 oct.)<\/a><\/h4><ul class=\"meta\"><li><em class=\"date\">26 octobre, 2022<\/em><\/li><\/ul><\/article><article class=\"col\"><div class=\"flexslider floated-post-slideshow\"><ul class=\"slides\"><li>\n\t\t\t\t\t<a href=\"https:\/\/rallyclassics.club\/fr\/120-equipos-inscritos-xix-rally-costa-brava-historic\/\" rel=\"\"><img decoding=\"async\" src=\"https:\/\/rallyclassics.club\/wp-content\/uploads\/120-FB-TW_rcbh-700x441.jpg\" alt=\"120 engag\u00e9s \u00e0 deux jours de la cl\u00f4ture d&rsquo;inscriptions !\" \/><\/a>\n\t\t\t\t<\/li><\/ul>\n\t\t<\/div><h4><a href=\"https:\/\/rallyclassics.club\/fr\/120-equipos-inscritos-xix-rally-costa-brava-historic\/\">120 engag\u00e9s \u00e0 deux jours de la cl\u00f4ture d&rsquo;inscriptions !<\/a><\/h4><ul class=\"meta\"><li><em class=\"date\">18 octobre, 2022<\/em><\/li><\/ul><\/article><article class=\"col\"><div class=\"flexslider floated-post-slideshow\"><ul class=\"slides\"><li>\n\t\t\t\t\t<a href=\"https:\/\/rallyclassics.club\/fr\/100-inscrito-10-dias-cierre-inscripciones\/\" rel=\"\"><img decoding=\"async\" src=\"https:\/\/rallyclassics.club\/wp-content\/uploads\/100_rcbh-700x441.jpg\" alt=\"Plus de 100 engag\u00e9s \u00e0 10 jours de la cl\u00f4ture d&rsquo;inscriptions !\" \/><\/a>\n\t\t\t\t<\/li><\/ul>\n\t\t<\/div><h4><a href=\"https:\/\/rallyclassics.club\/fr\/100-inscrito-10-dias-cierre-inscripciones\/\">Plus de 100 engag\u00e9s \u00e0 10 jours de la cl\u00f4ture d&rsquo;inscriptions !<\/a><\/h4><ul class=\"meta\"><li><em class=\"date\">10 octobre, 2022<\/em><\/li><\/ul><\/article><article class=\"col\"><div class=\"flexslider floated-post-slideshow\"><ul class=\"slides\"><li>\n\t\t\t\t\t<a href=\"https:\/\/rallyclassics.club\/fr\/90-inscritos-un-mes-xix-rally-costa-brava-historic\/\" rel=\"\"><img decoding=\"async\" src=\"https:\/\/rallyclassics.club\/wp-content\/uploads\/90-FB-TW_-700x441.jpg\" alt=\"90 engag\u00e9s \u00e0 1 mois du XIX Rally Costa Brava Hist\u00f2ric by Motul\" \/><\/a>\n\t\t\t\t<\/li><\/ul>\n\t\t<\/div><h4><a href=\"https:\/\/rallyclassics.club\/fr\/90-inscritos-un-mes-xix-rally-costa-brava-historic\/\">90 engag\u00e9s \u00e0 1 mois du XIX Rally Costa Brava Hist\u00f2ric by Motul<\/a><\/h4><ul class=\"meta\"><li><em class=\"date\">27 septembre, 2022<\/em><\/li><\/ul><\/article><\/div><\/section><\/div>\n<div class=\"title\"><h2>RallyClassics TV<\/h2><div class=\"title-sep-container\"><div class=\"title-sep\"><\/div><\/div><\/div>\n<p><iframe loading=\"lazy\" title=\"XVIII Rally Costa Brava Hist\u00f2ric 2021\" width=\"669\" height=\"376\" src=\"https:\/\/www.youtube.com\/embed\/aAg-eZVVdnQ?feature=oembed\" frameborder=\"0\" allow=\"accelerometer; autoplay; clipboard-write; encrypted-media; gyroscope; picture-in-picture\" allowfullscreen><\/iframe><\/p>\n<p>&nbsp;<\/p>\n<div class=\"title\"><h2>Sponsors XVIII Rally Costa Brava Hist\u00f2ric<\/h2><div class=\"title-sep-container\"><div class=\"title-sep\"><\/div><\/div><\/div>\n<div class=\"related-posts related-projects clientslider-container\"><div id=\"carousel\" class=\"clients-carousel es-carousel-wrapper\"><div class=\"es-carousel\"><ul>\n<li><img decoding=\"async\" src=\"\/wp-content\/uploads\/Palamo\u0301s_150x100.jpg\" alt=\"\" \/><\/li>\n<li><img decoding=\"async\" src=\"\/wp-content\/uploads\/2016\/11\/palamos.jpg\" alt=\"\" \/><\/li>\n<li><img decoding=\"async\" src=\"\/wp-content\/uploads\/2016\/11\/palamos-gastronomia.jpg\" alt=\"\" \/><\/li>\n<li><img decoding=\"async\" src=\"\/wp-content\/uploads\/Vilajui\u0308ga_150x100.jpg\" alt=\"\" \/><\/li>\n<li><img decoding=\"async\" src=\"\/wp-content\/uploads\/ajuntamentcalonge_150x100.jpg\" alt=\"\" \/><\/li>\n<li><img decoding=\"async\" src=\"\/wp-content\/uploads\/CostaBrava_150x100.jpg\" alt=\"\" \/><\/li>\n<li><img decoding=\"async\" src=\"\/wp-content\/uploads\/2014\/02\/logos_02.png\" alt=\"\" \/><\/li>\n<li><img decoding=\"async\" src=\"\/wp-content\/uploads\/2014\/02\/Untitled-3_02.png\" alt=\"\" \/><\/li>\n<li><img decoding=\"async\" src=\"\/wp-content\/uploads\/hoteltrias_150x100.jpg\" alt=\"\" \/><\/li>\n<li><img decoding=\"async\" src=\"\/wp-content\/uploads\/CaLEnric_150x100.jpg\" alt=\"\" \/><\/li>\n<li><img decoding=\"async\" src=\"\/wp-content\/uploads\/Ripoll_150x100.jpg\" alt=\"\" \/><\/li>\n<li><img decoding=\"async\" src=\"\/wp-content\/uploads\/Mi-rally-150x100-1.jpg\" alt=\"\" \/><\/li>\n<li><img decoding=\"async\" src=\"\/wp-content\/uploads\/Gaudi\u0301_150x100.jpg\" alt=\"\" \/><\/li>\n<li><img decoding=\"async\" src=\"\/images\/patrocinadores\/sport.png\" alt=\"\" \/><\/li>\n<li><img decoding=\"async\" src=\"\/wp-content\/uploads\/newsclassicracing_150x100.jpg\" alt=\"\" \/><\/li>\n<li><img decoding=\"async\" src=\"\/wp-content\/uploads\/2014\/02\/logos_2_01.png\" alt=\"\" \/><\/li>\n<li><img decoding=\"async\" src=\"\/wp-content\/uploads\/2014\/11\/logo_garatgeinternacional.jpg\" alt=\"\" \/><\/li>\n<li><img decoding=\"async\" src=\"\/wp-content\/uploads\/2015\/03\/logo_suprametal.jpg\" alt=\"\" \/><\/li>\n<li><img decoding=\"async\" src=\"\/wp-content\/uploads\/A\u0300gora_150x100.jpg\" alt=\"\" \/><\/li>\n<li><img decoding=\"async\" src=\"\/wp-content\/uploads\/logo-integral-apps-150x100-1.jpg\" alt=\"\" \/><\/li>\n<\/ul><div class=\"es-nav\"><span class=\"es-nav-prev\">Previous<\/span><span class=\"es-nav-next\">Next<\/span><\/div><\/div><\/div><\/div>\n<p>&nbsp;<\/p>","protected":false},"excerpt":{"rendered":"<p>Le XIX Rally Costa Brava Hist\u00f2ric by Motul va \u00eatre un rallye spectaculaire ! Ce sont d\u00e9j\u00e0 120 \u00e9quipes qui se sont inscrites pour l&rsquo;\u00e9preuve, un peu plus de 48 [&#8230;]<\/p>\n","protected":false},"author":9192204,"featured_media":0,"parent":0,"menu_order":0,"comment_status":"closed","ping_status":"closed","template":"","meta":{"om_disable_all_campaigns":false,"_monsterinsights_skip_tracking":false,"_monsterinsights_sitenote_active":false,"_monsterinsights_sitenote_note":"","_monsterinsights_sitenote_category":0,"footnotes":""},"class_list":["post-27783","page","type-page","status-publish","hentry"],"aioseo_notices":[],"_links":{"self":[{"href":"https:\/\/rallyclassics.club\/fr\/wp-json\/wp\/v2\/pages\/27783","targetHints":{"allow":["GET"]}}],"collection":[{"href":"https:\/\/rallyclassics.club\/fr\/wp-json\/wp\/v2\/pages"}],"about":[{"href":"https:\/\/rallyclassics.club\/fr\/wp-json\/wp\/v2\/types\/page"}],"author":[{"embeddable":true,"href":"https:\/\/rallyclassics.club\/fr\/wp-json\/wp\/v2\/users\/9192204"}],"replies":[{"embeddable":true,"href":"https:\/\/rallyclassics.club\/fr\/wp-json\/wp\/v2\/comments?post=27783"}],"version-history":[{"count":35,"href":"https:\/\/rallyclassics.club\/fr\/wp-json\/wp\/v2\/pages\/27783\/revisions"}],"predecessor-version":[{"id":29647,"href":"https:\/\/rallyclassics.club\/fr\/wp-json\/wp\/v2\/pages\/27783\/revisions\/29647"}],"wp:attachment":[{"href":"https:\/\/rallyclassics.club\/fr\/wp-json\/wp\/v2\/media?parent=27783"}],"curies":[{"name":"wp","href":"https:\/\/api.w.org\/{rel}","templated":true}]}}