{"id":30620,"date":"2022-01-17T13:12:15","date_gmt":"2022-01-17T12:12:15","guid":{"rendered":"https:\/\/www.rallyclassics.club\/porsche-classic-series-2021\/castelloli-2021-copy\/"},"modified":"2022-04-11T09:40:24","modified_gmt":"2022-04-11T08:40:24","slug":"parcmotor-2022","status":"publish","type":"page","link":"https:\/\/rallyclassics.club\/fr\/porsche-classic-series-2022\/parcmotor-2022\/","title":{"rendered":"Porsche Classic Series 2022 &#8211; Parcmotor 9 avril"},"content":{"rendered":"<p><div class=\"title\"><h2>Porsche Classic Series 2022 &#8211; Parcmotor Castellol\u00ed 9 avril<\/h2><div class=\"title-sep-container\"><div class=\"title-sep\"><\/div><\/div><\/div>\n<img loading=\"lazy\" decoding=\"async\" class=\"aligncenter size-full wp-image-7181\" src=\"\/wp-content\/uploads\/CS2022_980x300.jpg\" width=\"980\" height=\"300\" \/><\/p>\n<div class=\"title\"><h2>Resultados Porsche Classic Series<\/h2><div class=\"title-sep-container\"><div class=\"title-sep\"><\/div><\/div><\/div>\n<div class=\"one_half\">\n<a class=\"button-41 button large default\" title=\"\" href=\"https:\/\/www.rallyclassics.club\/wp-content\/uploads\/RCS2022_PARCMOTOR_FINAL_Resumen-1.pdf\" target=\"_blank\">Clasificaci\u00f3n Final<\/a>\n<\/div>\n<div class=\"one_half last\">\n<a class=\"button-42 button large default\" title=\"\" href=\"https:\/\/www.rallyclassics.club\/wp-content\/uploads\/RCS2022_PARCMOTOR_Campionat-1.pdf\" target=\"_blank\">Clasificaci\u00f3n Campeonato<\/a>\n<\/div><div class=\"clearboth\"><\/div>\n&nbsp;<\/p>\n<div class=\"one_half\">\n<a class=\"button-43 button large default\" title=\"\" href=\"https:\/\/www.rallyclassics.club\/wp-content\/uploads\/RCS2022_PARCMOTOR_MANGA01_Resumen.pdf\" target=\"_blank\">Manga 1 Clasificaci\u00f3n<\/a>\n<\/div>\n<div class=\"one_half last\">\n<a class=\"button-44 button large default\" title=\"\" href=\"https:\/\/www.rallyclassics.club\/wp-content\/uploads\/RCS2022_PARCMOTOR_MANGA01_VueltaAVuelta.pdf\" target=\"_blank\">Manga 1 Vuelta a Vuelta<\/a>\n<\/div><div class=\"clearboth\"><\/div>\n&nbsp;<br \/>\n<div class=\"one_half\">\n<a class=\"button-45 button large default\" title=\"\" href=\"https:\/\/www.rallyclassics.club\/wp-content\/uploads\/RCS2022_PARCMOTOR_MANGA02_Resumen.pdf\" target=\"_blank\">Manga 2 Clasificaci\u00f3n<\/a>\n<\/div>\n<div class=\"one_half last\">\n<a class=\"button-46 button large default\" title=\"\" href=\"https:\/\/www.rallyclassics.club\/wp-content\/uploads\/RCS2022_PARCMOTOR_MANGA02_VueltaAVuelta.pdf\" target=\"_blank\">Manga 2 vuelta a vuelta<\/a>\n<\/div><div class=\"clearboth\"><\/div>\n<p>&nbsp;<\/p>\n<div class=\"title\"><h2>Resultados Porsche Gentlemen<\/h2><div class=\"title-sep-container\"><div class=\"title-sep\"><\/div><\/div><\/div>\n<div class=\"one_half\">\n<a class=\"button-47 button large default\" title=\"\" href=\"https:\/\/www.rallyclassics.club\/wp-content\/uploads\/GEN2022_PARCMOTOR_FINAL_Resumen-1.pdf\" target=\"_blank\">Clasificaci\u00f3n Definitiva<\/a>\n<\/div>\n<div class=\"one_half last\">\n<a class=\"button-48 button large default\" title=\"\" href=\"https:\/\/www.rallyclassics.club\/wp-content\/uploads\/GEN2022_PARCMOTOR_Campionat.pdf\" target=\"_blank\">Clasificaci\u00f3n Campeonato<\/a>\n<\/div><div class=\"clearboth\"><\/div>\n<div class=\"one_half\">\n<a class=\"button-49 button large default\" title=\"\" href=\"https:\/\/www.rallyclassics.club\/wp-content\/uploads\/GEN2022_PARCMOTOR_MANGA01_Resumen-1.pdf\" target=\"_blank\">Manga 1 Definitiva<\/a>\n<\/div>\n<div class=\"one_half last\">\n<a class=\"button-50 button large default\" title=\"\" href=\"https:\/\/www.rallyclassics.club\/wp-content\/uploads\/GEN2022_PARCMOTOR_MANGA01_VueltaAVuelta.pdf\" target=\"_blank\">Manga 1 Vuelta a Vuelta<\/a>\n<\/div><div class=\"clearboth\"><\/div>\n<div class=\"one_half\">\n<a class=\"button-51 button large default\" title=\"\" href=\"https:\/\/www.rallyclassics.club\/wp-content\/uploads\/GEN2022_PARCMOTOR_MANGA02_Resumen.pdf\" target=\"_blank\">Manga 2 Definitiva<\/a>\n<\/div>\n<div class=\"one_half last\">\n<a class=\"button-52 button large default\" title=\"\" href=\"https:\/\/www.rallyclassics.club\/wp-content\/uploads\/GEN2022_PARCMOTOR_MANGA02_VueltaAVuelta.pdf\" target=\"_blank\">Manga 2 Vuelta a Vuelta<\/a>\n<\/div><div class=\"clearboth\"><\/div>\n<p>&nbsp;<\/p>\n<div class=\"title\"><h2>Porsche Classic Series<\/h2><div class=\"title-sep-container\"><div class=\"title-sep\"><\/div><\/div><\/div>\n<p>R\u00e9gularit\u00e9 pour les voitures classiques et youngtimers -ouvert a toutes les marques- fabriqu\u00e9es jusqu&rsquo;en 1995 (ou plus tard \u00e0 la discr\u00e9tion de l&rsquo;organisation). Extincteur, casque, gants et combinaison ignifuge sont obligatoires. Chaque rendez-vous comprend plus de 2 heures sur la piste, avec une manche d&rsquo;entra\u00eenement et deux manches de R\u00e9gularit\u00e9.<\/p>\n<p><strong>Prix inscription:<\/strong> 275\u20ac. R\u00e9ductions du 50% pour jeunes, femmes et \u00e9quipes debutants. Nous vous attendons!<br \/>\n<strong>Assurance de participation obligatoire:<\/strong> 30\u20ac\/personne.<br \/>\n<strong>Louer transponder:<\/strong> 30\u20ac.<\/p>\n<div class=\"one_half last\">\n<a class=\"button-53 button large default\" title=\"\" href=\"https:\/\/www.rallyclassics.club\/wp-content\/uploads\/LISTA-DE-INSCRITOS-PCS2022-PARCMOTOR.pdf\" target=\"_blank\">Liste Engag\u00e9s<\/a>\n<\/div><div class=\"clearboth\"><\/div>\n&nbsp;<br \/>\n<div class=\"title\"><h2>Porsche Gentlemen<\/h2><div class=\"title-sep-container\"><div class=\"title-sep\"><\/div><\/div><\/div>\n<p>R\u00e9gularit\u00e9 pour les voitures de sport modernes et performantes, de pr\u00e9f\u00e9rence Porsche. Seul le casque est n\u00e9cessaire. Chaque rendez-vous comprend environ 90 minutes sur la piste, avec une manche d&rsquo;entra\u00eenement et deux manches de R\u00e9gularit\u00e9.<\/p>\n<p><strong>Prix inscription:<\/strong> 185\u20ac. R\u00e9ductions du 50% pour jeunes, femmes et \u00e9quipes debutants.<br \/>\n<strong>Assurance de participation obligatoire:<\/strong> 30\u20ac\/personne.<br \/>\n<strong>Louer transponder:<\/strong> 30\u20ac.<\/p>\n<div class=\"one_half last\">\n<a class=\"button-54 button large default\" title=\"\" href=\"https:\/\/www.rallyclassics.club\/wp-content\/uploads\/LISTA-DE-INSCRITOS-PCS2022-PARCMOTOR-GEN-PRE70.pdf\" target=\"_blank\">Liste Engag\u00e9s<\/a>\n<\/div><div class=\"clearboth\"><\/div>\n&nbsp;<br \/>\n<div class=\"title\"><h2>Tandas Pre-70<\/h2><div class=\"title-sep-container\"><div class=\"title-sep\"><\/div><\/div><\/div>\nManches sans chronom\u00e9trage pour profiter des mod\u00e8les historiques pr\u00e9sent\u00e9s jusqu\u2019en 1970. Vous n\u2019avez besoin que d\u2019un casque.<\/p>\n<p><strong>Prix inscription:<\/strong> 175\u20ac<br \/>\n<strong>Assurance de participation obligatoire:<\/strong> 30\u20ac\/personne.<\/p>\n<div class=\"one_half last\">\n<a class=\"button-55 button large default\" title=\"\" href=\"https:\/\/www.rallyclassics.club\/wp-content\/uploads\/LISTA-DE-INSCRITOS-PCS2022-PARCMOTOR-GEN-PRE70.pdf\" target=\"_blank\">Liste Engag\u00e9s<\/a>\n<\/div><div class=\"clearboth\"><\/div>\n&nbsp;<\/p>\n<div class=\"title\"><h2>Information<\/h2><div class=\"title-sep-container\"><div class=\"title-sep\"><\/div><\/div><\/div>\n<a href=\"\/wp-content\/uploads\/Horario-PCS2022-Parcmotor-v2.pdf\" target=\"\" rel=\"noopener noreferrer\"><img loading=\"lazy\" decoding=\"async\" class=\"aligncenter wp-image-12237 size-full\" src=\"\/wp-content\/uploads\/horario_pcs_parcmotor_v2.jpg\" alt=\"Porsche classic series Pruebas 2022\" width=\"650\" height=\"200\" \/><\/a><\/p>\n<div class=\"one_half last\">\n<a class=\"button-56 button large default\" title=\"\" href=\"https:\/\/www.rallyclassics.club\/wp-content\/uploads\/Horario-PCS2022-Parcmotor-v2.pdf\" target=\"_blank\">Nouveau Horaire v2<\/a>\n<\/div><div class=\"clearboth\"><\/div>\n&nbsp;<\/p>\n<div class=\"title\"><h2>Documentation<\/h2><div class=\"title-sep-container\"><div class=\"title-sep\"><\/div><\/div><\/div>\n<div class=\"one_half\">\n<a class=\"button-57 button large default\" title=\"\" href=\"https:\/\/www.rallyclassics.club\/wp-content\/uploads\/Reglamento-PORSCHE-CLASSIC-SERIES-2022_v1.1.pdf\" target=\"_blank\">Reglement v1.1<\/a>\n<\/div>\n<div class=\"one_half last\">\n<a class=\"button-58 button large default\" title=\"\" href=\"https:\/\/www.rallyclassics.club\/wp-content\/uploads\/EleccionDigitaldelTiempodeReferencia_FR.pdf\" target=\"_blank\">Manuel Systeme Chrono<\/a>\n<\/div><div class=\"clearboth\"><\/div>\n<p>&nbsp;<\/p>\n<div class=\"title\"><h2>Live Results<\/h2><div class=\"title-sep-container\"><div class=\"title-sep\"><\/div><\/div><\/div>\n<div class=\"one_half\">\n<a class=\"button-59 button large default\" title=\"\" href=\"http:\/\/crono.rallyclassics.net\/Default2.aspx\" target=\"_self\">Tour \u00e0 tour<\/a>\n<\/div>\n<div class=\"one_half last\">\n<a class=\"button-60 button large default\" title=\"\" href=\"http:\/\/crono.rallyclassics.net\/Default3.aspx\" target=\"_self\">Classement General<\/a>\n<\/div><div class=\"clearboth\"><\/div>\n&nbsp;<br \/>\n<div class=\"title\"><h2>Panneau d&rsquo;affichage<\/h2><div class=\"title-sep-container\"><div class=\"title-sep\"><\/div><\/div><\/div>\n<p>Cette saison, nous lan\u00e7ons un nouveau panneau d&rsquo;affichage dans l&rsquo;application <strong>Sportity<\/strong>. Toutes les informations de les \u00e9preuves seront accessibles depuis cette application. Pour t\u00e9l\u00e9charger l&rsquo;application mobile\u00a0: utilisez le code QR ci-dessous ou recherchez Sportity dans Google Play ou Apple Store, et saisissez le <strong>Mot de passe (Password) PCS2022<\/strong>. Il est \u00e9galement disponible en <strong>version Web<\/strong>.<\/p>\n<div class=\"one_half last\">\n<a class=\"button-61 button large default\" title=\"\" href=\"https:\/\/webapp.sportity.com\/channel\/PCS2022\" target=\"_blank\">Panneau d&rsquo;affichage (Version web)<\/a>\n<\/div><div class=\"clearboth\"><\/div>\n&nbsp;<br \/>\n<img loading=\"lazy\" decoding=\"async\" class=\"aligncenter size-full wp-image-308\" src=\"\/wp-content\/uploads\/SPORTITY_PCS2022__.jpg\" alt=\"Tabl\u00f3n anuncios 70 Rally Costa Brava 2022\" width=\"550\" height=\"392\" \/><br \/>\n&nbsp;<\/p>\n<div class=\"title\"><h2>Actualit\u00e9s des Porsche Classic Series 2022<\/h2><div class=\"title-sep-container\"><div class=\"title-sep\"><\/div><\/div><\/div>\n<div class=\"avada-container\"><section class=\"columns columns-3\" style=\"width:100%\"><div class=\"holder\"><article class=\"col\"><div class=\"flexslider floated-post-slideshow\"><ul class=\"slides\"><li>\n\t\t\t\t\t<a href=\"https:\/\/rallyclassics.club\/fr\/video-resumen-gran-final-porsche-classic-series-2023\/\" rel=\"\"><img decoding=\"async\" src=\"https:\/\/rallyclassics.club\/wp-content\/uploads\/Thumbnail_FINAL_PCS_2023-700x441.jpg\" alt=\"Le vid\u00e9o de la Grand Final des Porsche Classic Series est d\u00e9sormais disponible\" \/><\/a>\n\t\t\t\t<\/li><\/ul>\n\t\t<\/div><h4><a href=\"https:\/\/rallyclassics.club\/fr\/video-resumen-gran-final-porsche-classic-series-2023\/\">Le vid\u00e9o de la Grand Final des Porsche Classic Series est d\u00e9sormais disponible<\/a><\/h4><ul class=\"meta\"><li><em class=\"date\">18 octobre, 2023<\/em><\/li><\/ul><\/article><article class=\"col\"><div class=\"flexslider floated-post-slideshow\"><ul class=\"slides\"><li>\n\t\t\t\t\t<a href=\"https:\/\/rallyclassics.club\/fr\/galeria-fotos-gran-final-porsche-classic-series-2023\/\" rel=\"\"><img decoding=\"async\" src=\"https:\/\/rallyclassics.club\/wp-content\/uploads\/porsche-classic-series-montmelo-2023-124-700x441.jpg\" alt=\"Galerie photo Grand Final Porsche Classic Series 2023\" \/><\/a>\n\t\t\t\t<\/li><\/ul>\n\t\t<\/div><h4><a href=\"https:\/\/rallyclassics.club\/fr\/galeria-fotos-gran-final-porsche-classic-series-2023\/\">Galerie photo Grand Final Porsche Classic Series 2023<\/a><\/h4><ul class=\"meta\"><li><em class=\"date\">17 octobre, 2023<\/em><\/li><\/ul><\/article><article class=\"col\"><div class=\"flexslider floated-post-slideshow\"><ul class=\"slides\"><li>\n\t\t\t\t\t<a href=\"https:\/\/rallyclassics.club\/fr\/galeria-fotos-gran-final-porsche-gentlemen-gt-fast-lap-2023\/\" rel=\"\"><img decoding=\"async\" src=\"https:\/\/rallyclassics.club\/wp-content\/uploads\/porsche-gentlemen-gt-fast-lap-montmelo-2023-5-700x441.jpg\" alt=\"Galerie photo Grand Final Porsche Gentlemen GT Fast-Lap 2023\" \/><\/a>\n\t\t\t\t<\/li><\/ul>\n\t\t<\/div><h4><a href=\"https:\/\/rallyclassics.club\/fr\/galeria-fotos-gran-final-porsche-gentlemen-gt-fast-lap-2023\/\">Galerie photo Grand Final Porsche Gentlemen GT Fast-Lap 2023<\/a><\/h4><ul class=\"meta\"><li><em class=\"date\">17 octobre, 2023<\/em><\/li><\/ul><\/article><article class=\"col\"><div class=\"flexslider floated-post-slideshow\"><ul class=\"slides\"><li>\n\t\t\t\t\t<a href=\"https:\/\/rallyclassics.club\/fr\/resultados-final-porsche-classic-series-2023\/\" rel=\"\"><img decoding=\"async\" src=\"https:\/\/rallyclassics.club\/wp-content\/uploads\/RFR70689_-700x441.jpg\" alt=\"R\u00e9sultats Grand Final Porsche Classic Series 2023\" \/><\/a>\n\t\t\t\t<\/li><\/ul>\n\t\t<\/div><h4><a href=\"https:\/\/rallyclassics.club\/fr\/resultados-final-porsche-classic-series-2023\/\">R\u00e9sultats Grand Final Porsche Classic Series 2023<\/a><\/h4><ul class=\"meta\"><li><em class=\"date\">14 octobre, 2023<\/em><\/li><\/ul><\/article><article class=\"col\"><div class=\"flexslider floated-post-slideshow\"><ul class=\"slides\"><li>\n\t\t\t\t\t<a href=\"https:\/\/rallyclassics.club\/fr\/resultados-final-porsche-gentlemen-gt-fast-lap-2023\/\" rel=\"\"><img decoding=\"async\" src=\"https:\/\/rallyclassics.club\/wp-content\/uploads\/RFNI0264_-700x441.jpg\" alt=\"R\u00e9sultats Grand Final Porsche Gentlemen GT Fast-Lap 2023\" \/><\/a>\n\t\t\t\t<\/li><\/ul>\n\t\t<\/div><h4><a href=\"https:\/\/rallyclassics.club\/fr\/resultados-final-porsche-gentlemen-gt-fast-lap-2023\/\">R\u00e9sultats Grand Final Porsche Gentlemen GT Fast-Lap 2023<\/a><\/h4><ul class=\"meta\"><li><em class=\"date\">14 octobre, 2023<\/em><\/li><\/ul><\/article><article class=\"col\"><div class=\"flexslider floated-post-slideshow\"><ul class=\"slides\"><li>\n\t\t\t\t\t<a href=\"https:\/\/rallyclassics.club\/fr\/galeria-de-fotos-porsche-classic-series-2023-en-calafat\/\" rel=\"\"><img decoding=\"async\" src=\"https:\/\/rallyclassics.club\/wp-content\/uploads\/porsche-classic-series-2023-calafat-137-700x441.jpg\" alt=\"Galerie photo Porsche Classic Series 2023 \u00e0 Calafat\" \/><\/a>\n\t\t\t\t<\/li><\/ul>\n\t\t<\/div><h4><a href=\"https:\/\/rallyclassics.club\/fr\/galeria-de-fotos-porsche-classic-series-2023-en-calafat\/\">Galerie photo Porsche Classic Series 2023 \u00e0 Calafat<\/a><\/h4><ul class=\"meta\"><li><em class=\"date\">13 septembre, 2023<\/em><\/li><\/ul><\/article><\/div><\/section><\/div>\n<div class=\"title\"><h2>Tout comme les Porsche Classic Series<\/h2><div class=\"title-sep-container\"><div class=\"title-sep\"><\/div><\/div><\/div>\n<iframe loading=\"lazy\" title=\"Porsche Classic Series 2021 - Parcmotor Castellol\u00ed - 18\/09\/21\" width=\"669\" height=\"376\" src=\"https:\/\/www.youtube.com\/embed\/S58__t7ZrHU?feature=oembed\" frameborder=\"0\" allow=\"accelerometer; autoplay; clipboard-write; encrypted-media; gyroscope; picture-in-picture\" allowfullscreen><\/iframe><br \/>\n&nbsp;<\/p>\n<div class=\"title\"><h2>Sponsors des Porsche Classic Series 2022<\/h2><div class=\"title-sep-container\"><div class=\"title-sep\"><\/div><\/div><\/div>\n<div class=\"related-posts related-projects clientslider-container\"><div id=\"carousel\" class=\"clients-carousel es-carousel-wrapper\"><div class=\"es-carousel\"><ul>\n<li><a href=\"https:\/\/www.porsche-barcelona.com\/\" target=\"_self\"><img decoding=\"async\" src=\"\/wp-content\/uploads\/2017\/02\/logo-centro-porsche.jpg\" alt=\"\" \/><\/a><\/li>\n<li><a href=\"https:\/\/www.motul.com\/es\/es\" target=\"_self\"><img decoding=\"async\" src=\"\/wp-content\/uploads\/logo_motul_150x100.jpg\" alt=\"\" \/><\/a><\/li>\n<li><a href=\"https:\/\/www.gt2i.es\/es\/\" target=\"_self\"><img decoding=\"async\" src=\"\/wp-content\/uploads\/gt2i_150x100.jpg\" alt=\"\" \/><\/a><\/li>\n<\/ul><div class=\"es-nav\"><span class=\"es-nav-prev\">Previous<\/span><span class=\"es-nav-next\">Next<\/span><\/div><\/div><\/div><\/div>\n<div class=\"related-posts related-projects clientslider-container\"><div id=\"carousel\" class=\"clients-carousel es-carousel-wrapper\"><div class=\"es-carousel\"><ul>\n<li><a href=\"https:\/\/www.clubporsche.es\/\" target=\"_self\"><img decoding=\"async\" src=\"\/wp-content\/uploads\/2019\/01\/PorscheClub_150x100.jpg\" alt=\"\" \/><\/a><\/li>\n<li><a href=\"https:\/\/www.porsche.com\/spain\/accessoriesandservice\/classic\/\" target=\"_self\"><img decoding=\"async\" src=\"\/wp-content\/uploads\/Logo-porsche-classic-150x100-1.jpg\" alt=\"\" \/><\/a><\/li>\n<li><a href=\"https:\/\/esport.gencat.cat\/ca\/inici\" target=\"_self\"><img decoding=\"async\" src=\"\/wp-content\/uploads\/GENCAT-150X100.jpg\" alt=\"\" \/><\/a><\/li>\n<\/ul><div class=\"es-nav\"><span class=\"es-nav-prev\">Previous<\/span><span class=\"es-nav-next\">Next<\/span><\/div><\/div><\/div><\/div>\n<p>&nbsp;<\/p>\n<p style=\"text-align: center;\"><a class=\"button-62 button large default\" title=\"\" href=\"\/porsche-classic-series-2022\/\" target=\"\">Retour a Page Principal Porsche Classic Series<\/a>\n<p>&nbsp;<\/p>","protected":false},"excerpt":{"rendered":"<p>La galerie photo des Porsche Classic Series qui s&rsquo;est d\u00e9roul\u00e9e \u00e0 Calafat est maintenant disponible. Au moins une photo de chaque participant a \u00e9t\u00e9 incluse, dans la mesure du possible. [&#8230;]<\/p>\n","protected":false},"author":9192197,"featured_media":0,"parent":30623,"menu_order":0,"comment_status":"closed","ping_status":"closed","template":"","meta":{"om_disable_all_campaigns":false,"_monsterinsights_skip_tracking":false,"_monsterinsights_sitenote_active":false,"_monsterinsights_sitenote_note":"","_monsterinsights_sitenote_category":0,"footnotes":""},"class_list":["post-30620","page","type-page","status-publish","hentry"],"aioseo_notices":[],"_links":{"self":[{"href":"https:\/\/rallyclassics.club\/fr\/wp-json\/wp\/v2\/pages\/30620","targetHints":{"allow":["GET"]}}],"collection":[{"href":"https:\/\/rallyclassics.club\/fr\/wp-json\/wp\/v2\/pages"}],"about":[{"href":"https:\/\/rallyclassics.club\/fr\/wp-json\/wp\/v2\/types\/page"}],"author":[{"embeddable":true,"href":"https:\/\/rallyclassics.club\/fr\/wp-json\/wp\/v2\/users\/9192197"}],"replies":[{"embeddable":true,"href":"https:\/\/rallyclassics.club\/fr\/wp-json\/wp\/v2\/comments?post=30620"}],"version-history":[{"count":49,"href":"https:\/\/rallyclassics.club\/fr\/wp-json\/wp\/v2\/pages\/30620\/revisions"}],"predecessor-version":[{"id":30934,"href":"https:\/\/rallyclassics.club\/fr\/wp-json\/wp\/v2\/pages\/30620\/revisions\/30934"}],"up":[{"embeddable":true,"href":"https:\/\/rallyclassics.club\/fr\/wp-json\/wp\/v2\/pages\/30623"}],"wp:attachment":[{"href":"https:\/\/rallyclassics.club\/fr\/wp-json\/wp\/v2\/media?parent=30620"}],"curies":[{"name":"wp","href":"https:\/\/api.w.org\/{rel}","templated":true}]}}