{"id":31150,"date":"2022-02-18T16:50:55","date_gmt":"2022-02-18T15:50:55","guid":{"rendered":"https:\/\/www.rallyclassics.club\/navarra-historic-rally-2021-copy\/"},"modified":"2022-05-30T14:41:47","modified_gmt":"2022-05-30T13:41:47","slug":"2-navarra-historic-rally-2022","status":"publish","type":"page","link":"https:\/\/rallyclassics.club\/fr\/2-navarra-historic-rally-2022\/","title":{"rendered":"2e Navarra Historic Rally &#8211; 11 et 12 juin 2022 | Rally R\u00e9gularit\u00e9"},"content":{"rendered":"<p><div class=\"title\"><h2>2e Navarra Historic Rally &#8211; 11 et 12 juin 2022 | Rally R\u00e9gularit\u00e9<\/h2><div class=\"title-sep-container\"><div class=\"title-sep\"><\/div><\/div><\/div>\n<p><img loading=\"lazy\" decoding=\"async\" class=\"alignnone size-full wp-image-31242\" src=\"https:\/\/www.rallyclassics.club\/wp-content\/uploads\/NCF2022_Rally_980x300.jpg\" alt=\"\" width=\"980\" height=\"300\" srcset=\"https:\/\/rallyclassics.club\/wp-content\/uploads\/NCF2022_Rally_980x300.jpg 980w, https:\/\/rallyclassics.club\/wp-content\/uploads\/NCF2022_Rally_980x300-300x92.jpg 300w, https:\/\/rallyclassics.club\/wp-content\/uploads\/NCF2022_Rally_980x300-768x235.jpg 768w\" sizes=\"auto, (max-width: 980px) 100vw, 980px\" \/><\/p>\n<p>&nbsp;<br \/>\n<div class=\"title\"><h2>Inscriptions<\/h2><div class=\"title-sep-container\"><div class=\"title-sep\"><\/div><\/div><\/div>\n<div class=\"one_half\">\n<a class=\"button-7 button large default\" title=\"\" href=\"\" target=\"_blank\">Inscriptions ferm\u00e9s<\/a>\n<\/div>\n<div class=\"title\"><h2>Regularit\u00e9<\/h2><div class=\"title-sep-container\"><div class=\"title-sep\"><\/div><\/div><\/div>\n<div class=\"one_half last\">\n<a class=\"button-8 button large default\" title=\"\" href=\"http:\/\/www.rabbitrally.com\/docs\/content\/rabbit-rally-2-0-competidores\/introduccion-rapida-a-regularidad\/\" target=\"_blank\">Introduction a Rabbit Rally (ES)<\/a>\n<\/div><div class=\"clearboth\"><\/div>\n<p>&nbsp;<\/p>\n<div class=\"title\"><h2>Reseaux sociaux<\/h2><div class=\"title-sep-container\"><div class=\"title-sep\"><\/div><\/div><\/div>\n<p><span style=\"font-size: medium;\">Suivez les r\u00e9seaux sociaux de RallyClassics pour ne manquer aucune actualit\u00e9.<\/span>.<\/p>\n<ul>\n<li><span style=\"text-decoration: underline;\"><span style=\"font-size: medium;\"><a href=\"https:\/\/www.facebook.com\/RallyClassics.org\" target=\"_blank\" rel=\"noopener noreferrer\">Facebook @RallyClassics<\/a><\/span><\/span><\/li>\n<li><span style=\"text-decoration: underline;\"><span style=\"font-size: medium;\"><a href=\"https:\/\/www.instagram.com\/rallyclassics\/\" target=\"_blank\" rel=\"noopener noreferrer\">Instagram @rallyclassics<\/a><\/span><\/span><\/li>\n<li><span style=\"text-decoration: underline;\"><span style=\"font-size: medium;\"><a href=\"https:\/\/twitter.com\/RallyClassics\" target=\"_blank\" rel=\"noopener noreferrer\">Twitter @RallyClassics<\/a><\/span><\/span><\/li>\n<\/ul>\n<p>&nbsp;<\/p>\n<div class=\"title\"><h2>Actualit\u00e9s du Navarra Historic Rally 2022<\/h2><div class=\"title-sep-container\"><div class=\"title-sep\"><\/div><\/div><\/div>\n<div class=\"avada-container\"><section class=\"columns columns-3\" style=\"width:100%\"><div class=\"holder\"><article class=\"col\"><div class=\"flexslider floated-post-slideshow\"><ul class=\"slides\"><li>\n\t\t\t\t\t<a href=\"https:\/\/rallyclassics.club\/fr\/inscribete-porsche-classic-series-navarra-11-junio\/\" rel=\"\"><img decoding=\"async\" src=\"https:\/\/rallyclassics.club\/wp-content\/uploads\/porsche_classic_series_2022_castelloli-45-700x441.jpg\" alt=\"\u00a1No te pierdas las Porsche Classic Series de Navarra (11 junio)!\" \/><\/a>\n\t\t\t\t<\/li><\/ul>\n\t\t<\/div><h4><a href=\"https:\/\/rallyclassics.club\/fr\/inscribete-porsche-classic-series-navarra-11-junio\/\">\u00a1No te pierdas las Porsche Classic Series de Navarra (11 junio)!<\/a><\/h4><\/article><article class=\"col\"><div class=\"flexslider floated-post-slideshow\"><ul class=\"slides\"><li>\n\t\t\t\t\t<a href=\"https:\/\/rallyclassics.club\/fr\/pegaso-7222-dakar-navarra-classic-raid\/\" rel=\"\"><img decoding=\"async\" src=\"https:\/\/rallyclassics.club\/wp-content\/uploads\/5-urbano_-700x441.jpg\" alt=\"Le Pegaso 7222 Dakar de Salvador Ca\u00f1ellas, au Navarra Classic Raid !\" \/><\/a>\n\t\t\t\t<\/li><\/ul>\n\t\t<\/div><h4><a href=\"https:\/\/rallyclassics.club\/fr\/pegaso-7222-dakar-navarra-classic-raid\/\">Le Pegaso 7222 Dakar de Salvador Ca\u00f1ellas, au Navarra Classic Raid !<\/a><\/h4><\/article><article class=\"col\"><div class=\"flexslider floated-post-slideshow\"><ul class=\"slides\"><li>\n\t\t\t\t\t<a href=\"https:\/\/rallyclassics.club\/fr\/del-10-al-12-de-junio-vuelve-el-navarra-classic-festival\/\" rel=\"\"><img decoding=\"async\" src=\"https:\/\/rallyclassics.club\/wp-content\/uploads\/Classic-Festival-Post-Instagram-1-700x441.jpg\" alt=\"Du 10 au 12 juin, le Navarra Classic Festival revient !\" \/><\/a>\n\t\t\t\t<\/li><\/ul>\n\t\t<\/div><h4><a href=\"https:\/\/rallyclassics.club\/fr\/del-10-al-12-de-junio-vuelve-el-navarra-classic-festival\/\">Du 10 au 12 juin, le Navarra Classic Festival revient !<\/a><\/h4><\/article><article class=\"col\"><div class=\"flexslider floated-post-slideshow\"><ul class=\"slides\"><li>\n\t\t\t\t\t<a href=\"https:\/\/rallyclassics.club\/fr\/inscripciones-abiertas-2-navarra-classic-raid-2022\/\" rel=\"\"><img decoding=\"async\" src=\"https:\/\/rallyclassics.club\/wp-content\/uploads\/navarra_classic_raid-12-700x441.jpg\" alt=\"Ouverture des inscriptions pour le 2e Navarra Classic Raid (10-11 juin)\" \/><\/a>\n\t\t\t\t<\/li><\/ul>\n\t\t<\/div><h4><a href=\"https:\/\/rallyclassics.club\/fr\/inscripciones-abiertas-2-navarra-classic-raid-2022\/\">Ouverture des inscriptions pour le 2e Navarra Classic Raid (10-11 juin)<\/a><\/h4><\/article><article class=\"col\"><div class=\"flexslider floated-post-slideshow\"><ul class=\"slides\"><li>\n\t\t\t\t\t<a href=\"https:\/\/rallyclassics.club\/fr\/presentacion-2o-navarra-classic-festival\/\" rel=\"\"><img decoding=\"async\" src=\"https:\/\/rallyclassics.club\/wp-content\/uploads\/cartel_navarra_classic_festival_2022_web_high-700x441.jpg\" alt=\"Du 10 au 12 juin, le 2e Navarra Classic Festival arrive !\" \/><\/a>\n\t\t\t\t<\/li><\/ul>\n\t\t<\/div><h4><a href=\"https:\/\/rallyclassics.club\/fr\/presentacion-2o-navarra-classic-festival\/\">Du 10 au 12 juin, le 2e Navarra Classic Festival arrive !<\/a><\/h4><\/article><article class=\"col\"><div class=\"flexslider floated-post-slideshow\"><ul class=\"slides\"><li>\n\t\t\t\t\t<a href=\"https:\/\/rallyclassics.club\/fr\/video-navarra-classic-festival-2021\/\" rel=\"\"><img decoding=\"async\" src=\"https:\/\/rallyclassics.club\/wp-content\/uploads\/video_resumen_navarra_classic_festival-700x441.jpg\" alt=\"La vid\u00e9o officielle du Navarra Classic Festival 2021 est maintenant disponible\" \/><\/a>\n\t\t\t\t<\/li><\/ul>\n\t\t<\/div><h4><a href=\"https:\/\/rallyclassics.club\/fr\/video-navarra-classic-festival-2021\/\">La vid\u00e9o officielle du Navarra Classic Festival 2021 est maintenant disponible<\/a><\/h4><\/article><\/div><\/section><\/div>\n<p>&nbsp;<\/p>\n<div class=\"title\"><h2>RallyClassics TV:<\/h2><div class=\"title-sep-container\"><div class=\"title-sep\"><\/div><\/div><\/div>\n<p><iframe loading=\"lazy\" title=\"Las mejores im\u00e1genes del Navarra Classic Festival 2021\" width=\"669\" height=\"376\" src=\"https:\/\/www.youtube.com\/embed\/NEl9W827Hn4?feature=oembed\" frameborder=\"0\" allow=\"accelerometer; autoplay; clipboard-write; encrypted-media; gyroscope; picture-in-picture\" allowfullscreen><\/iframe><\/p>\n<p>&nbsp;<br \/>\n<div class=\"title\"><h2>Fotos Navarra Historic Rally<\/h2><div class=\"title-sep-container\"><div class=\"title-sep\"><\/div><\/div><\/div>\n<style type=\"text\/css\">\r\n\t#foogallery-gallery-32422_2 .fg-image {\r\n        width: 150px;\r\n    }\r\n<\/style>\r\n\t\t\t\t<div class=\"foogallery foogallery-container foogallery-default foogallery-lightbox-foobox fg-gutter-10 fg-center fg-default fg-light fg-border-thin fg-shadow-outline fg-loading-default fg-loaded-fade-in fg-caption-hover fg-hover-fade fg-hover-zoom fg-ready\" id=\"foogallery-gallery-32422_2\" data-foogallery=\"{&quot;item&quot;:{&quot;showCaptionTitle&quot;:true,&quot;showCaptionDescription&quot;:true},&quot;lazy&quot;:true}\" >\r\n\t<div class=\"fg-item fg-type-image fg-idle\"><figure class=\"fg-item-inner\"><a href=\"https:\/\/rallyclassics.club\/wp-content\/uploads\/navarra_historic_rally-0.jpg\" data-attachment-id=\"32414\" data-type=\"image\" class=\"fg-thumb\"><span class=\"fg-image-wrap\"><img decoding=\"async\" width=\"150\" height=\"150\" class=\"skip-lazy fg-image\" data-src-fg=\"https:\/\/rallyclassics.club\/wp-content\/uploads\/cache\/navarra_historic_rally-0\/3264532323.jpg\" src=\"data:image\/svg+xml,%3Csvg%20xmlns%3D%22http%3A%2F%2Fwww.w3.org%2F2000%2Fsvg%22%20width%3D%22150%22%20height%3D%22150%22%20viewBox%3D%220%200%20150%20150%22%3E%3C%2Fsvg%3E\" loading=\"eager\"><\/span><span class=\"fg-image-overlay\"><\/span><\/a><figcaption class=\"fg-caption\"><div class=\"fg-caption-inner\"><\/div><\/figcaption><\/figure><div class=\"fg-loader\"><\/div><\/div><div class=\"fg-item fg-type-image fg-idle\"><figure class=\"fg-item-inner\"><a href=\"https:\/\/rallyclassics.club\/wp-content\/uploads\/navarra_historic_rally-7.jpg\" data-attachment-id=\"32420\" data-type=\"image\" class=\"fg-thumb\"><span class=\"fg-image-wrap\"><img decoding=\"async\" width=\"150\" height=\"150\" class=\"skip-lazy fg-image\" data-src-fg=\"https:\/\/rallyclassics.club\/wp-content\/uploads\/cache\/navarra_historic_rally-7\/3978526039.jpg\" src=\"data:image\/svg+xml,%3Csvg%20xmlns%3D%22http%3A%2F%2Fwww.w3.org%2F2000%2Fsvg%22%20width%3D%22150%22%20height%3D%22150%22%20viewBox%3D%220%200%20150%20150%22%3E%3C%2Fsvg%3E\" loading=\"eager\"><\/span><span class=\"fg-image-overlay\"><\/span><\/a><figcaption class=\"fg-caption\"><div class=\"fg-caption-inner\"><\/div><\/figcaption><\/figure><div class=\"fg-loader\"><\/div><\/div><div class=\"fg-item fg-type-image fg-idle\"><figure class=\"fg-item-inner\"><a href=\"https:\/\/rallyclassics.club\/wp-content\/uploads\/navarra_historic_rally-5.jpg\" data-attachment-id=\"32419\" data-type=\"image\" class=\"fg-thumb\"><span class=\"fg-image-wrap\"><img decoding=\"async\" width=\"150\" height=\"150\" class=\"skip-lazy fg-image\" data-src-fg=\"https:\/\/rallyclassics.club\/wp-content\/uploads\/cache\/navarra_historic_rally-5\/1011128565.jpg\" src=\"data:image\/svg+xml,%3Csvg%20xmlns%3D%22http%3A%2F%2Fwww.w3.org%2F2000%2Fsvg%22%20width%3D%22150%22%20height%3D%22150%22%20viewBox%3D%220%200%20150%20150%22%3E%3C%2Fsvg%3E\" loading=\"eager\"><\/span><span class=\"fg-image-overlay\"><\/span><\/a><figcaption class=\"fg-caption\"><div class=\"fg-caption-inner\"><\/div><\/figcaption><\/figure><div class=\"fg-loader\"><\/div><\/div><div class=\"fg-item fg-type-image fg-idle\"><figure class=\"fg-item-inner\"><a href=\"https:\/\/rallyclassics.club\/wp-content\/uploads\/navarra_historic_rally-4.jpg\" data-attachment-id=\"32418\" data-type=\"image\" class=\"fg-thumb\"><span class=\"fg-image-wrap\"><img decoding=\"async\" width=\"150\" height=\"150\" class=\"skip-lazy fg-image\" data-src-fg=\"https:\/\/rallyclassics.club\/wp-content\/uploads\/cache\/navarra_historic_rally-4\/1841892168.jpg\" src=\"data:image\/svg+xml,%3Csvg%20xmlns%3D%22http%3A%2F%2Fwww.w3.org%2F2000%2Fsvg%22%20width%3D%22150%22%20height%3D%22150%22%20viewBox%3D%220%200%20150%20150%22%3E%3C%2Fsvg%3E\" loading=\"eager\"><\/span><span class=\"fg-image-overlay\"><\/span><\/a><figcaption class=\"fg-caption\"><div class=\"fg-caption-inner\"><\/div><\/figcaption><\/figure><div class=\"fg-loader\"><\/div><\/div><div class=\"fg-item fg-type-image fg-idle\"><figure class=\"fg-item-inner\"><a href=\"https:\/\/rallyclassics.club\/wp-content\/uploads\/navarra_historic_rally-3.jpg\" data-attachment-id=\"32417\" data-type=\"image\" class=\"fg-thumb\"><span class=\"fg-image-wrap\"><img decoding=\"async\" width=\"150\" height=\"150\" class=\"skip-lazy fg-image\" data-src-fg=\"https:\/\/rallyclassics.club\/wp-content\/uploads\/cache\/navarra_historic_rally-3\/805469092.jpg\" src=\"data:image\/svg+xml,%3Csvg%20xmlns%3D%22http%3A%2F%2Fwww.w3.org%2F2000%2Fsvg%22%20width%3D%22150%22%20height%3D%22150%22%20viewBox%3D%220%200%20150%20150%22%3E%3C%2Fsvg%3E\" loading=\"eager\"><\/span><span class=\"fg-image-overlay\"><\/span><\/a><figcaption class=\"fg-caption\"><div class=\"fg-caption-inner\"><\/div><\/figcaption><\/figure><div class=\"fg-loader\"><\/div><\/div><div class=\"fg-item fg-type-image fg-idle\"><figure class=\"fg-item-inner\"><a href=\"https:\/\/rallyclassics.club\/wp-content\/uploads\/navarra_historic_rally-8.jpg\" data-attachment-id=\"32381\" data-type=\"image\" class=\"fg-thumb\"><span class=\"fg-image-wrap\"><img decoding=\"async\" width=\"150\" height=\"150\" class=\"skip-lazy fg-image\" data-src-fg=\"https:\/\/rallyclassics.club\/wp-content\/uploads\/cache\/navarra_historic_rally-8\/1811554943.jpg\" src=\"data:image\/svg+xml,%3Csvg%20xmlns%3D%22http%3A%2F%2Fwww.w3.org%2F2000%2Fsvg%22%20width%3D%22150%22%20height%3D%22150%22%20viewBox%3D%220%200%20150%20150%22%3E%3C%2Fsvg%3E\" loading=\"eager\"><\/span><span class=\"fg-image-overlay\"><\/span><\/a><figcaption class=\"fg-caption\"><div class=\"fg-caption-inner\"><\/div><\/figcaption><\/figure><div class=\"fg-loader\"><\/div><\/div><div class=\"fg-item fg-type-image fg-idle\"><figure class=\"fg-item-inner\"><a href=\"https:\/\/rallyclassics.club\/wp-content\/uploads\/navarra_historic_rally-2.jpg\" data-attachment-id=\"32416\" data-type=\"image\" class=\"fg-thumb\"><span class=\"fg-image-wrap\"><img decoding=\"async\" width=\"150\" height=\"150\" class=\"skip-lazy fg-image\" data-src-fg=\"https:\/\/rallyclassics.club\/wp-content\/uploads\/cache\/navarra_historic_rally-2\/1636821017.jpg\" src=\"data:image\/svg+xml,%3Csvg%20xmlns%3D%22http%3A%2F%2Fwww.w3.org%2F2000%2Fsvg%22%20width%3D%22150%22%20height%3D%22150%22%20viewBox%3D%220%200%20150%20150%22%3E%3C%2Fsvg%3E\" loading=\"eager\"><\/span><span class=\"fg-image-overlay\"><\/span><\/a><figcaption class=\"fg-caption\"><div class=\"fg-caption-inner\"><\/div><\/figcaption><\/figure><div class=\"fg-loader\"><\/div><\/div><div class=\"fg-item fg-type-image fg-idle\"><figure class=\"fg-item-inner\"><a href=\"https:\/\/rallyclassics.club\/wp-content\/uploads\/navarra_historic_rally-1.jpg\" data-attachment-id=\"32415\" data-type=\"image\" class=\"fg-thumb\"><span class=\"fg-image-wrap\"><img decoding=\"async\" width=\"150\" height=\"150\" class=\"skip-lazy fg-image\" data-src-fg=\"https:\/\/rallyclassics.club\/wp-content\/uploads\/cache\/navarra_historic_rally-1\/2467912926.jpg\" src=\"data:image\/svg+xml,%3Csvg%20xmlns%3D%22http%3A%2F%2Fwww.w3.org%2F2000%2Fsvg%22%20width%3D%22150%22%20height%3D%22150%22%20viewBox%3D%220%200%20150%20150%22%3E%3C%2Fsvg%3E\" loading=\"eager\"><\/span><span class=\"fg-image-overlay\"><\/span><\/a><figcaption class=\"fg-caption\"><div class=\"fg-caption-inner\"><\/div><\/figcaption><\/figure><div class=\"fg-loader\"><\/div><\/div><\/div>\r\n<br \/>\n&nbsp;<\/p>\n<div class=\"title\"><h2>Sponsors Navarra Classic Festival 2022<\/h2><div class=\"title-sep-container\"><div class=\"title-sep\"><\/div><\/div><\/div>\n<p><img loading=\"lazy\" decoding=\"async\" class=\"size-large wp-image-31244 aligncenter\" src=\"https:\/\/www.rallyclassics.club\/wp-content\/uploads\/sponsors_navarra_classic_festival_2022_.jpg\" alt=\"\" width=\"669\" height=\"88\" \/><\/p>\n<p>&nbsp;<\/p>\n<p style=\"text-align: center;\"><a class=\"button-9 button large default\" title=\"\" href=\"\/2-navarra-classic-festival-2022\/\" target=\"\">Retour a web general du Navarra Classic Festival<\/a>\n<p><\/p>","protected":false},"excerpt":{"rendered":"<p>Sur la YouTube de RallyClassics vous pouvez d\u00e9j\u00e0 voir la vid\u00e9o qui r\u00e9sume le premier Navarra Classic Festival, qui s&rsquo;est tenu avec son \u00e9picentre sur le circuit de Navarre du [&#8230;]<\/p>\n","protected":false},"author":9192204,"featured_media":0,"parent":0,"menu_order":0,"comment_status":"closed","ping_status":"closed","template":"","meta":{"om_disable_all_campaigns":false,"_monsterinsights_skip_tracking":false,"_monsterinsights_sitenote_active":false,"_monsterinsights_sitenote_note":"","_monsterinsights_sitenote_category":0,"footnotes":""},"class_list":["post-31150","page","type-page","status-publish","hentry"],"aioseo_notices":[],"_links":{"self":[{"href":"https:\/\/rallyclassics.club\/fr\/wp-json\/wp\/v2\/pages\/31150","targetHints":{"allow":["GET"]}}],"collection":[{"href":"https:\/\/rallyclassics.club\/fr\/wp-json\/wp\/v2\/pages"}],"about":[{"href":"https:\/\/rallyclassics.club\/fr\/wp-json\/wp\/v2\/types\/page"}],"author":[{"embeddable":true,"href":"https:\/\/rallyclassics.club\/fr\/wp-json\/wp\/v2\/users\/9192204"}],"replies":[{"embeddable":true,"href":"https:\/\/rallyclassics.club\/fr\/wp-json\/wp\/v2\/comments?post=31150"}],"version-history":[{"count":24,"href":"https:\/\/rallyclassics.club\/fr\/wp-json\/wp\/v2\/pages\/31150\/revisions"}],"predecessor-version":[{"id":33193,"href":"https:\/\/rallyclassics.club\/fr\/wp-json\/wp\/v2\/pages\/31150\/revisions\/33193"}],"wp:attachment":[{"href":"https:\/\/rallyclassics.club\/fr\/wp-json\/wp\/v2\/media?parent=31150"}],"curies":[{"name":"wp","href":"https:\/\/api.w.org\/{rel}","templated":true}]}}