{"id":32564,"date":"2022-05-04T19:01:03","date_gmt":"2022-05-04T18:01:03","guid":{"rendered":"https:\/\/www.rallyclassics.club\/moto-classic-series-2022\/alcarras-2022-copy\/"},"modified":"2022-06-16T11:29:07","modified_gmt":"2022-06-16T10:29:07","slug":"navarra-2022","status":"publish","type":"page","link":"https:\/\/rallyclassics.club\/fr\/moto-classic-series-2022\/navarra-2022\/","title":{"rendered":"MotoClassic Series 2022 &#8211; Navarra Classic Festival 11 juin"},"content":{"rendered":"<p><div class=\"title\"><h2>MotoClassic Series 2022 &#8211; Alcarr\u00e0s 7 mai<\/h2><div class=\"title-sep-container\"><div class=\"title-sep\"><\/div><\/div><\/div>\n<img loading=\"lazy\" decoding=\"async\" class=\"alignnone size-full wp-image-301\" src=\"\/wp-content\/uploads\/MCS2022_980x300B.jpg\" alt=\"MotoClassic Series 2022 Alcarr\u00e0s\" width=\"980\" height=\"300\" \/><\/p>\n<p>Si vous avez une <strong>moto classique ou youngtimer<\/strong>, quelle que soit sa puissance ou sa pr\u00e9paration, vous devez essayer ce <strong>championnat de r\u00e9gularit\u00e9 sur circuit o\u00f9 les performances sont \u00e0 la hauteur et le plaisir est maximis\u00e9 \u00e0 moindre co\u00fbt<\/strong>. Ici ce ne sont pas les plus rapides qui gagnent, mais les plus r\u00e9guliers !<\/p>\n<p>Relevez le d\u00e9fi de tracer votre temps sur chaque tour sans aucune r\u00e9f\u00e9rence \u00e0 l&rsquo;int\u00e9rieur, uniquement celles que vous recevez du mur. <strong>Chaque rendez-vous comprend 90 minuts approx. sur la piste<\/strong>, avec une manche d&rsquo;entra\u00eenement et deux manches de R\u00e9gularit\u00e9.<\/p>\n<p>&nbsp;<br \/>\n<div class=\"one_half last\">\n<a class=\"button-29 button large default\" title=\"\" href=\"https:\/\/www.rallyclassics.club\/wp-content\/uploads\/Lista-de-inscritos-MCS2022-NAVARRA.pdf\" target=\"_blank\">Liste Engag\u00e9s<\/a>\n<\/div><div class=\"clearboth\"><\/div>\n&nbsp;<\/p>\n<div class=\"title\"><h2>Information<\/h2><div class=\"title-sep-container\"><div class=\"title-sep\"><\/div><\/div><\/div>\n<p><a href=\"\/wp-content\/uploads\/Horario-PCS2022-navarra-v1.pdf\" target=\"blank\" rel=\"noopener noreferrer\"><img loading=\"lazy\" decoding=\"async\" class=\"aligncenter wp-image-12237 size-full\" src=\"https:\/\/www.rallyclassics.club\/wp-content\/uploads\/horarios-pcs-navarra.jpg\" alt=\"Porsche classic series Pruebas 2022\" width=\"650\" height=\"200\" \/><\/a><\/p>\n<div class=\"one_half last\">\n<a class=\"button-30 button large default\" title=\"\" href=\"\/wp-content\/uploads\/Horario-PCS2022-navarra-v1.pdf\" target=\"_blank\">Programme Horaire<\/a>\n<\/div><div class=\"clearboth\"><\/div>\n<p>&nbsp;<\/p>\n<p>Cet \u00e9v\u00e9nement MotoClassic Series se tiendra pendant le <strong>Navarra Classic Festival (10-12 juin)<\/strong>, un festival automobile classique dont l&rsquo;\u00e9picentre est le Circuito de Navarra. Ne manquez pas le reste des activit\u00e9s pr\u00e9vues pour le week-end.<\/p>\n<p><a href=\"\/2-navarra-classic-festival-2022\/\" target=\"blank\" rel=\"noopener noreferrer\"><img loading=\"lazy\" decoding=\"async\" class=\"aligncenter wp-image-12237 size-full\" src=\"\/wp-content\/uploads\/Classic-Festival-Post-Instagram.jpg\" alt=\"Porsche classic series Pruebas 2022\" width=\"550\" height=\"392\" \/><\/a><br \/>\n&nbsp;<br \/>\n<div class=\"one_half last\">\n<a class=\"button-31 button large default\" title=\"\" href=\"\/2-navarra-classic-festival-2022\/\" target=\"_blank\">Information Navarra Classic Festival<\/a>\n<\/div><div class=\"clearboth\"><\/div>\n&nbsp;<\/p>\n<div class=\"title\"><h2>Documentation<\/h2><div class=\"title-sep-container\"><div class=\"title-sep\"><\/div><\/div><\/div>\n<div class=\"one_half\">\n<a class=\"button-32 button large default\" title=\"\" href=\"https:\/\/www.rallyclassics.club\/wp-content\/uploads\/Reglamento-MotoClassic-Series-2022-v1.1.pdf\" target=\"_blank\">Reglement v1.1<\/a>\n<\/div>\n<div class=\"one_half last\">\n<a class=\"button-33 button large default\" title=\"\" href=\"https:\/\/www.rallyclassics.club\/wp-content\/uploads\/EleccionDigitaldelTiempodeReferencia_FR.pdf\" target=\"_blank\">Manuel Systeme Chrono<\/a>\n<\/div><div class=\"clearboth\"><\/div>\n<p>&nbsp;<br \/>\n<div class=\"title\"><h2>Panneau d&rsquo;affichage<\/h2><div class=\"title-sep-container\"><div class=\"title-sep\"><\/div><\/div><\/div>\n<p>Cette saison, nous lan\u00e7ons un nouveau panneau d&rsquo;affichage dans l&rsquo;application <strong>Sportity<\/strong>. Toutes les informations de les \u00e9preuves seront accessibles depuis cette application. Pour t\u00e9l\u00e9charger l&rsquo;application mobile\u00a0: utilisez le code QR ci-dessous ou recherchez Sportity dans Google Play ou Apple Store, et saisissez le <strong>Mot de passe (Password) MCS2022<\/strong>. Il est \u00e9galement disponible en <strong>version Web<\/strong>.<\/p>\n<div class=\"one_half last\">\n<a class=\"button-34 button large default\" title=\"\" href=\"https:\/\/webapp.sportity.com\/channel\/MCS2022\" target=\"_blank\">Panneau d&rsquo;affichage (Version web)<\/a>\n<\/div><div class=\"clearboth\"><\/div>\n&nbsp;<br \/>\n<img loading=\"lazy\" decoding=\"async\" class=\"aligncenter size-full wp-image-308\" src=\"\/wp-content\/uploads\/Sportity_MCS2022.jpg\" alt=\"Tabl\u00f3n anuncios 70 Rally Costa Brava 2022\" width=\"550\" height=\"392\" \/><br \/>\n&nbsp;<br \/>\n<div class=\"title\"><h2>Live Results<\/h2><div class=\"title-sep-container\"><div class=\"title-sep\"><\/div><\/div><\/div>\n<div class=\"one_half\">\n<a class=\"button-35 button large default\" title=\"\" href=\"http:\/\/crono.rallyclassics.net\/Default2.aspx\" target=\"_self\">Tour \u00e0 Tour<\/a>\n<\/div>\n<div class=\"one_half last\">\n<a class=\"button-36 button large default\" title=\"\" href=\"http:\/\/crono.rallyclassics.net\/Default3.aspx\" target=\"_self\">Classement General<\/a>\n<\/div><div class=\"clearboth\"><\/div>\n&nbsp;<\/p>\n<div class=\"title\"><h2>Actualit\u00e9s des MotoClassic Series 2022<\/h2><div class=\"title-sep-container\"><div class=\"title-sep\"><\/div><\/div><\/div>\n<div class=\"avada-container\"><section class=\"columns columns-3\" style=\"width:100%\"><div class=\"holder\"><article class=\"col\"><div class=\"flexslider floated-post-slideshow\"><ul class=\"slides\"><li>\n\t\t\t\t\t<a href=\"https:\/\/rallyclassics.club\/fr\/video-resumen-gran-final-porsche-classic-series-2023\/\" rel=\"\"><img decoding=\"async\" src=\"https:\/\/rallyclassics.club\/wp-content\/uploads\/Thumbnail_FINAL_PCS_2023-700x441.jpg\" alt=\"Le vid\u00e9o de la Grand Final des Porsche Classic Series est d\u00e9sormais disponible\" \/><\/a>\n\t\t\t\t<\/li><\/ul>\n\t\t<\/div><h4><a href=\"https:\/\/rallyclassics.club\/fr\/video-resumen-gran-final-porsche-classic-series-2023\/\">Le vid\u00e9o de la Grand Final des Porsche Classic Series est d\u00e9sormais disponible<\/a><\/h4><ul class=\"meta\"><li><em class=\"date\">18 octobre, 2023<\/em><\/li><\/ul><\/article><article class=\"col\"><div class=\"flexslider floated-post-slideshow\"><ul class=\"slides\"><li>\n\t\t\t\t\t<a href=\"https:\/\/rallyclassics.club\/fr\/presentamos-calendario-2023-rallyclassics\/\" rel=\"\"><img decoding=\"async\" src=\"https:\/\/rallyclassics.club\/wp-content\/uploads\/RC_Calendari2023_Ca-700x441.jpg\" alt=\"Pr\u00e9sentation du calendrier RallyClassics 2023\" \/><\/a>\n\t\t\t\t<\/li><\/ul>\n\t\t<\/div><h4><a href=\"https:\/\/rallyclassics.club\/fr\/presentamos-calendario-2023-rallyclassics\/\">Pr\u00e9sentation du calendrier RallyClassics 2023<\/a><\/h4><ul class=\"meta\"><li><em class=\"date\">9 janvier, 2023<\/em><\/li><\/ul><\/article><article class=\"col\"><div class=\"flexslider floated-post-slideshow\"><ul class=\"slides\"><li>\n\t\t\t\t\t<a href=\"https:\/\/rallyclassics.club\/fr\/galeria-fotos-moto-classic-series-barcelona-2022\/\" rel=\"\"><img decoding=\"async\" src=\"https:\/\/rallyclassics.club\/wp-content\/uploads\/motoclassic_series_circuit_barcelona_catalunya_2022-10-700x441.jpg\" alt=\"Galerie photo MotoClassic Series au Circuit de Barcelona-Catalunya\" \/><\/a>\n\t\t\t\t<\/li><\/ul>\n\t\t<\/div><h4><a href=\"https:\/\/rallyclassics.club\/fr\/galeria-fotos-moto-classic-series-barcelona-2022\/\">Galerie photo MotoClassic Series au Circuit de Barcelona-Catalunya<\/a><\/h4><ul class=\"meta\"><li><em class=\"date\">11 octobre, 2022<\/em><\/li><\/ul><\/article><article class=\"col\"><div class=\"flexslider floated-post-slideshow\"><ul class=\"slides\"><li>\n\t\t\t\t\t<a href=\"https:\/\/rallyclassics.club\/fr\/abrimos-inscripciones-gran-final-motoclassic-series-2022\/\" rel=\"\"><img decoding=\"async\" src=\"https:\/\/rallyclassics.club\/wp-content\/uploads\/porsche_classic_series_final_circuit_barcelona_catalunya-2-700x441.jpg\" alt=\"Engagements ouverts pour la Grand Final des MotoClassic Series 2022\" \/><\/a>\n\t\t\t\t<\/li><\/ul>\n\t\t<\/div><h4><a href=\"https:\/\/rallyclassics.club\/fr\/abrimos-inscripciones-gran-final-motoclassic-series-2022\/\">Engagements ouverts pour la Grand Final des MotoClassic Series 2022<\/a><\/h4><ul class=\"meta\"><li><em class=\"date\">22 septembre, 2022<\/em><\/li><\/ul><\/article><article class=\"col\"><div class=\"flexslider floated-post-slideshow\"><ul class=\"slides\"><li>\n\t\t\t\t\t<a href=\"https:\/\/rallyclassics.club\/fr\/galeria-fotos-moto-classic-series-calafat-2022\/\" rel=\"\"><img decoding=\"async\" src=\"https:\/\/rallyclassics.club\/wp-content\/uploads\/moto_classic_series_calafat_2022-116-700x441.jpg\" alt=\"Galerie photo MotoClassic Series \u00e0 Calafat\" \/><\/a>\n\t\t\t\t<\/li><\/ul>\n\t\t<\/div><h4><a href=\"https:\/\/rallyclassics.club\/fr\/galeria-fotos-moto-classic-series-calafat-2022\/\">Galerie photo MotoClassic Series \u00e0 Calafat<\/a><\/h4><ul class=\"meta\"><li><em class=\"date\">21 septembre, 2022<\/em><\/li><\/ul><\/article><article class=\"col\"><div class=\"flexslider floated-post-slideshow\"><ul class=\"slides\"><li>\n\t\t\t\t\t<a href=\"https:\/\/rallyclassics.club\/fr\/inscripciones-abiertas-motoclassic-series-calafat-17-septiembre\/\" rel=\"\"><img decoding=\"async\" src=\"https:\/\/rallyclassics.club\/wp-content\/uploads\/PCS-PM_-7568_-700x441.jpg\" alt=\"Engagements ouverts pour les MotoClassic Series de Calafat (17 Septembre)\" \/><\/a>\n\t\t\t\t<\/li><\/ul>\n\t\t<\/div><h4><a href=\"https:\/\/rallyclassics.club\/fr\/inscripciones-abiertas-motoclassic-series-calafat-17-septiembre\/\">Engagements ouverts pour les MotoClassic Series de Calafat (17 Septembre)<\/a><\/h4><ul class=\"meta\"><li><em class=\"date\">8 juillet, 2022<\/em><\/li><\/ul><\/article><\/div><\/section><\/div>\n<div class=\"title\"><h2>Tout comme les MotoClassic Series<\/h2><div class=\"title-sep-container\"><div class=\"title-sep\"><\/div><\/div><\/div>\n<iframe loading=\"lazy\" title=\"Eduard Armengol y su Honda CB Four | MotoClassic Series\" width=\"669\" height=\"376\" src=\"https:\/\/www.youtube.com\/embed\/CSmimJc268E?feature=oembed\" frameborder=\"0\" allow=\"accelerometer; autoplay; clipboard-write; encrypted-media; gyroscope; picture-in-picture\" allowfullscreen><\/iframe><br \/>\n&nbsp;<br \/>\n<div class=\"title\"><h2>Fotos MotoClassic Series Navarra<\/h2><div class=\"title-sep-container\"><div class=\"title-sep\"><\/div><\/div><\/div>\n<p><style type=\"text\/css\">\r\n\t#foogallery-gallery-33837_2 .fg-image {\r\n        width: 150px;\r\n    }\r\n<\/style>\r\n\t\t\t\t<div class=\"foogallery foogallery-container foogallery-default foogallery-lightbox-foobox fg-gutter-10 fg-center fg-default fg-light fg-border-thin fg-shadow-outline fg-loading-default fg-loaded-fade-in fg-caption-hover fg-hover-fade fg-hover-zoom fg-ready\" id=\"foogallery-gallery-33837_2\" data-foogallery=\"{&quot;item&quot;:{&quot;showCaptionTitle&quot;:true,&quot;showCaptionDescription&quot;:true},&quot;lazy&quot;:true}\" >\r\n\t<div class=\"fg-item fg-type-image fg-idle\"><figure class=\"fg-item-inner\"><a href=\"https:\/\/rallyclassics.club\/wp-content\/uploads\/navarra_classic_festival_2022-232.jpg\" data-attachment-id=\"33607\" data-type=\"image\" class=\"fg-thumb\"><span class=\"fg-image-wrap\"><img decoding=\"async\" width=\"150\" height=\"150\" class=\"skip-lazy fg-image\" data-src-fg=\"https:\/\/rallyclassics.club\/wp-content\/uploads\/cache\/navarra_classic_festival_2022-232\/2617220464.jpg\" src=\"data:image\/svg+xml,%3Csvg%20xmlns%3D%22http%3A%2F%2Fwww.w3.org%2F2000%2Fsvg%22%20width%3D%22150%22%20height%3D%22150%22%20viewBox%3D%220%200%20150%20150%22%3E%3C%2Fsvg%3E\" loading=\"eager\"><\/span><span class=\"fg-image-overlay\"><\/span><\/a><figcaption class=\"fg-caption\"><div class=\"fg-caption-inner\"><\/div><\/figcaption><\/figure><div class=\"fg-loader\"><\/div><\/div><div class=\"fg-item fg-type-image fg-idle\"><figure class=\"fg-item-inner\"><a href=\"https:\/\/rallyclassics.club\/wp-content\/uploads\/navarra_classic_festival_2022-235.jpg\" data-attachment-id=\"33610\" data-type=\"image\" class=\"fg-thumb\"><span class=\"fg-image-wrap\"><img decoding=\"async\" width=\"150\" height=\"150\" class=\"skip-lazy fg-image\" data-src-fg=\"https:\/\/rallyclassics.club\/wp-content\/uploads\/cache\/navarra_classic_festival_2022-235\/435228049.jpg\" src=\"data:image\/svg+xml,%3Csvg%20xmlns%3D%22http%3A%2F%2Fwww.w3.org%2F2000%2Fsvg%22%20width%3D%22150%22%20height%3D%22150%22%20viewBox%3D%220%200%20150%20150%22%3E%3C%2Fsvg%3E\" loading=\"eager\"><\/span><span class=\"fg-image-overlay\"><\/span><\/a><figcaption class=\"fg-caption\"><div class=\"fg-caption-inner\"><\/div><\/figcaption><\/figure><div class=\"fg-loader\"><\/div><\/div><div class=\"fg-item fg-type-image fg-idle\"><figure class=\"fg-item-inner\"><a href=\"https:\/\/rallyclassics.club\/wp-content\/uploads\/navarra_classic_festival_2022-111-1.jpg\" data-attachment-id=\"33594\" data-type=\"image\" class=\"fg-thumb\"><span class=\"fg-image-wrap\"><img decoding=\"async\" width=\"150\" height=\"150\" class=\"skip-lazy fg-image\" data-src-fg=\"https:\/\/rallyclassics.club\/wp-content\/uploads\/cache\/navarra_classic_festival_2022-111-1\/3443759643.jpg\" src=\"data:image\/svg+xml,%3Csvg%20xmlns%3D%22http%3A%2F%2Fwww.w3.org%2F2000%2Fsvg%22%20width%3D%22150%22%20height%3D%22150%22%20viewBox%3D%220%200%20150%20150%22%3E%3C%2Fsvg%3E\" loading=\"eager\"><\/span><span class=\"fg-image-overlay\"><\/span><\/a><figcaption class=\"fg-caption\"><div class=\"fg-caption-inner\"><\/div><\/figcaption><\/figure><div class=\"fg-loader\"><\/div><\/div><div class=\"fg-item fg-type-image fg-idle\"><figure class=\"fg-item-inner\"><a href=\"https:\/\/rallyclassics.club\/wp-content\/uploads\/navarra_classic_festival_2022-96.jpg\" data-attachment-id=\"33579\" data-type=\"image\" class=\"fg-thumb\"><span class=\"fg-image-wrap\"><img decoding=\"async\" width=\"150\" height=\"150\" class=\"skip-lazy fg-image\" data-src-fg=\"https:\/\/rallyclassics.club\/wp-content\/uploads\/cache\/navarra_classic_festival_2022-96\/429080379.jpg\" src=\"data:image\/svg+xml,%3Csvg%20xmlns%3D%22http%3A%2F%2Fwww.w3.org%2F2000%2Fsvg%22%20width%3D%22150%22%20height%3D%22150%22%20viewBox%3D%220%200%20150%20150%22%3E%3C%2Fsvg%3E\" loading=\"eager\"><\/span><span class=\"fg-image-overlay\"><\/span><\/a><figcaption class=\"fg-caption\"><div class=\"fg-caption-inner\"><\/div><\/figcaption><\/figure><div class=\"fg-loader\"><\/div><\/div><div class=\"fg-item fg-type-image fg-idle\"><figure class=\"fg-item-inner\"><a href=\"https:\/\/rallyclassics.club\/wp-content\/uploads\/navarra_classic_festival_2022-94.jpg\" data-attachment-id=\"33577\" data-type=\"image\" class=\"fg-thumb\"><span class=\"fg-image-wrap\"><img decoding=\"async\" width=\"150\" height=\"150\" class=\"skip-lazy fg-image\" data-src-fg=\"https:\/\/rallyclassics.club\/wp-content\/uploads\/cache\/navarra_classic_festival_2022-94\/3205634560.jpg\" src=\"data:image\/svg+xml,%3Csvg%20xmlns%3D%22http%3A%2F%2Fwww.w3.org%2F2000%2Fsvg%22%20width%3D%22150%22%20height%3D%22150%22%20viewBox%3D%220%200%20150%20150%22%3E%3C%2Fsvg%3E\" loading=\"eager\"><\/span><span class=\"fg-image-overlay\"><\/span><\/a><figcaption class=\"fg-caption\"><div class=\"fg-caption-inner\"><\/div><\/figcaption><\/figure><div class=\"fg-loader\"><\/div><\/div><div class=\"fg-item fg-type-image fg-idle\"><figure class=\"fg-item-inner\"><a href=\"https:\/\/rallyclassics.club\/wp-content\/uploads\/navarra_classic_festival_2022-75.jpg\" data-attachment-id=\"33558\" data-type=\"image\" class=\"fg-thumb\"><span class=\"fg-image-wrap\"><img decoding=\"async\" width=\"150\" height=\"150\" class=\"skip-lazy fg-image\" data-src-fg=\"https:\/\/rallyclassics.club\/wp-content\/uploads\/cache\/navarra_classic_festival_2022-75\/2104174022.jpg\" src=\"data:image\/svg+xml,%3Csvg%20xmlns%3D%22http%3A%2F%2Fwww.w3.org%2F2000%2Fsvg%22%20width%3D%22150%22%20height%3D%22150%22%20viewBox%3D%220%200%20150%20150%22%3E%3C%2Fsvg%3E\" loading=\"eager\"><\/span><span class=\"fg-image-overlay\"><\/span><\/a><figcaption class=\"fg-caption\"><div class=\"fg-caption-inner\"><\/div><\/figcaption><\/figure><div class=\"fg-loader\"><\/div><\/div><div class=\"fg-item fg-type-image fg-idle\"><figure class=\"fg-item-inner\"><a href=\"https:\/\/rallyclassics.club\/wp-content\/uploads\/navarra_classic_festival_2022-55-1.jpg\" data-attachment-id=\"33546\" data-type=\"image\" class=\"fg-thumb\"><span class=\"fg-image-wrap\"><img decoding=\"async\" width=\"150\" height=\"150\" class=\"skip-lazy fg-image\" data-src-fg=\"https:\/\/rallyclassics.club\/wp-content\/uploads\/cache\/navarra_classic_festival_2022-55-1\/1182102565.jpg\" src=\"data:image\/svg+xml,%3Csvg%20xmlns%3D%22http%3A%2F%2Fwww.w3.org%2F2000%2Fsvg%22%20width%3D%22150%22%20height%3D%22150%22%20viewBox%3D%220%200%20150%20150%22%3E%3C%2Fsvg%3E\" loading=\"eager\"><\/span><span class=\"fg-image-overlay\"><\/span><\/a><figcaption class=\"fg-caption\"><div class=\"fg-caption-inner\"><\/div><\/figcaption><\/figure><div class=\"fg-loader\"><\/div><\/div><div class=\"fg-item fg-type-image fg-idle\"><figure class=\"fg-item-inner\"><a href=\"https:\/\/rallyclassics.club\/wp-content\/uploads\/navarra_classic_festival_2022-261-1.jpg\" data-attachment-id=\"33619\" data-type=\"image\" class=\"fg-thumb\"><span class=\"fg-image-wrap\"><img decoding=\"async\" width=\"150\" height=\"150\" class=\"skip-lazy fg-image\" data-src-fg=\"https:\/\/rallyclassics.club\/wp-content\/uploads\/cache\/navarra_classic_festival_2022-261-1\/3100052405.jpg\" src=\"data:image\/svg+xml,%3Csvg%20xmlns%3D%22http%3A%2F%2Fwww.w3.org%2F2000%2Fsvg%22%20width%3D%22150%22%20height%3D%22150%22%20viewBox%3D%220%200%20150%20150%22%3E%3C%2Fsvg%3E\" loading=\"eager\"><\/span><span class=\"fg-image-overlay\"><\/span><\/a><figcaption class=\"fg-caption\"><div class=\"fg-caption-inner\"><\/div><\/figcaption><\/figure><div class=\"fg-loader\"><\/div><\/div><\/div>\r\n<br \/>\n&nbsp;<br \/>\n<div class=\"title\"><h2>Sponsors des Moto Classic Series 2022<\/h2><div class=\"title-sep-container\"><div class=\"title-sep\"><\/div><\/div><\/div>\n<div class=\"related-posts related-projects clientslider-container\"><div id=\"carousel\" class=\"clients-carousel es-carousel-wrapper\"><div class=\"es-carousel\"><ul>\n<li><a href=\"https:\/\/www.motul.com\/es\/es\" target=\"_self\"><img decoding=\"async\" src=\"\/wp-content\/uploads\/logo_motul_150x100.jpg\" alt=\"\" \/><\/a><\/li>\n<li><a href=\"https:\/\/www.gt2i.es\/es\/\" target=\"_self\"><img decoding=\"async\" src=\"\/wp-content\/uploads\/gt2i_150x100.jpg\" alt=\"\" \/><\/a><\/li>\n<li><a href=\"https:\/\/esport.gencat.cat\/ca\/inici\" target=\"_self\"><img decoding=\"async\" src=\"\/wp-content\/uploads\/GENCAT-150X100.jpg\" alt=\"\" \/><\/a><\/li>\n<\/ul><div class=\"es-nav\"><span class=\"es-nav-prev\">Previous<\/span><span class=\"es-nav-next\">Next<\/span><\/div><\/div><\/div><\/div>\n<div class=\"related-posts related-projects clientslider-container\"><div id=\"carousel\" class=\"clients-carousel es-carousel-wrapper\"><div class=\"es-carousel\"><ul>\n<li><a href=\"https:\/\/www.continental-neumaticos.es\/moto\" target=\"_self\"><img decoding=\"async\" src=\"\/wp-content\/uploads\/continental_150x100.jpg\" alt=\"\" \/><\/a><\/li>\n<li><a href=\"https:\/\/www.pmbarcelona.com\/\" target=\"_self\"><img decoding=\"async\" src=\"\/wp-content\/uploads\/pmb_150x100.jpg\" alt=\"\" \/><\/a><\/li>\n<li><a href=\"http:\/\/www.fcm.cat\/web\" target=\"_self\"><img decoding=\"async\" src=\"\/wp-content\/uploads\/fcm_150x100.jpg\" alt=\"\" \/><\/a><\/li>\n<\/ul><div class=\"es-nav\"><span class=\"es-nav-prev\">Previous<\/span><span class=\"es-nav-next\">Next<\/span><\/div><\/div><\/div><\/div>\n<p>&nbsp;<\/p>\n<p style=\"text-align: center;\"><a class=\"button-37 button large default\" title=\"\" href=\"\/moto-classic-series-2022\/\" target=\"\">Retour a Page principal MotoClassic Series<\/a>\n<p>&nbsp;<\/p>","protected":false},"excerpt":{"rendered":"<p>Le Circuit de Calafat sera l\u2019avant-derni\u00e8re manche de les MotoClassic Series 2022, et il le fera avec une double journ\u00e9e (manches\/trackdays le vendredi 16 apr\u00e8s-midi, et comp\u00e9tition le samedi 17). [&#8230;]<\/p>\n","protected":false},"author":9192204,"featured_media":0,"parent":30658,"menu_order":0,"comment_status":"closed","ping_status":"closed","template":"","meta":{"om_disable_all_campaigns":false,"_monsterinsights_skip_tracking":false,"_monsterinsights_sitenote_active":false,"_monsterinsights_sitenote_note":"","_monsterinsights_sitenote_category":0,"footnotes":""},"class_list":["post-32564","page","type-page","status-publish","hentry"],"aioseo_notices":[],"_links":{"self":[{"href":"https:\/\/rallyclassics.club\/fr\/wp-json\/wp\/v2\/pages\/32564","targetHints":{"allow":["GET"]}}],"collection":[{"href":"https:\/\/rallyclassics.club\/fr\/wp-json\/wp\/v2\/pages"}],"about":[{"href":"https:\/\/rallyclassics.club\/fr\/wp-json\/wp\/v2\/types\/page"}],"author":[{"embeddable":true,"href":"https:\/\/rallyclassics.club\/fr\/wp-json\/wp\/v2\/users\/9192204"}],"replies":[{"embeddable":true,"href":"https:\/\/rallyclassics.club\/fr\/wp-json\/wp\/v2\/comments?post=32564"}],"version-history":[{"count":12,"href":"https:\/\/rallyclassics.club\/fr\/wp-json\/wp\/v2\/pages\/32564\/revisions"}],"predecessor-version":[{"id":33848,"href":"https:\/\/rallyclassics.club\/fr\/wp-json\/wp\/v2\/pages\/32564\/revisions\/33848"}],"up":[{"embeddable":true,"href":"https:\/\/rallyclassics.club\/fr\/wp-json\/wp\/v2\/pages\/30658"}],"wp:attachment":[{"href":"https:\/\/rallyclassics.club\/fr\/wp-json\/wp\/v2\/media?parent=32564"}],"curies":[{"name":"wp","href":"https:\/\/api.w.org\/{rel}","templated":true}]}}