{"id":34085,"date":"2022-09-12T18:45:23","date_gmt":"2022-09-12T17:45:23","guid":{"rendered":"https:\/\/www.rallyclassics.club\/?page_id=34085"},"modified":"2022-09-30T11:01:31","modified_gmt":"2022-09-30T10:01:31","slug":"programa-motordona","status":"publish","type":"page","link":"https:\/\/rallyclassics.club\/fr\/programa-motordona\/","title":{"rendered":"Programme #MotorDona"},"content":{"rendered":"<p>https:\/\/youtu.be\/XtyQ6xGJ0p8<\/p>\n<h2><\/h2>\n<h2><strong>Un programme pionnier pour promouvoir la participation des femmes dans l&rsquo;automobile classique.<\/strong><\/h2>\n<p>&nbsp;<\/p>\n<h3><strong>Qu&rsquo;est-ce que #MotorDona ?<\/strong><\/h3>\n<p><strong>#MotorDona<\/strong> est un programme cr\u00e9\u00e9 par Club RallyClassics, en collaboration avec des institutions et des entreprises, visant \u00e0 promouvoir la participation et le talent f\u00e9minins dans diff\u00e9rents \u00e9v\u00e9nements tout au long de la saison.<\/p>\n<p>Il s&rsquo;agit d&rsquo;<strong>un programme de trois ans (2022-2024)<\/strong> qui a d\u00e9but\u00e9 avec succ\u00e8s lors du 70e Rally Motul Costa Brava et se poursuivra dans les prochaines \u00e9ditions de cet \u00e9v\u00e9nement, ainsi que dans d&rsquo;autres comme le Rallye Costa Brava Hist\u00f2ric by Motul ou le Porsche Classic Series.<\/p>\n<p>Les \u00e9preuves de voitures classiques peuvent \u00eatre la porte d&rsquo;entr\u00e9e id\u00e9ale pour les femmes dans le sport automobile, en raison de la facilit\u00e9 de participer en tant qu&rsquo;amateur, sans avoir besoin d&rsquo;exp\u00e9rience pr\u00e9alable, et parce qu&rsquo;elles sont des v\u00e9hicules bien consid\u00e9r\u00e9s et tr\u00e8s appr\u00e9ci\u00e9s par le public.<\/p>\n<h3><a href=\"https:\/\/www.rallyclassics.club\/wp-content\/uploads\/motordona_rallyclassics_margot_llobera.jpg\"><img loading=\"lazy\" decoding=\"async\" class=\"wp-image-34098 aligncenter\" src=\"https:\/\/www.rallyclassics.club\/wp-content\/uploads\/motordona_rallyclassics_margot_llobera.jpg\" alt=\"\" width=\"550\" height=\"367\" srcset=\"https:\/\/rallyclassics.club\/wp-content\/uploads\/motordona_rallyclassics_margot_llobera.jpg 900w, https:\/\/rallyclassics.club\/wp-content\/uploads\/motordona_rallyclassics_margot_llobera-300x200.jpg 300w, https:\/\/rallyclassics.club\/wp-content\/uploads\/motordona_rallyclassics_margot_llobera-768x512.jpg 768w\" sizes=\"auto, (max-width: 550px) 100vw, 550px\" \/><\/a><\/h3>\n<h3><\/h3>\n<h3><strong>Quel est le but du programme ?<\/strong><\/h3>\n<p>Dans le sport automobile, le r\u00f4le des femmes a connu une grande \u00e9volution ces derni\u00e8res ann\u00e9es, une tendance que le programme #MotorDona s&rsquo;efforce de transf\u00e9rer \u00e9galement aux sports automobiles classiques, en cherchant \u00e0 atteindre l&rsquo;\u00e9galit\u00e9 des chances tant en termes de pilotes et de copilotes, que ainsi que dans le reste des domaines des \u00e9preuves: m\u00e9caniciens, ing\u00e9nieurs, m\u00e9decins, commissaires techniques ou sportifs, direction de course, etc.<\/p>\n<p><a href=\"https:\/\/www.rallyclassics.club\/wp-content\/uploads\/motordona_rallyclassics_neus_santamaria.jpg\"><img loading=\"lazy\" decoding=\"async\" class=\"wp-image-34101 aligncenter\" src=\"https:\/\/www.rallyclassics.club\/wp-content\/uploads\/motordona_rallyclassics_neus_santamaria.jpg\" alt=\"\" width=\"550\" height=\"367\" srcset=\"https:\/\/rallyclassics.club\/wp-content\/uploads\/motordona_rallyclassics_neus_santamaria.jpg 900w, https:\/\/rallyclassics.club\/wp-content\/uploads\/motordona_rallyclassics_neus_santamaria-300x200.jpg 300w, https:\/\/rallyclassics.club\/wp-content\/uploads\/motordona_rallyclassics_neus_santamaria-768x512.jpg 768w\" sizes=\"auto, (max-width: 550px) 100vw, 550px\" \/><\/a><\/p>\n<p>Pour cela, diff\u00e9rentes actions ont \u00e9t\u00e9 activ\u00e9es :<\/p>\n<ul>\n<li><strong>Promotions :<\/strong> toutes les \u00e9preuves organis\u00e9es par Club RallyClassics b\u00e9n\u00e9ficient de r\u00e9mises sur l&rsquo;engagement pour les femmes participantes, cherchant ainsi \u00e0 promouvoir la participation. Des travaux sont \u00e9galement en cours pour conclure des ententes avec des \u00e9coles de m\u00e9canique et de commerce, entre autres, afin que les femmes qui d\u00e9sirent participer activement \u00e0 l&rsquo;\u00e9preuve fassent partie de l&rsquo;organisation.<\/li>\n<li><strong>Talent :<\/strong> cr\u00e9er des r\u00e9f\u00e9rences gr\u00e2ce \u00e0 la participation de femmes qui cherchent \u00e0 inspirer les nouvelles g\u00e9n\u00e9rations.<\/li>\n<li><strong>Visibilit\u00e9 :<\/strong> utilisation de toutes les ressources techniques et sociales pour donner de la visibilit\u00e9 au programme et encourager la participation active des femmes dans tous les domaines de l&rsquo;automobile.<\/li>\n<\/ul>\n<h3><a href=\"https:\/\/www.rallyclassics.club\/wp-content\/uploads\/motordona_rallyclassics_palamos.jpg\"><img loading=\"lazy\" decoding=\"async\" class=\"wp-image-34102 aligncenter\" src=\"https:\/\/www.rallyclassics.club\/wp-content\/uploads\/motordona_rallyclassics_palamos.jpg\" alt=\"\" width=\"550\" height=\"367\" srcset=\"https:\/\/rallyclassics.club\/wp-content\/uploads\/motordona_rallyclassics_palamos.jpg 900w, https:\/\/rallyclassics.club\/wp-content\/uploads\/motordona_rallyclassics_palamos-300x200.jpg 300w, https:\/\/rallyclassics.club\/wp-content\/uploads\/motordona_rallyclassics_palamos-768x512.jpg 768w\" sizes=\"auto, (max-width: 550px) 100vw, 550px\" \/><\/a><\/h3>\n<p>&nbsp;<\/p>\n<h3><strong>#MotorDona au 70 Rally Motul Costa Brava<\/strong><\/h3>\n<p>Le programme a d\u00e9but\u00e9 en mars 2022 avec la c\u00e9l\u00e9bration du <strong>70e Rally Motul Costa Brava<\/strong>, le plus ancien rallye d&rsquo;Espagne et l&rsquo;un des plus prestigieux d&rsquo;Europe, un \u00e9v\u00e9nement des championnats d&rsquo;Europe, d&rsquo;Espagne et de Catalogne des rallyes historiques.<\/p>\n<p>Dans cette \u00e9dition,<strong> 13 femmes pilotes et 46 femmes pilotes ont particip\u00e9 (25% du nombre total de copilotes)<\/strong>. Il s&rsquo;agit d&rsquo;un record dans la discipline, positionnant ce rallye comme une r\u00e9f\u00e9rence en mati\u00e8re de participation f\u00e9minine au niveau continental, et un excellent point de d\u00e9part pour le programme. Par ailleurs, diff\u00e9rentes femmes occupent des positions \u00e0 haute responsabilit\u00e9 dans la direction de course.<\/p>\n<p><a href=\"https:\/\/www.rallyclassics.club\/wp-content\/uploads\/motordona_rallyclassics_lucia_santiago.jpg\"><img loading=\"lazy\" decoding=\"async\" class=\"wp-image-34091 aligncenter\" src=\"https:\/\/www.rallyclassics.club\/wp-content\/uploads\/motordona_rallyclassics_lucia_santiago.jpg\" alt=\"\" width=\"550\" height=\"367\" srcset=\"https:\/\/rallyclassics.club\/wp-content\/uploads\/motordona_rallyclassics_lucia_santiago.jpg 900w, https:\/\/rallyclassics.club\/wp-content\/uploads\/motordona_rallyclassics_lucia_santiago-300x200.jpg 300w, https:\/\/rallyclassics.club\/wp-content\/uploads\/motordona_rallyclassics_lucia_santiago-768x512.jpg 768w\" sizes=\"auto, (max-width: 550px) 100vw, 550px\" \/><\/a><\/p>\n<h3><strong>Vous souhaitez participer a les prochaines \u00e9pr\u00e9uves, \u00e0 l&rsquo;int\u00e9rieur ou \u00e0 l&rsquo;ext\u00e9rieur du v\u00e9hicule ? Vous souhaitez en savoir plus sur le programme #MotorDona et comment il peut vous aider \u00e0 vous initier au monde de l&rsquo;automobile classique ?<\/strong><\/h3>\n<h3><strong>Nous t&rsquo;attendons!<\/strong><\/h3>\n<div role=\"form\" class=\"wpcf7\" id=\"wpcf7-f34742-o3\" lang=\"es-ES\" dir=\"ltr\">\n<div class=\"screen-reader-response\" role=\"alert\" aria-live=\"polite\"><\/div>\n<form action=\"\/fr\/wp-json\/wp\/v2\/pages\/34085#wpcf7-f34742-o3\" method=\"post\" class=\"wpcf7-form init\" novalidate=\"novalidate\">\n<div style=\"display: none;\">\n<input type=\"hidden\" name=\"_wpcf7\" value=\"34742\" \/>\n<input type=\"hidden\" name=\"_wpcf7_version\" value=\"5.2.2\" \/>\n<input type=\"hidden\" name=\"_wpcf7_locale\" value=\"es_ES\" \/>\n<input type=\"hidden\" name=\"_wpcf7_unit_tag\" value=\"wpcf7-f34742-o3\" \/>\n<input type=\"hidden\" name=\"_wpcf7_container_post\" value=\"0\" \/>\n<input type=\"hidden\" name=\"_wpcf7_posted_data_hash\" value=\"\" \/>\n<input type=\"hidden\" name=\"_wpcf7_recaptcha_response\" value=\"\" \/>\n<\/div>\n<h4>Datos Personales-Dades Personals:<\/h4>\n<p><label> Nombre-Nom:<br \/>\n    <span class=\"wpcf7-form-control-wrap name-voluntario\"><input type=\"text\" name=\"name-voluntario\" value=\"\" size=\"40\" class=\"wpcf7-form-control wpcf7-text wpcf7-validates-as-required\" aria-required=\"true\" aria-invalid=\"false\" \/><\/span> <\/label><\/p>\n<p><label> Apellidos-Cognoms:<br \/>\n    <span class=\"wpcf7-form-control-wrap surname-voluntario\"><input type=\"text\" name=\"surname-voluntario\" value=\"\" size=\"40\" class=\"wpcf7-form-control wpcf7-text wpcf7-validates-as-required\" aria-required=\"true\" aria-invalid=\"false\" \/><\/span> <\/label><\/p>\n<p><label> Correo Electr\u00f3nico-Correu Electr\u00f2nic:<br \/>\n    <span class=\"wpcf7-form-control-wrap mail-voluntario\"><input type=\"email\" name=\"mail-voluntario\" value=\"\" size=\"40\" class=\"wpcf7-form-control wpcf7-text wpcf7-email wpcf7-validates-as-required wpcf7-validates-as-email\" aria-required=\"true\" aria-invalid=\"false\" \/><\/span> <\/label><\/p>\n<p><label> Tel\u00e9fono-Tel\u00e8fon:<br \/>\n    <span class=\"wpcf7-form-control-wrap tel-voluntario\"><input type=\"tel\" name=\"tel-voluntario\" value=\"\" size=\"40\" class=\"wpcf7-form-control wpcf7-text wpcf7-tel wpcf7-validates-as-tel\" aria-invalid=\"false\" \/><\/span> <\/label><\/p>\n<p><label> \u00bfCu\u00e1l es tu \u00e1mbito?-Quin es el teu ambit?:<\/label><br \/>\n<span class=\"wpcf7-form-control-wrap radio-tareas\"><span class=\"wpcf7-form-control wpcf7-radio\"><span class=\"wpcf7-list-item first\"><label><input type=\"radio\" name=\"radio-tareas\" value=\"Pilots i copilots \/\/ Pilotos y copilotos\" checked=\"checked\" \/><span class=\"wpcf7-list-item-label\">Pilots i copilots \/\/ Pilotos y copilotos<\/span><\/label><\/span><span class=\"wpcf7-list-item\"><label><input type=\"radio\" name=\"radio-tareas\" value=\"Altres tasques d&#039;equip (mec\u00e0nica, enginyeria...) \/\/ Otras tareas de equipo (mec\u00e1nica, ingenier\u00eda...)\" \/><span class=\"wpcf7-list-item-label\">Altres tasques d&#039;equip (mec\u00e0nica, enginyeria...) \/\/ Otras tareas de equipo (mec\u00e1nica, ingenier\u00eda...)<\/span><\/label><\/span><span class=\"wpcf7-list-item\"><label><input type=\"radio\" name=\"radio-tareas\" value=\"Equip de voluntaris \/\/ Equipo de voluntarios\" \/><span class=\"wpcf7-list-item-label\">Equip de voluntaris \/\/ Equipo de voluntarios<\/span><\/label><\/span><span class=\"wpcf7-list-item\"><label><input type=\"radio\" name=\"radio-tareas\" value=\"Direcci\u00f3 de cursa \/\/ Direcci\u00f3n de carrera\" \/><span class=\"wpcf7-list-item-label\">Direcci\u00f3 de cursa \/\/ Direcci\u00f3n de carrera<\/span><\/label><\/span><span class=\"wpcf7-list-item last\"><label><input type=\"radio\" name=\"radio-tareas\" value=\"Otros \/\/ Altres\" \/><span class=\"wpcf7-list-item-label\">Otros \/\/ Altres<\/span><\/label><\/span><\/span><\/span><\/p>\n<p><label>Motivo de tu consulta \/\/ Motiu de la teva consulta (obligatori)<br \/>\n    <span class=\"wpcf7-form-control-wrap consulta\"><textarea name=\"consulta\" cols=\"40\" rows=\"10\" class=\"wpcf7-form-control wpcf7-textarea\" aria-invalid=\"false\"><\/textarea><\/span> <\/label><\/p>\n<p><label>De acuerdo con lo establecido en la Ley Org\u00e1nica 15\/1999 les informamos de que sus datos personales forman parte de un fichero cuyo responsable es CLUB RALLYCLASSICS.ORG, con domicilio en Pla\u00e7a Pa\u00efsos Catalans, 49, 08410-VILANOVA DEL VALL\u00c9S (Barcelona). La finalidad de este fichero es llevar a cabo la gesti\u00f3n y control de las consultantes. Si lo desean podr\u00e1n ejercitar los derechos de acceso, rectificaci\u00f3n, cancelaci\u00f3n y oposici\u00f3n, dirigi\u00e9ndose por escrito a la direcci\u00f3n se\u00f1alada y adjuntando una fotocopia de su DNI. La consultante consiente y autoriza a que sus datos puedan utilizarse para informarle de las actividades organizadas por CLUB RALLYCLASSICS, y para que puedan ser cedidos a las entidades colaboradoras de CLUB RALLYCLASSICS.<\/label><\/p>\n<p><input type=\"submit\" value=\"Enviar\" class=\"wpcf7-form-control wpcf7-submit\" \/><\/p>\n<p style=\"display: none !important;\"><label>&#916;<textarea name=\"_wpcf7_ak_hp_textarea\" cols=\"45\" rows=\"8\" maxlength=\"100\"><\/textarea><\/label><input type=\"hidden\" id=\"ak_js_3\" name=\"_wpcf7_ak_js\" value=\"129\"\/><script>document.getElementById( \"ak_js_3\" ).setAttribute( \"value\", ( new Date() ).getTime() );<\/script><\/p><div class=\"wpcf7-response-output\" role=\"alert\" aria-hidden=\"true\"><\/div><\/form><\/div>\n<p><a href=\"https:\/\/www.rallyclassics.club\/wp-content\/uploads\/motordona_rallyclassics_merce_marti.jpg\"><img loading=\"lazy\" decoding=\"async\" class=\"wp-image-34092 aligncenter\" src=\"https:\/\/www.rallyclassics.club\/wp-content\/uploads\/motordona_rallyclassics_merce_marti.jpg\" alt=\"\" width=\"550\" height=\"367\" srcset=\"https:\/\/rallyclassics.club\/wp-content\/uploads\/motordona_rallyclassics_merce_marti.jpg 900w, https:\/\/rallyclassics.club\/wp-content\/uploads\/motordona_rallyclassics_merce_marti-300x200.jpg 300w, https:\/\/rallyclassics.club\/wp-content\/uploads\/motordona_rallyclassics_merce_marti-768x512.jpg 768w\" sizes=\"auto, (max-width: 550px) 100vw, 550px\" \/><\/a><\/p>\n<p>&nbsp;<\/p>\n<h3><strong>Sponsors #MotorDona<\/strong><\/h3>\n<p><img loading=\"lazy\" decoding=\"async\" class=\"size-full wp-image-34086 aligncenter\" src=\"https:\/\/www.rallyclassics.club\/wp-content\/uploads\/sponsors_programa_motordona_rallyclassics.jpg\" alt=\"\" width=\"900\" height=\"345\" srcset=\"https:\/\/rallyclassics.club\/wp-content\/uploads\/sponsors_programa_motordona_rallyclassics.jpg 900w, https:\/\/rallyclassics.club\/wp-content\/uploads\/sponsors_programa_motordona_rallyclassics-300x115.jpg 300w, https:\/\/rallyclassics.club\/wp-content\/uploads\/sponsors_programa_motordona_rallyclassics-768x294.jpg 768w\" sizes=\"auto, (max-width: 900px) 100vw, 900px\" \/><\/p>\n<p><em>Le programme #MotorDona est possible gr\u00e2ce \u00e0 la collaboration de Secretaria General de l\u2019Esport i l\u2019Activitat F\u00edsica de la Generalitat de Catalunya, Ajuntament de Girona, Diputaci\u00f3 de Girona, Motul, Riki Cars, Centro Porsche Barcelona, Centro Porsche Girona, SEAT et Pura Vida.<\/em><\/p>","protected":false},"excerpt":{"rendered":"<p>https:\/\/youtu.be\/XtyQ6xGJ0p8 Un programme pionnier pour promouvoir la participation des femmes dans l&rsquo;automobile classique. &nbsp; Qu&rsquo;est-ce que #MotorDona ? #MotorDona est un programme cr\u00e9\u00e9 par Club RallyClassics, en collaboration avec des [&#8230;]<\/p>\n","protected":false},"author":9192204,"featured_media":0,"parent":0,"menu_order":0,"comment_status":"closed","ping_status":"closed","template":"","meta":{"om_disable_all_campaigns":false,"_monsterinsights_skip_tracking":false,"_monsterinsights_sitenote_active":false,"_monsterinsights_sitenote_note":"","_monsterinsights_sitenote_category":0,"footnotes":""},"class_list":["post-34085","page","type-page","status-publish","hentry"],"aioseo_notices":[],"_links":{"self":[{"href":"https:\/\/rallyclassics.club\/fr\/wp-json\/wp\/v2\/pages\/34085","targetHints":{"allow":["GET"]}}],"collection":[{"href":"https:\/\/rallyclassics.club\/fr\/wp-json\/wp\/v2\/pages"}],"about":[{"href":"https:\/\/rallyclassics.club\/fr\/wp-json\/wp\/v2\/types\/page"}],"author":[{"embeddable":true,"href":"https:\/\/rallyclassics.club\/fr\/wp-json\/wp\/v2\/users\/9192204"}],"replies":[{"embeddable":true,"href":"https:\/\/rallyclassics.club\/fr\/wp-json\/wp\/v2\/comments?post=34085"}],"version-history":[{"count":6,"href":"https:\/\/rallyclassics.club\/fr\/wp-json\/wp\/v2\/pages\/34085\/revisions"}],"predecessor-version":[{"id":34753,"href":"https:\/\/rallyclassics.club\/fr\/wp-json\/wp\/v2\/pages\/34085\/revisions\/34753"}],"wp:attachment":[{"href":"https:\/\/rallyclassics.club\/fr\/wp-json\/wp\/v2\/media?parent=34085"}],"curies":[{"name":"wp","href":"https:\/\/api.w.org\/{rel}","templated":true}]}}