{"id":37,"date":"2014-02-13T09:17:00","date_gmt":"2014-02-13T09:17:00","guid":{"rendered":"https:\/\/www.rallyclassics.club\/?page_id=37"},"modified":"2014-12-16T13:29:50","modified_gmt":"2014-12-16T11:29:50","slug":"rally-costa-brava","status":"publish","type":"page","link":"https:\/\/rallyclassics.club\/fr\/rally-costa-brava\/","title":{"rendered":"Rally Costa Brava"},"content":{"rendered":"<p><div class=\"title\"><h1>Rally Costa Brava<\/h1><div class=\"title-sep-container\"><div class=\"title-sep\"><\/div><\/div><\/div><img loading=\"lazy\" decoding=\"async\" class=\"alignnone size-full wp-image-308\" src=\"https:\/\/www.rallyclassics.club\/wp-content\/uploads\/2014\/02\/62rcb980x380.jpg\" alt=\"62rcb980x380\" width=\"980\" height=\"380\" srcset=\"https:\/\/rallyclassics.club\/wp-content\/uploads\/2014\/02\/62rcb980x380.jpg 980w, https:\/\/rallyclassics.club\/wp-content\/uploads\/2014\/02\/62rcb980x380-300x116.jpg 300w\" sizes=\"auto, (max-width: 980px) 100vw, 980px\" \/><div class=\"title\"><h2>Derni\u00e8res nouvelles sur le Rally Costa Brava<\/h2><div class=\"title-sep-container\"><div class=\"title-sep\"><\/div><\/div><\/div> <div class=\"avada-container\"><section class=\"columns columns-2\" style=\"width:100%\"><div class=\"holder\"><\/div><\/section><\/div> <div class=\"title\"><h2>Sponsors 63 Rally Costa Brava<\/h2><div class=\"title-sep-container\"><div class=\"title-sep\"><\/div><\/div><\/div>\n<div class=\"related-posts related-projects clientslider-container\"><div id=\"carousel\" class=\"clients-carousel es-carousel-wrapper\"><div class=\"es-carousel\"><ul>\n<li><a href=\"#\" target=\"_self\"><img decoding=\"async\" src=\"\/wp-content\/uploads\/2014\/02\/Untitled-3_01.png\" alt=\"\" \/><\/a><\/li>\n<li><a href=\"#\" target=\"_self\"><img decoding=\"async\" src=\"\/wp-content\/uploads\/2014\/02\/Untitled-3_02.png\" alt=\"\" \/><\/a><\/li>\n<li><a href=\"#\" target=\"_self\"><img decoding=\"async\" src=\"\/wp-content\/uploads\/2014\/02\/logos_02.png\" alt=\"\" \/><\/a><\/li>\n<li><a href=\"#\" target=\"_self\"><img decoding=\"async\" src=\"\/wp-content\/uploads\/2014\/02\/logos_01.png\" alt=\"\" \/><\/a><\/li>\n<li><a href=\"#\" target=\"_self\"><img decoding=\"async\" src=\"\/wp-content\/uploads\/2014\/02\/logos_03.png\" alt=\"\" \/><\/a><\/li>\n<\/ul><div class=\"es-nav\"><span class=\"es-nav-prev\">Previous<\/span><span class=\"es-nav-next\">Next<\/span><\/div><\/div><\/div><\/div>\n<div class=\"title\"><h2>Informations sur le Rally Costa Brava<\/h2><div class=\"title-sep-container\"><div class=\"title-sep\"><\/div><\/div><\/div> Le Rally Costa Brava FIA est le plus ancien d\u2019Espagne, et celui qui suscite le plus de passion, \u00e0 cause de son histoire et des grands moments v\u00e9cus par les \u00e9quipes nationales et \u00e9trang\u00e8res. Comptant pour le Championnat d\u2019Europe des rallyes historiques, le Rally Costa Brava FIA r\u00e9unit chaque ann\u00e9e une centaine d\u2019\u00e9quipes avec de magnifiques v\u00e9hicules des meilleures \u00e9poques du championnat europ\u00e9en.<\/p>","protected":false},"excerpt":{"rendered":"<p>Le Rally Costa Brava FIA est le plus ancien d\u2019Espagne, et celui qui suscite le plus de passion, \u00e0 cause de son histoire et des grands moments v\u00e9cus par les [&#8230;]<\/p>\n","protected":false},"author":2,"featured_media":0,"parent":0,"menu_order":0,"comment_status":"open","ping_status":"open","template":"","meta":{"om_disable_all_campaigns":false,"_monsterinsights_skip_tracking":false,"_monsterinsights_sitenote_active":false,"_monsterinsights_sitenote_note":"","_monsterinsights_sitenote_category":0,"footnotes":""},"class_list":["post-37","page","type-page","status-publish","hentry"],"aioseo_notices":[],"_links":{"self":[{"href":"https:\/\/rallyclassics.club\/fr\/wp-json\/wp\/v2\/pages\/37","targetHints":{"allow":["GET"]}}],"collection":[{"href":"https:\/\/rallyclassics.club\/fr\/wp-json\/wp\/v2\/pages"}],"about":[{"href":"https:\/\/rallyclassics.club\/fr\/wp-json\/wp\/v2\/types\/page"}],"author":[{"embeddable":true,"href":"https:\/\/rallyclassics.club\/fr\/wp-json\/wp\/v2\/users\/2"}],"replies":[{"embeddable":true,"href":"https:\/\/rallyclassics.club\/fr\/wp-json\/wp\/v2\/comments?post=37"}],"version-history":[{"count":4,"href":"https:\/\/rallyclassics.club\/fr\/wp-json\/wp\/v2\/pages\/37\/revisions"}],"predecessor-version":[{"id":2114,"href":"https:\/\/rallyclassics.club\/fr\/wp-json\/wp\/v2\/pages\/37\/revisions\/2114"}],"wp:attachment":[{"href":"https:\/\/rallyclassics.club\/fr\/wp-json\/wp\/v2\/media?parent=37"}],"curies":[{"name":"wp","href":"https:\/\/api.w.org\/{rel}","templated":true}]}}