{"id":5709,"date":"2014-02-13T09:17:00","date_gmt":"2014-02-13T09:17:00","guid":{"rendered":"https:\/\/www.rallyclassics.club\/criterium-llafranc-2\/"},"modified":"2015-05-19T16:04:57","modified_gmt":"2015-05-19T14:04:57","slug":"i-criterium-costa-brava-nocturn","status":"publish","type":"page","link":"https:\/\/rallyclassics.club\/fr\/i-criterium-costa-brava-nocturn\/","title":{"rendered":"I Criterium Costa Brava Nocturn"},"content":{"rendered":"<p><div class=\"title\"><h1>I Criterium Costa Brava Nocturn &#8211; 6-7 Junio 2015<\/h1><div class=\"title-sep-container\"><div class=\"title-sep\"><\/div><\/div><\/div><img loading=\"lazy\" decoding=\"async\" src=\"\/wp-content\/uploads\/2014\/02\/1_cbnocturn_980x300b.jpg\" alt=\"\" width=\"980\" height=\"300\" class=\"aligncenter size-full wp-image-5742\" \/>&nbsp;<div class=\"title\"><h2>\u00daltimas Noticias del I Criterium Costa Brava Nocturn<\/h2><div class=\"title-sep-container\"><div class=\"title-sep\"><\/div><\/div><\/div> <div class=\"avada-container\"><section class=\"columns columns-2\" style=\"width:100%\"><div class=\"holder\"><article class=\"col\"><div class=\"flexslider floated-post-slideshow\"><ul class=\"slides\"><li>\n\t\t\t\t\t<a href=\"https:\/\/rallyclassics.club\/fr\/el-abadal-buick-de-1917-en-els-angels-historic-2018\/\" rel=\"\"><img decoding=\"async\" src=\"https:\/\/rallyclassics.club\/wp-content\/uploads\/2018\/06\/Zanini-700x441.jpg\" alt=\"L\u2019Abadal Buick de Zanini, sur l\u2019Els Angels Hist\u00f2ric\" \/><\/a>\n\t\t\t\t<\/li><\/ul>\n\t\t<\/div><h4><a href=\"https:\/\/rallyclassics.club\/fr\/el-abadal-buick-de-1917-en-els-angels-historic-2018\/\">L\u2019Abadal Buick de Zanini, sur l\u2019Els Angels Hist\u00f2ric<\/a><\/h4><ul class=\"meta\"><li><em class=\"date\">6 juin, 2018<\/em><\/li><\/ul><p><div class=\"excerpt-container\"><p>Antonio Zanini participera avec son Abadal Buick de 1917 \u00e0 l\u2019Els \u00c0ngels Hist\u00f2ric 2018. [&#8230;]<\/p>\n<\/div><\/p><\/article><article class=\"col\"><div class=\"flexslider floated-post-slideshow\"><ul class=\"slides\"><li>\n\t\t\t\t\t<a href=\"https:\/\/rallyclassics.club\/fr\/un-morris-oxford-de-1960-al-criterium-nocturn\/\" rel=\"\"><img decoding=\"async\" src=\"https:\/\/rallyclassics.club\/wp-content\/uploads\/2017\/06\/1-1.jpg\" alt=\"Une Morris Oxford de 1960, au Criterium Nocturn\" \/><\/a>\n\t\t\t\t<\/li><\/ul>\n\t\t<\/div><h4><a href=\"https:\/\/rallyclassics.club\/fr\/un-morris-oxford-de-1960-al-criterium-nocturn\/\">Une Morris Oxford de 1960, au Criterium Nocturn<\/a><\/h4><ul class=\"meta\"><li><em class=\"date\">6 juillet, 2017<\/em><\/li><\/ul><p><div class=\"excerpt-container\"><p>La Morris Oxford de 1960 de Juan Carlos Puigcerver est aujourd&rsquo;hui la plus anciene [&#8230;]<\/p>\n<\/div><\/p><\/article><\/div><\/section><\/div> <div class=\"title\"><h2>Patrocinadores del I Criterium Costa Brava Nocturn<\/h2><div class=\"title-sep-container\"><div class=\"title-sep\"><\/div><\/div><\/div> <div class=\"related-posts related-projects clientslider-container\"><div id=\"carousel\" class=\"clients-carousel es-carousel-wrapper\"><div class=\"es-carousel\"><ul><li><a href=\"http:\/\/www.bmw.com\/\" target=\"_self\"><img decoding=\"async\" src=\"https:\/\/www.rallyclassics.club\/wp-content\/uploads\/2014\/02\/logos_03.png\" alt=\"\" \/><\/a><\/li><li><a href=\"http:\/\/www20.gencat.cat\/portal\/site\/sge\/\" target=\"_self\"><img decoding=\"async\" src=\"https:\/\/www.rallyclassics.club\/wp-content\/uploads\/2014\/02\/logos_02.png\" alt=\"\" \/><\/a><\/li>\n<li><a href=\"#\" target=\"_self\"><img decoding=\"async\" src=\"\/wp-content\/uploads\/2014\/02\/logo_santfeliu.jpg\" alt=\"\" \/><\/a><\/li>\n<\/ul><div class=\"es-nav\"><span class=\"es-nav-prev\">Previous<\/span><span class=\"es-nav-next\">Next<\/span><\/div><\/div><\/div><\/div> <div class=\"title\"><h2>Informaci\u00f3n del I Criterium Costa Brava Nocturn<\/h2><div class=\"title-sep-container\"><div class=\"title-sep\"><\/div><\/div><\/div>Llega la 1\u00aa prueba 100% nocturna: el Criterium Costa Brava Nocturn, con base en el Club N\u00e0utic Sant Feliu de Gu\u00edxols, tendr\u00e1 un recorrido de tres vueltas a un itinerario de 105 km. En el Tinglado se har\u00e1n las verificaciones y los reagrupamientos, con pinchos, \u201cchocolatada\u201d y un desayuno de parrilla, para los valientes que hayan estado toda la noche en danza. Salida a las 22h y llegada-desayuno a las 7h, \u201ccomo los de antes\u201d.<\/p>","protected":false},"excerpt":{"rendered":"<p>La Morris Oxford de 1960 de Juan Carlos Puigcerver est aujourd&rsquo;hui la plus anciene voitures participante. Suivi par la Renault 12 d&rsquo;origine 1972 de Jaume Llopis et Miquel Molist, et [&#8230;]<\/p>\n","protected":false},"author":2,"featured_media":0,"parent":0,"menu_order":0,"comment_status":"open","ping_status":"open","template":"","meta":{"om_disable_all_campaigns":false,"_monsterinsights_skip_tracking":false,"_monsterinsights_sitenote_active":false,"_monsterinsights_sitenote_note":"","_monsterinsights_sitenote_category":0,"footnotes":""},"class_list":["post-5709","page","type-page","status-publish","hentry"],"aioseo_notices":[],"_links":{"self":[{"href":"https:\/\/rallyclassics.club\/fr\/wp-json\/wp\/v2\/pages\/5709","targetHints":{"allow":["GET"]}}],"collection":[{"href":"https:\/\/rallyclassics.club\/fr\/wp-json\/wp\/v2\/pages"}],"about":[{"href":"https:\/\/rallyclassics.club\/fr\/wp-json\/wp\/v2\/types\/page"}],"author":[{"embeddable":true,"href":"https:\/\/rallyclassics.club\/fr\/wp-json\/wp\/v2\/users\/2"}],"replies":[{"embeddable":true,"href":"https:\/\/rallyclassics.club\/fr\/wp-json\/wp\/v2\/comments?post=5709"}],"version-history":[{"count":18,"href":"https:\/\/rallyclassics.club\/fr\/wp-json\/wp\/v2\/pages\/5709\/revisions"}],"predecessor-version":[{"id":5919,"href":"https:\/\/rallyclassics.club\/fr\/wp-json\/wp\/v2\/pages\/5709\/revisions\/5919"}],"wp:attachment":[{"href":"https:\/\/rallyclassics.club\/fr\/wp-json\/wp\/v2\/media?parent=5709"}],"curies":[{"name":"wp","href":"https:\/\/api.w.org\/{rel}","templated":true}]}}