{"id":5734,"date":"2014-02-13T09:17:00","date_gmt":"2014-02-13T09:17:00","guid":{"rendered":"https:\/\/www.rallyclassics.club\/volta-catalunya-2\/"},"modified":"2015-05-19T16:04:47","modified_gmt":"2015-05-19T14:04:47","slug":"xxxi-volta-catalunya","status":"publish","type":"page","link":"https:\/\/rallyclassics.club\/fr\/xxxi-volta-catalunya\/","title":{"rendered":"XXXI Volta Catalunya"},"content":{"rendered":"<p><div class=\"title\"><h1>XXXI Volta Catalunya &#8211; 22-23 Mayo<\/h1><div class=\"title-sep-container\"><div class=\"title-sep\"><\/div><\/div><\/div><img loading=\"lazy\" decoding=\"async\" src=\"\/wp-content\/uploads\/2015\/05\/xxxi_volta_980x300c.jpg\" alt=\"xxxi_volta_980x300\" width=\"980\" height=\"300\" class=\"aligncenter size-full wp-image-5746\" \/>&nbsp;<div class=\"title\"><h2>\u00daltimas Noticias de la XXXI Volta Catalunya<\/h2><div class=\"title-sep-container\"><div class=\"title-sep\"><\/div><\/div><\/div> <div class=\"avada-container\"><section class=\"columns columns-2\" style=\"width:100%\"><div class=\"holder\"><article class=\"col\"><div class=\"flexslider floated-post-slideshow\"><ul class=\"slides\"><li>\n\t\t\t\t\t<a href=\"https:\/\/rallyclassics.club\/fr\/revivimos-la-volta-catalunya-chopard-rally\/\" rel=\"\"><img decoding=\"async\" src=\"https:\/\/rallyclassics.club\/wp-content\/uploads\/chopard3-700x441.jpg\" alt=\"Revivre la Volta Catalunya-Chopard Rally\" \/><\/a>\n\t\t\t\t<\/li><\/ul>\n\t\t<\/div><h4><a href=\"https:\/\/rallyclassics.club\/fr\/revivimos-la-volta-catalunya-chopard-rally\/\">Revivre la Volta Catalunya-Chopard Rally<\/a><\/h4><ul class=\"meta\"><li><em class=\"date\">2 juillet, 2020<\/em><\/li><\/ul><p><div class=\"excerpt-container\"><p>Aujourd\u2019hui, nous avons envie de revivre la Volta Catalunya-Chopard Rally, une \u00e9preuve itin\u00e9rante que [&#8230;]<\/p>\n<\/div><\/p><\/article><article class=\"col\"><div class=\"flexslider floated-post-slideshow\"><ul class=\"slides\"><li>\n\t\t\t\t\t<a href=\"https:\/\/rallyclassics.club\/fr\/grandes-recuerdos-del-2o-chopard-rally\/\" rel=\"\"><img decoding=\"async\" src=\"https:\/\/rallyclassics.club\/wp-content\/uploads\/2019\/06\/Captura-de-pantalla-2019-06-13-a-les-10.12.10.png\" alt=\"De bons souvenirs du 2e Chopard Rally\" \/><\/a>\n\t\t\t\t<\/li><\/ul>\n\t\t<\/div><h4><a href=\"https:\/\/rallyclassics.club\/fr\/grandes-recuerdos-del-2o-chopard-rally\/\">De bons souvenirs du 2e Chopard Rally<\/a><\/h4><ul class=\"meta\"><li><em class=\"date\">13 juin, 2019<\/em><\/li><\/ul><p><div class=\"excerpt-container\"><p>De fantastiques bijoux classiques \u00e9taient r\u00e9unis vendredi 24 mai dernier \u00e0 l&rsquo;occasion du lancement [&#8230;]<\/p>\n<\/div><\/p><\/article><\/div><\/section><\/div><div class=\"title\"><h2>Informaci\u00f3n de la XXXI Volta Catalunya<\/h2><div class=\"title-sep-container\"><div class=\"title-sep\"><\/div><\/div><\/div> La VOLTA CATALUNYA celebrar\u00e1 su 31\u00aa edici\u00f3n, en la bella poblaci\u00f3n de Ll\u00edvia. La peque\u00f1a poblaci\u00f3n se vuelca en este evento, y los participantes podr\u00e1n disfrutar una edici\u00f3n m\u00e1s, de una Volta muy tir\u00edstica y gastron\u00f3mica. Limitado a 25 participantes, la base del rally, ser\u00e1 en el Hotel Bernat de So. Informaci\u00f3n y reservas <em><strong><a title=\"Hotel Bernat de So - Ll\u00edvia\" href=\"http:\/\/www.hotelbernatdeso.com\/es\/hotel.php\" target=\"_blank\">aqu\u00ed. <\/a><\/strong><\/em><\/p>","protected":false},"excerpt":{"rendered":"<p>De fantastiques bijoux classiques \u00e9taient r\u00e9unis vendredi 24 mai dernier \u00e0 l&rsquo;occasion du lancement du deuxi\u00e8me Chopard Rally, pour un week-end d&rsquo;excellence, avec des concours d&rsquo;\u00e9l\u00e9gance, de r\u00e9gularit\u00e9, d&rsquo;habilet\u00e9 et [&#8230;]<\/p>\n","protected":false},"author":2,"featured_media":0,"parent":0,"menu_order":0,"comment_status":"open","ping_status":"open","template":"","meta":{"om_disable_all_campaigns":false,"_monsterinsights_skip_tracking":false,"_monsterinsights_sitenote_active":false,"_monsterinsights_sitenote_note":"","_monsterinsights_sitenote_category":0,"footnotes":""},"class_list":["post-5734","page","type-page","status-publish","hentry"],"aioseo_notices":[],"_links":{"self":[{"href":"https:\/\/rallyclassics.club\/fr\/wp-json\/wp\/v2\/pages\/5734","targetHints":{"allow":["GET"]}}],"collection":[{"href":"https:\/\/rallyclassics.club\/fr\/wp-json\/wp\/v2\/pages"}],"about":[{"href":"https:\/\/rallyclassics.club\/fr\/wp-json\/wp\/v2\/types\/page"}],"author":[{"embeddable":true,"href":"https:\/\/rallyclassics.club\/fr\/wp-json\/wp\/v2\/users\/2"}],"replies":[{"embeddable":true,"href":"https:\/\/rallyclassics.club\/fr\/wp-json\/wp\/v2\/comments?post=5734"}],"version-history":[{"count":7,"href":"https:\/\/rallyclassics.club\/fr\/wp-json\/wp\/v2\/pages\/5734\/revisions"}],"predecessor-version":[{"id":6051,"href":"https:\/\/rallyclassics.club\/fr\/wp-json\/wp\/v2\/pages\/5734\/revisions\/6051"}],"wp:attachment":[{"href":"https:\/\/rallyclassics.club\/fr\/wp-json\/wp\/v2\/media?parent=5734"}],"curies":[{"name":"wp","href":"https:\/\/api.w.org\/{rel}","templated":true}]}}