{"id":7381,"date":"2016-01-26T19:20:21","date_gmt":"2016-01-26T17:20:21","guid":{"rendered":"https:\/\/www.rallyclassics.club\/classic-series-2\/"},"modified":"2016-01-26T19:20:21","modified_gmt":"2016-01-26T17:20:21","slug":"classic-series-2","status":"publish","type":"page","link":"https:\/\/rallyclassics.club\/fr\/classic-series-2\/","title":{"rendered":"Classic Series Copy"},"content":{"rendered":"<p><div class=\"title\"><h1> BMW Classic Series<\/h1><div class=\"title-sep-container\"><div class=\"title-sep\"><\/div><\/div><\/div><a href=\"https:\/\/www.rallyclassics.club\/wp-content\/uploads\/2014\/02\/ClassicSeries2014.jpg\"><img loading=\"lazy\" decoding=\"async\" class=\"alignnone size-full wp-image-301\" src=\"https:\/\/www.rallyclassics.club\/wp-content\/uploads\/2014\/02\/ClassicSeries2014.jpg\" alt=\"ClassicSeries2014\" width=\"1687\" height=\"1181\" srcset=\"https:\/\/rallyclassics.club\/wp-content\/uploads\/2014\/02\/ClassicSeries2014.jpg 1687w, https:\/\/rallyclassics.club\/wp-content\/uploads\/2014\/02\/ClassicSeries2014-300x210.jpg 300w, https:\/\/rallyclassics.club\/wp-content\/uploads\/2014\/02\/ClassicSeries2014-1024x716.jpg 1024w\" sizes=\"auto, (max-width: 1687px) 100vw, 1687px\" \/><\/a><div class=\"title\"><h2>Derni\u00e8res news sur les BMW Classic Series<\/h2><div class=\"title-sep-container\"><div class=\"title-sep\"><\/div><\/div><\/div> <div class=\"avada-container\"><section class=\"columns columns-2\" style=\"width:100%\"><div class=\"holder\"><article class=\"col\"><div class=\"flexslider floated-post-slideshow\"><ul class=\"slides\"><li>\n\t\t\t\t\t<a href=\"https:\/\/rallyclassics.club\/fr\/calendario-classic-series-2026-y-motoclassic-series-2026\/\" rel=\"\"><img decoding=\"async\" src=\"https:\/\/rallyclassics.club\/wp-content\/uploads\/2026\/02\/CS2026_v3_-700x441.jpg\" alt=\"Calendrier des Classic Series 2026 et MotoClassic Series 2026\" \/><\/a>\n\t\t\t\t<\/li><\/ul>\n\t\t<\/div><h4><a href=\"https:\/\/rallyclassics.club\/fr\/calendario-classic-series-2026-y-motoclassic-series-2026\/\">Calendrier des Classic Series 2026 et MotoClassic Series 2026<\/a><\/h4><ul class=\"meta\"><li><em class=\"date\">16 f\u00e9vrier, 2026<\/em><\/li><\/ul><p><div class=\"excerpt-container\"><p>D\u00e9couvrez la 20e saison des Classic Series !<\/p>\n<p>2026 est une ann\u00e9e anniversaire avec 5 [&#8230;]<\/p>\n<\/div><\/p><\/article><article class=\"col\"><div class=\"flexslider floated-post-slideshow\"><ul class=\"slides\"><li>\n\t\t\t\t\t<a href=\"https:\/\/rallyclassics.club\/fr\/presentamos-calendario-2026-rallyclassics\/\" rel=\"\"><img decoding=\"async\" src=\"https:\/\/rallyclassics.club\/wp-content\/uploads\/2025\/12\/RallyClassics_Calendario_2026_ESP_-700x441.jpg\" alt=\"Nous presentons le calendrier 2026 de RallyClassics !\" \/><\/a>\n\t\t\t\t<\/li><\/ul>\n\t\t<\/div><h4><a href=\"https:\/\/rallyclassics.club\/fr\/presentamos-calendario-2026-rallyclassics\/\">Nous presentons le calendrier 2026 de RallyClassics !<\/a><\/h4><ul class=\"meta\"><li><em class=\"date\">27 d\u00e9cembre, 2025<\/em><\/li><\/ul><p><div class=\"excerpt-container\"><p>Chez RallyClassics, nous avons d\u00e9j\u00e0 entam\u00e9 les pr\u00e9paratifs de la saison 2026 avec le [&#8230;]<\/p>\n<\/div><\/p><\/article><\/div><\/section><\/div> <div class=\"title\"><h2>Partenaires BMW Classic Series<\/h2><div class=\"title-sep-container\"><div class=\"title-sep\"><\/div><\/div><\/div> <div class=\"related-posts related-projects clientslider-container\"><div id=\"carousel\" class=\"clients-carousel es-carousel-wrapper\"><div class=\"es-carousel\"><ul><li><a href=\"www.bmw.es\" target=\"_self\"><img decoding=\"async\" src=\"https:\/\/www.rallyclassics.club\/wp-content\/uploads\/2014\/02\/logos_03.png\" alt=\"\" \/><\/a><\/li><li><a href=\"http:\/\/www.makarthy.com\/\" target=\"_self\"><img decoding=\"async\" src=\"https:\/\/www.rallyclassics.club\/wp-content\/uploads\/2014\/02\/logo_makarthy.jpg\" alt=\"\" \/><\/a><\/li><li><a href=\"http:\/\/www.aunmasbarato.com\/\" target=\"_self\"><img decoding=\"async\" src=\"https:\/\/www.rallyclassics.club\/wp-content\/uploads\/2014\/02\/logo_aunmasbarato.jpg\" alt=\"\" \/><\/a><\/li><li><a href=\"http:\/\/www.penriteoil.com.au\/\" target=\"_self\"><img decoding=\"async\" src=\"https:\/\/www.rallyclassics.club\/wp-content\/uploads\/2014\/02\/logo_penrite.jpg\" alt=\"\" \/><\/a><\/li><li><a href=\"#3\" target=\"_self\"><img decoding=\"async\" src=\"https:\/\/www.rallyclassics.club\/wp-content\/uploads\/2014\/02\/logo_evans.jpg\" alt=\"\" \/><\/a><\/li><\/ul><div class=\"es-nav\"><span class=\"es-nav-prev\">Previous<\/span><span class=\"es-nav-next\">Next<\/span><\/div><\/div><\/div><\/div><img loading=\"lazy\" decoding=\"async\" src=\"https:\/\/www.rallyclassics.club\/wp-content\/uploads\/2014\/02\/Logos_770x100-1024x133.jpg\" alt=\"Logos_770x100\" width=\"669\" height=\"86\" class=\"alignnone size-large wp-image-395\" srcset=\"https:\/\/rallyclassics.club\/wp-content\/uploads\/2014\/02\/Logos_770x100-1024x133.jpg 1024w, https:\/\/rallyclassics.club\/wp-content\/uploads\/2014\/02\/Logos_770x100-300x38.jpg 300w\" sizes=\"auto, (max-width: 669px) 100vw, 669px\" \/>&nbsp;&nbsp;<div class=\"title\"><h2>Infos sur les Classic Series<\/h2><div class=\"title-sep-container\"><div class=\"title-sep\"><\/div><\/div><\/div> BMW CLASSIC SERIES 2014 est une comp\u00e9tition comprenant 5 \u00e9preuves de R\u00e9gularit\u00e9 sur Circuit qui se d\u00e9roulent sur 4 trac\u00e9s en Catalogne, \u00e0 laquelle participent des motos classiques et des voitures classiques. Organis\u00e9e par RallyClassics depuis 2004, Classic Series s&rsquo;inspire des 100 Tours et compte une forte participation depuis que les motos et les voitures concourent sur la m\u00eame journ\u00e9e, dans une ambiance magique et r\u00e9tro tr\u00e8s appr\u00e9ci\u00e9e des participants et du public.<br \/>\n<\/p>","protected":false},"excerpt":{"rendered":"<p>Chez RallyClassics, nous avons d\u00e9j\u00e0 entam\u00e9 les pr\u00e9paratifs de la saison 2026 avec le m\u00eame enthousiasme qu&rsquo;\u00e0 l&rsquo;accoutum\u00e9e et avec l&rsquo;objectif de continuer \u00e0 vous offrir des exp\u00e9riences uniques \u00e0 [&#8230;]<\/p>\n","protected":false},"author":2,"featured_media":0,"parent":0,"menu_order":0,"comment_status":"open","ping_status":"open","template":"","meta":{"om_disable_all_campaigns":false,"_monsterinsights_skip_tracking":false,"_monsterinsights_sitenote_active":false,"_monsterinsights_sitenote_note":"","_monsterinsights_sitenote_category":0,"footnotes":""},"class_list":["post-7381","page","type-page","status-publish","hentry"],"aioseo_notices":[],"_links":{"self":[{"href":"https:\/\/rallyclassics.club\/fr\/wp-json\/wp\/v2\/pages\/7381","targetHints":{"allow":["GET"]}}],"collection":[{"href":"https:\/\/rallyclassics.club\/fr\/wp-json\/wp\/v2\/pages"}],"about":[{"href":"https:\/\/rallyclassics.club\/fr\/wp-json\/wp\/v2\/types\/page"}],"author":[{"embeddable":true,"href":"https:\/\/rallyclassics.club\/fr\/wp-json\/wp\/v2\/users\/2"}],"replies":[{"embeddable":true,"href":"https:\/\/rallyclassics.club\/fr\/wp-json\/wp\/v2\/comments?post=7381"}],"version-history":[{"count":0,"href":"https:\/\/rallyclassics.club\/fr\/wp-json\/wp\/v2\/pages\/7381\/revisions"}],"wp:attachment":[{"href":"https:\/\/rallyclassics.club\/fr\/wp-json\/wp\/v2\/media?parent=7381"}],"curies":[{"name":"wp","href":"https:\/\/api.w.org\/{rel}","templated":true}]}}