{"id":7973,"date":"2016-03-30T10:05:14","date_gmt":"2016-03-30T08:05:14","guid":{"rendered":"https:\/\/www.rallyclassics.club\/xxxi-volta-catalunya-copy\/"},"modified":"2016-05-19T11:04:11","modified_gmt":"2016-05-19T09:04:11","slug":"xxxii-volta-catalunya","status":"publish","type":"page","link":"https:\/\/rallyclassics.club\/fr\/xxxii-volta-catalunya\/","title":{"rendered":"XXXII Volta Catalunya"},"content":{"rendered":"<div class=\"title\"><h1>XXXII Volta Catalunya<\/h1><div class=\"title-sep-container\"><div class=\"title-sep\"><\/div><\/div><\/div><img loading=\"lazy\" decoding=\"async\" src=\"\/wp-content\/uploads\/2016\/04\/xxii_volta_980x300c.jpg\" alt=\"xxxii_volta_980x300\" width=\"980\" height=\"300\" class=\"aligncenter size-full wp-image-5746\" \/>&nbsp;<div class=\"title\"><h2>\u00daltimas Noticias de la XXXII Volta Catalunya<\/h2><div class=\"title-sep-container\"><div class=\"title-sep\"><\/div><\/div><\/div> <div class=\"avada-container\"><section class=\"columns columns-2\" style=\"width:100%\"><div class=\"holder\"><article class=\"col\"><div class=\"flexslider floated-post-slideshow\"><ul class=\"slides\"><li>\n\t\t\t\t\t<a href=\"https:\/\/rallyclassics.club\/fr\/revivimos-la-volta-catalunya-chopard-rally\/\" rel=\"\"><img decoding=\"async\" src=\"https:\/\/rallyclassics.club\/wp-content\/uploads\/chopard3-700x441.jpg\" alt=\"Revivre la Volta Catalunya-Chopard Rally\" \/><\/a>\n\t\t\t\t<\/li><\/ul>\n\t\t<\/div><h4><a href=\"https:\/\/rallyclassics.club\/fr\/revivimos-la-volta-catalunya-chopard-rally\/\">Revivre la Volta Catalunya-Chopard Rally<\/a><\/h4><ul class=\"meta\"><li><em class=\"date\">2 juillet, 2020<\/em><\/li><\/ul><p><div class=\"excerpt-container\"><p>Aujourd\u2019hui, nous avons envie de revivre la Volta Catalunya-Chopard Rally, une \u00e9preuve itin\u00e9rante que [&#8230;]<\/p>\n<\/div><\/p><\/article><article class=\"col\"><div class=\"flexslider floated-post-slideshow\"><ul class=\"slides\"><li>\n\t\t\t\t\t<a href=\"https:\/\/rallyclassics.club\/fr\/grandes-recuerdos-del-2o-chopard-rally\/\" rel=\"\"><img decoding=\"async\" src=\"https:\/\/rallyclassics.club\/wp-content\/uploads\/2019\/06\/Captura-de-pantalla-2019-06-13-a-les-10.12.10.png\" alt=\"De bons souvenirs du 2e Chopard Rally\" \/><\/a>\n\t\t\t\t<\/li><\/ul>\n\t\t<\/div><h4><a href=\"https:\/\/rallyclassics.club\/fr\/grandes-recuerdos-del-2o-chopard-rally\/\">De bons souvenirs du 2e Chopard Rally<\/a><\/h4><ul class=\"meta\"><li><em class=\"date\">13 juin, 2019<\/em><\/li><\/ul><p><div class=\"excerpt-container\"><p>De fantastiques bijoux classiques \u00e9taient r\u00e9unis vendredi 24 mai dernier \u00e0 l&rsquo;occasion du lancement [&#8230;]<\/p>\n<\/div><\/p><\/article><\/div><\/section><\/div><div class=\"title\"><h2>Informaci\u00f3n de la XXXII Volta Catalunya<\/h2><div class=\"title-sep-container\"><div class=\"title-sep\"><\/div><\/div><\/div> La VOLTA CATALUNYA es una prueba itinerante, nacida en 1916, que en 2016 celebrar\u00e1 su trig\u00e9simo-primera edici\u00f3n, co-organizada por RallyClassics en colaboraci\u00f3n con los mejores clubs. El evento estar\u00e1 limitado a 40 veh\u00edculos, preferiblemente de los a\u00f1os 50-60-70, en el que priorizar\u00e1 el turismo y la gastronom\u00eda, con alg\u00fan tramo de regularidad.<\/p>\n","protected":false},"excerpt":{"rendered":"<p>De fantastiques bijoux classiques \u00e9taient r\u00e9unis vendredi 24 mai dernier \u00e0 l&rsquo;occasion du lancement du deuxi\u00e8me Chopard Rally, pour un week-end d&rsquo;excellence, avec des concours d&rsquo;\u00e9l\u00e9gance, de r\u00e9gularit\u00e9, d&rsquo;habilet\u00e9 et [&#8230;]<\/p>\n","protected":false},"author":2,"featured_media":0,"parent":0,"menu_order":0,"comment_status":"open","ping_status":"open","template":"","meta":{"om_disable_all_campaigns":false,"_monsterinsights_skip_tracking":false,"_monsterinsights_sitenote_active":false,"_monsterinsights_sitenote_note":"","_monsterinsights_sitenote_category":0,"footnotes":""},"class_list":["post-7973","page","type-page","status-publish","hentry"],"aioseo_notices":[],"_links":{"self":[{"href":"https:\/\/rallyclassics.club\/fr\/wp-json\/wp\/v2\/pages\/7973","targetHints":{"allow":["GET"]}}],"collection":[{"href":"https:\/\/rallyclassics.club\/fr\/wp-json\/wp\/v2\/pages"}],"about":[{"href":"https:\/\/rallyclassics.club\/fr\/wp-json\/wp\/v2\/types\/page"}],"author":[{"embeddable":true,"href":"https:\/\/rallyclassics.club\/fr\/wp-json\/wp\/v2\/users\/2"}],"replies":[{"embeddable":true,"href":"https:\/\/rallyclassics.club\/fr\/wp-json\/wp\/v2\/comments?post=7973"}],"version-history":[{"count":3,"href":"https:\/\/rallyclassics.club\/fr\/wp-json\/wp\/v2\/pages\/7973\/revisions"}],"predecessor-version":[{"id":8650,"href":"https:\/\/rallyclassics.club\/fr\/wp-json\/wp\/v2\/pages\/7973\/revisions\/8650"}],"wp:attachment":[{"href":"https:\/\/rallyclassics.club\/fr\/wp-json\/wp\/v2\/media?parent=7973"}],"curies":[{"name":"wp","href":"https:\/\/api.w.org\/{rel}","templated":true}]}}