{"id":893,"date":"2014-06-16T17:57:18","date_gmt":"2014-06-16T15:57:18","guid":{"rendered":"https:\/\/www.rallyclassics.club\/?page_id=893"},"modified":"2014-06-16T18:00:51","modified_gmt":"2014-06-16T16:00:51","slug":"fotos-volta-catalunya","status":"publish","type":"page","link":"https:\/\/rallyclassics.club\/fr\/volta-catalunya\/fotos-volta-catalunya\/","title":{"rendered":"Fotos Volta Catalunya"},"content":{"rendered":"<p class=\"qtranxs-available-languages-message qtranxs-available-languages-message-fr\">D\u00e9sol\u00e9, cet article est seulement disponible en <a href=\"https:\/\/rallyclassics.club\/es\/wp-json\/wp\/v2\/pages\/893\" class=\"qtranxs-available-language-link qtranxs-available-language-link-es\" title=\"Espa\u00f1ol\">Espa\u00f1ol<\/a>.<\/p>","protected":false},"excerpt":{"rendered":"<p>D\u00e9sol\u00e9, cet article est seulement disponible en Espa\u00f1ol.<\/p>\n","protected":false},"author":2,"featured_media":0,"parent":183,"menu_order":0,"comment_status":"closed","ping_status":"open","template":"","meta":{"om_disable_all_campaigns":false,"_monsterinsights_skip_tracking":false,"_monsterinsights_sitenote_active":false,"_monsterinsights_sitenote_note":"","_monsterinsights_sitenote_category":0,"footnotes":""},"class_list":["post-893","page","type-page","status-publish","hentry"],"aioseo_notices":[],"_links":{"self":[{"href":"https:\/\/rallyclassics.club\/fr\/wp-json\/wp\/v2\/pages\/893","targetHints":{"allow":["GET"]}}],"collection":[{"href":"https:\/\/rallyclassics.club\/fr\/wp-json\/wp\/v2\/pages"}],"about":[{"href":"https:\/\/rallyclassics.club\/fr\/wp-json\/wp\/v2\/types\/page"}],"author":[{"embeddable":true,"href":"https:\/\/rallyclassics.club\/fr\/wp-json\/wp\/v2\/users\/2"}],"replies":[{"embeddable":true,"href":"https:\/\/rallyclassics.club\/fr\/wp-json\/wp\/v2\/comments?post=893"}],"version-history":[{"count":1,"href":"https:\/\/rallyclassics.club\/fr\/wp-json\/wp\/v2\/pages\/893\/revisions"}],"predecessor-version":[{"id":894,"href":"https:\/\/rallyclassics.club\/fr\/wp-json\/wp\/v2\/pages\/893\/revisions\/894"}],"up":[{"embeddable":true,"href":"https:\/\/rallyclassics.club\/fr\/wp-json\/wp\/v2\/pages\/183"}],"wp:attachment":[{"href":"https:\/\/rallyclassics.club\/fr\/wp-json\/wp\/v2\/media?parent=893"}],"curies":[{"name":"wp","href":"https:\/\/api.w.org\/{rel}","templated":true}]}}