{"id":920,"date":"2014-02-13T09:17:00","date_gmt":"2014-02-13T09:17:00","guid":{"rendered":"https:\/\/www.rallyclassics.club\/rally-costa-brava-nautico\/rally-costa-brava-nautico-tamariu-2\/"},"modified":"2014-06-18T15:11:59","modified_gmt":"2014-06-18T13:11:59","slug":"tour-nautico-costa-brava-palamos","status":"publish","type":"page","link":"https:\/\/rallyclassics.club\/fr\/tour-nautico-costa-brava\/tour-nautico-costa-brava-palamos\/","title":{"rendered":"Tour N\u00e1utico Costa Brava &#8211; Palam\u00f3s"},"content":{"rendered":"<p><img loading=\"lazy\" decoding=\"async\" src=\"https:\/\/www.rallyclassics.club\/wp-content\/uploads\/2014\/02\/nautic2014_980x380.jpg\" alt=\"nautic2014_980x380\" width=\"980\" height=\"380\" class=\"aligncenter size-full wp-image-723\" \/><img loading=\"lazy\" decoding=\"async\" src=\"https:\/\/www.rallyclassics.club\/wp-content\/uploads\/2014\/02\/nautic2014_980x380.jpg\" alt=\"nautic2014_980x380\" width=\"980\" height=\"380\" class=\"aligncenter size-full wp-image-723\" \/><\/p>","protected":false},"excerpt":{"rendered":"<p>Chez RallyClassics, nous avons d\u00e9j\u00e0 entam\u00e9 les pr\u00e9paratifs de la saison 2026 avec le m\u00eame enthousiasme qu&rsquo;\u00e0 l&rsquo;accoutum\u00e9e et avec l&rsquo;objectif de continuer \u00e0 vous offrir des exp\u00e9riences uniques \u00e0 [&#8230;]<\/p>\n","protected":false},"author":2,"featured_media":0,"parent":720,"menu_order":0,"comment_status":"open","ping_status":"open","template":"","meta":{"om_disable_all_campaigns":false,"_monsterinsights_skip_tracking":false,"_monsterinsights_sitenote_active":false,"_monsterinsights_sitenote_note":"","_monsterinsights_sitenote_category":0,"footnotes":""},"class_list":["post-920","page","type-page","status-publish","hentry"],"aioseo_notices":[],"_links":{"self":[{"href":"https:\/\/rallyclassics.club\/fr\/wp-json\/wp\/v2\/pages\/920","targetHints":{"allow":["GET"]}}],"collection":[{"href":"https:\/\/rallyclassics.club\/fr\/wp-json\/wp\/v2\/pages"}],"about":[{"href":"https:\/\/rallyclassics.club\/fr\/wp-json\/wp\/v2\/types\/page"}],"author":[{"embeddable":true,"href":"https:\/\/rallyclassics.club\/fr\/wp-json\/wp\/v2\/users\/2"}],"replies":[{"embeddable":true,"href":"https:\/\/rallyclassics.club\/fr\/wp-json\/wp\/v2\/comments?post=920"}],"version-history":[{"count":3,"href":"https:\/\/rallyclassics.club\/fr\/wp-json\/wp\/v2\/pages\/920\/revisions"}],"predecessor-version":[{"id":951,"href":"https:\/\/rallyclassics.club\/fr\/wp-json\/wp\/v2\/pages\/920\/revisions\/951"}],"up":[{"embeddable":true,"href":"https:\/\/rallyclassics.club\/fr\/wp-json\/wp\/v2\/pages\/720"}],"wp:attachment":[{"href":"https:\/\/rallyclassics.club\/fr\/wp-json\/wp\/v2\/media?parent=920"}],"curies":[{"name":"wp","href":"https:\/\/api.w.org\/{rel}","templated":true}]}}