{"id":9253,"date":"2016-06-22T09:33:41","date_gmt":"2016-06-22T07:33:41","guid":{"rendered":"https:\/\/www.rallyclassics.club\/?page_id=9253"},"modified":"2021-12-20T14:47:13","modified_gmt":"2021-12-20T13:47:13","slug":"historia","status":"publish","type":"page","link":"https:\/\/rallyclassics.club\/fr\/historia\/","title":{"rendered":"Histoire"},"content":{"rendered":"<p><strong><\/p>\n<h2 style=\"text-align: center;\">RallyClassics : 20 ans \u00e0 organiser avec passion des \u00e9v\u00e9nements de voitures classiques.<\/h2>\n<p><\/strong><\/p>\n<p><img loading=\"lazy\" decoding=\"async\" class=\"aligncenter wp-image-28157\" src=\"https:\/\/www.rallyclassics.club\/wp-content\/uploads\/quienes_somos_rallyclassics_2022.jpg\" alt=\"equipo_rallyclassics_\" width=\"750\" height=\"435\" \/><\/p>\n<h1 style=\"text-align: center;\">Histoire<\/h1>\n<p>En 2002, l&rsquo;ann\u00e9e m\u00eame o\u00f9 il est Champion du Monde Junior des Rallyes, Alex Romani fonde le <strong>Club RallyClassics<\/strong> dans le but de <strong>transmettre les \u00e9motions de la competition au monde des voitures amateurs et classiques<\/strong>. 20 ans plus tard, chez RallyClassics, nous sommes fiers d&rsquo;\u00eatre <strong>l&rsquo;un des leaders mondiaux des \u00e9v\u00e9nements de course automobile classique<\/strong>.<\/p>\n<p>Le <span style=\"text-decoration: underline;\"><a href=\"https:\/\/www.rallyclassics.club\/fr\/69-rally-costa-brava\/\" target=\"_blank\" rel=\"noopener noreferrer\"><strong>Rally Costa Brava<\/strong><\/a><\/span> (le plus ancien rallye d&rsquo;Espagne et marquant pour les Championnats d&rsquo;Europe, d&rsquo;Espagne et de Catalogne des Rallyes Historiques) est le grand exemple de notre fa\u00e7on de comprendre le moteur, mais nous en avons bien d&rsquo;autres : <strong>Porsche Classic Series, Rally Costa Brava Hist\u00f2ric, Navarra Classic Festival ou Rallye d&rsquo;Hivern<\/strong>, entre autres.<\/p>\n<p>Des marques telles que Porsche, TAG Heuer, Moritz, BMW, La Caixa, SEAT ou Coca-Cola et des institutions telles que la <span style=\"font-weight: 400;\">Generalitat de Catalunya, Ajuntament de Barcelona, Ajuntament de Girona, Ajuntament de Palam\u00f3s ou Diputaci\u00f3 de Girona<\/span> ont confi\u00e9 \u00e0 lui tout au long de ces ann\u00e9es dans notre \u00e9quipe humaine et dans nos \u00e9v\u00e9nements.<\/p>\n<h1 style=\"text-align: center;\">Philosophie<\/h1>\n<p>Notre fa\u00e7on de faire les choses est fond\u00e9e sur la volont\u00e9 de r\u00e9pondre aux attentes de nos participants, partenaires et spectateurs, avec lesquels nous partageons la passion de tout ce qui a marqu\u00e9 une certaine \u00e9poque du sport automobile. Nous travaillons pour offrir des exp\u00e9riences uniques.<\/p>\n<p>&nbsp;<\/p>\n<p style=\"text-align: center;\"><a class=\"button-3 button large default\" title=\"\" href=\"\/fr\/equipo\/\" target=\"\">Rencontrez notre \u00e9quipe<\/a>\n<p><\/p>","protected":false},"excerpt":{"rendered":"<p>RallyClassics : 20 ans \u00e0 organiser avec passion des \u00e9v\u00e9nements de voitures classiques. Histoire En 2002, l&rsquo;ann\u00e9e m\u00eame o\u00f9 il est Champion du Monde Junior des Rallyes, Alex Romani fonde [&#8230;]<\/p>\n","protected":false},"author":2,"featured_media":0,"parent":0,"menu_order":0,"comment_status":"closed","ping_status":"closed","template":"full-width.php","meta":{"om_disable_all_campaigns":false,"_monsterinsights_skip_tracking":false,"_monsterinsights_sitenote_active":false,"_monsterinsights_sitenote_note":"","_monsterinsights_sitenote_category":0,"footnotes":""},"class_list":["post-9253","page","type-page","status-publish","hentry"],"aioseo_notices":[],"_links":{"self":[{"href":"https:\/\/rallyclassics.club\/fr\/wp-json\/wp\/v2\/pages\/9253","targetHints":{"allow":["GET"]}}],"collection":[{"href":"https:\/\/rallyclassics.club\/fr\/wp-json\/wp\/v2\/pages"}],"about":[{"href":"https:\/\/rallyclassics.club\/fr\/wp-json\/wp\/v2\/types\/page"}],"author":[{"embeddable":true,"href":"https:\/\/rallyclassics.club\/fr\/wp-json\/wp\/v2\/users\/2"}],"replies":[{"embeddable":true,"href":"https:\/\/rallyclassics.club\/fr\/wp-json\/wp\/v2\/comments?post=9253"}],"version-history":[{"count":40,"href":"https:\/\/rallyclassics.club\/fr\/wp-json\/wp\/v2\/pages\/9253\/revisions"}],"predecessor-version":[{"id":30282,"href":"https:\/\/rallyclassics.club\/fr\/wp-json\/wp\/v2\/pages\/9253\/revisions\/30282"}],"wp:attachment":[{"href":"https:\/\/rallyclassics.club\/fr\/wp-json\/wp\/v2\/media?parent=9253"}],"curies":[{"name":"wp","href":"https:\/\/api.w.org\/{rel}","templated":true}]}}