{"id":9302,"date":"2016-06-28T20:40:33","date_gmt":"2016-06-28T18:40:33","guid":{"rendered":"https:\/\/www.rallyclassics.club\/?page_id=9302"},"modified":"2021-06-22T17:17:20","modified_gmt":"2021-06-22T16:17:20","slug":"equipo","status":"publish","type":"page","link":"https:\/\/rallyclassics.club\/fr\/equipo\/","title":{"rendered":"\u00c9quipe"},"content":{"rendered":"<p><\/p>\n<h1 style=\"text-align: center;\">\u00c9quipe<\/h1>\n<p>Les membres de notre \u00e9quipe sont notre principal atout et le moteur qui travaille inlassablement pour offrir des exp\u00e9riences uniques aux participants, aux sponsors et au public pendant nos \u00e9preuves. Ils sont toujours \u00e0 votre disposition.<br \/>\n<div class=\"one_fourth\"><div class=\"person\"><img decoding=\"async\" class=\"person-img\" src=\"https:\/\/www.rallyclassics.club\/wp-content\/uploads\/alex_romani_rallyclassics.jpg\" alt=\"Alex Roman\u00ed\" \/><div class=\"person-desc\"><div class=\"person-author person-author-dark clearfix\"><div class=\"person-author-wrapper\"><span class=\"person-name\">Alex Roman\u00ed<\/span><span class=\"person-title\">Pr\u00e9sident<\/span><\/div><div class=\"clear\"><\/div><\/div><div class=\"person-content\"><\/div><\/div><\/div><\/div>\n<div class=\"one_fourth\"><div class=\"person\"><img decoding=\"async\" class=\"person-img\" src=\"https:\/\/www.rallyclassics.club\/wp-content\/uploads\/christian_gutierrez_rallyclassics.jpg\" alt=\"Christian Guti\u00e9rrez\" \/><div class=\"person-desc\"><div class=\"person-author person-author-dark clearfix\"><div class=\"person-author-wrapper\"><span class=\"person-name\">Christian Guti\u00e9rrez<\/span><span class=\"person-title\">Production et Logistique<\/span><\/div><div class=\"clear\"><\/div><\/div><div class=\"person-content\"><\/div><\/div><\/div><\/div>\n<div class=\"one_fourth\"><div class=\"person\"><img decoding=\"async\" class=\"person-img\" src=\"https:\/\/www.rallyclassics.club\/wp-content\/uploads\/tere_armadans_rallyclassics.jpg\" alt=\"Tere Armadans\" \/><div class=\"person-desc\"><div class=\"person-author person-author-dark clearfix\"><div class=\"person-author-wrapper\"><span class=\"person-name\">Tere Armadans<\/span><span class=\"person-title\">Administration<\/span><\/div><div class=\"clear\"><\/div><\/div><div class=\"person-content\"><\/div><\/div><\/div><\/div>\n<div class=\"one_fourth last\"><div class=\"person\"><img decoding=\"async\" class=\"person-img\" src=\"https:\/\/www.rallyclassics.club\/wp-content\/uploads\/ramon_garcia_rallyclassics.jpg\" alt=\"Ramon Garc\u00eda\" \/><div class=\"person-desc\"><div class=\"person-author person-author-dark clearfix\"><div class=\"person-author-wrapper\"><span class=\"person-name\">Ramon Garc\u00eda<\/span><span class=\"person-title\">Technologies<\/span><\/div><div class=\"clear\"><\/div><\/div><div class=\"person-content\"><\/div><\/div><\/div><\/div><div class=\"clearboth\"><\/div>\n<div class=\"one_fourth\"><div class=\"person\"><img decoding=\"async\" class=\"person-img\" src=\"https:\/\/www.rallyclassics.club\/wp-content\/uploads\/alex_romani_rivera_rallyclassics.jpg\" alt=\"Alex Roman\u00ed Jr.\" \/><div class=\"person-desc\"><div class=\"person-author person-author-dark clearfix\"><div class=\"person-author-wrapper\"><span class=\"person-name\">Alex Roman\u00ed Jr.<\/span><span class=\"person-title\">Speaker<\/span><\/div><div class=\"clear\"><\/div><\/div><div class=\"person-content\"><\/div><\/div><\/div><\/div>\n<div class=\"one_fourth\"><div class=\"person\"><img decoding=\"async\" class=\"person-img\" src=\"https:\/\/www.rallyclassics.club\/wp-content\/uploads\/isabel_romani_rallyclassics.jpg\" alt=\"Isabel Roman\u00ed\" \/><div class=\"person-desc\"><div class=\"person-author person-author-dark clearfix\"><div class=\"person-author-wrapper\"><span class=\"person-name\">Isabel Roman\u00ed<\/span><span class=\"person-title\">Stagiaire<\/span><\/div><div class=\"clear\"><\/div><\/div><div class=\"person-content\"><\/div><\/div><\/div><\/div>\n<div class=\"one_fourth\"><div class=\"person\"><img decoding=\"async\" class=\"person-img\" src=\"https:\/\/www.rallyclassics.club\/wp-content\/uploads\/sergi_blasco_rallyclassics.jpg\" alt=\"Sergi Blasco\" \/><div class=\"person-desc\"><div class=\"person-author person-author-dark clearfix\"><div class=\"person-author-wrapper\"><span class=\"person-name\">Sergi Blasco<\/span><span class=\"person-title\">Presse et Comunication<\/span><\/div><div class=\"clear\"><\/div><\/div><div class=\"person-content\"><\/div><\/div><\/div><\/div>\n<div class=\"one_fourth last\"><div class=\"person\"><img decoding=\"async\" class=\"person-img\" src=\"https:\/\/www.rallyclassics.club\/wp-content\/uploads\/maribel_x_rallyclassics.jpg\" alt=\"Maribel Alcaraz\" \/><div class=\"person-desc\"><div class=\"person-author person-author-dark clearfix\"><div class=\"person-author-wrapper\"><span class=\"person-name\">Maribel Alcaraz<\/span><span class=\"person-title\">Administration<\/span><\/div><div class=\"clear\"><\/div><\/div><div class=\"person-content\"><\/div><\/div><\/div><\/div><div class=\"clearboth\"><\/div>\n<div class=\"one_fourth\"><div class=\"person\"><img decoding=\"async\" class=\"person-img\" src=\"https:\/\/www.rallyclassics.club\/wp-content\/uploads\/jordi_parro_rallyclassics.jpg\" alt=\"Jordi Parro\" \/><div class=\"person-desc\"><div class=\"person-author person-author-dark clearfix\"><div class=\"person-author-wrapper\"><span class=\"person-name\">Jordi Parro<\/span><span class=\"person-title\">Technique sportif et roadbooks<\/span><\/div><div class=\"clear\"><\/div><\/div><div class=\"person-content\"><\/div><\/div><\/div><\/div>\n<div class=\"one_fourth\"><div class=\"person\"><img decoding=\"async\" class=\"person-img\" src=\"https:\/\/www.rallyclassics.club\/wp-content\/uploads\/anna_ferrer_rallyclassics.jpg\" alt=\"Anna Ferrer\" \/><div class=\"person-desc\"><div class=\"person-author person-author-dark clearfix\"><div class=\"person-author-wrapper\"><span class=\"person-name\">Anna Ferrer<\/span><span class=\"person-title\">Commisaire et secr\u00e9taire<\/span><\/div><div class=\"clear\"><\/div><\/div><div class=\"person-content\"><\/div><\/div><\/div><\/div>\n<div class=\"one_fourth\"><div class=\"person\"><img decoding=\"async\" class=\"person-img\" src=\"https:\/\/www.rallyclassics.club\/wp-content\/uploads\/manel_cabot_rallyclassics.jpg\" alt=\"Manel Cabot\" \/><div class=\"person-desc\"><div class=\"person-author person-author-dark clearfix\"><div class=\"person-author-wrapper\"><span class=\"person-name\">Manel Cabot<\/span><span class=\"person-title\">Filmmaker<\/span><\/div><div class=\"clear\"><\/div><\/div><div class=\"person-content\"><\/div><\/div><\/div><\/div>\n<div class=\"one_fourth last\"><div class=\"person\"><img decoding=\"async\" class=\"person-img\" src=\"https:\/\/www.rallyclassics.club\/wp-content\/uploads\/xina_rivera_rallyclassics.jpg\" alt=\"Xina Rivera\" \/><div class=\"person-desc\"><div class=\"person-author person-author-dark clearfix\"><div class=\"person-author-wrapper\"><span class=\"person-name\">Xina Rivera<\/span><span class=\"person-title\">Hospitality<\/span><\/div><div class=\"clear\"><\/div><\/div><div class=\"person-content\"><\/div><\/div><\/div><\/div><div class=\"clearboth\"><\/div><\/p>","protected":false},"excerpt":{"rendered":"<p>\u00c9quipe Les membres de notre \u00e9quipe sont notre principal atout et le moteur qui travaille inlassablement pour offrir des exp\u00e9riences uniques aux participants, aux sponsors et au public pendant nos [&#8230;]<\/p>\n","protected":false},"author":2,"featured_media":0,"parent":0,"menu_order":0,"comment_status":"closed","ping_status":"closed","template":"full-width.php","meta":{"om_disable_all_campaigns":false,"_monsterinsights_skip_tracking":false,"_monsterinsights_sitenote_active":false,"_monsterinsights_sitenote_note":"","_monsterinsights_sitenote_category":0,"footnotes":""},"class_list":["post-9302","page","type-page","status-publish","hentry"],"aioseo_notices":[],"_links":{"self":[{"href":"https:\/\/rallyclassics.club\/fr\/wp-json\/wp\/v2\/pages\/9302","targetHints":{"allow":["GET"]}}],"collection":[{"href":"https:\/\/rallyclassics.club\/fr\/wp-json\/wp\/v2\/pages"}],"about":[{"href":"https:\/\/rallyclassics.club\/fr\/wp-json\/wp\/v2\/types\/page"}],"author":[{"embeddable":true,"href":"https:\/\/rallyclassics.club\/fr\/wp-json\/wp\/v2\/users\/2"}],"replies":[{"embeddable":true,"href":"https:\/\/rallyclassics.club\/fr\/wp-json\/wp\/v2\/comments?post=9302"}],"version-history":[{"count":19,"href":"https:\/\/rallyclassics.club\/fr\/wp-json\/wp\/v2\/pages\/9302\/revisions"}],"predecessor-version":[{"id":28216,"href":"https:\/\/rallyclassics.club\/fr\/wp-json\/wp\/v2\/pages\/9302\/revisions\/28216"}],"wp:attachment":[{"href":"https:\/\/rallyclassics.club\/fr\/wp-json\/wp\/v2\/media?parent=9302"}],"curies":[{"name":"wp","href":"https:\/\/api.w.org\/{rel}","templated":true}]}}